{"id":859,"date":"2021-05-02T18:08:57","date_gmt":"2021-05-02T18:08:57","guid":{"rendered":"https:\/\/nordic-supreme.com\/acerca-de-nordic-supreme\/"},"modified":"2024-01-15T11:15:52","modified_gmt":"2024-01-15T11:15:52","slug":"acerca-de-nordic-supreme","status":"publish","type":"page","link":"https:\/\/nordic-supreme.com\/es\/acerca-de-nordic-supreme\/","title":{"rendered":"Acerca de Nordic Supreme"},"content":{"rendered":"\r\n<div id=\"twoColumn-block_6064647e0c236\" class=\"twoColumn\">\r\n\t<div class=\"container\">\r\n\t\t<div class=\"row\">\r\n\t\t\t<div class=\"col-12 col-lg-10 col-xl-8 offset-lg-1 offset-xl-2\">\r\n\t\t\t\t<div class=\"animateText\">\r\n\t\t\t\t\t\t\t\t\t\t\t<h2 class=\"twoColumn__title styleHeading1\">\r\n\t\t\t\t\t\t\tConozca a nuestro equipo de expertos\t\t\t\t\t\t<\/h2>\r\n\t\t\t\t\t\t\t\t\t\t<div class=\"twoColumn__text animateText\">\r\n\t\t\t\t\t\t<p>Somos un equipo fuerte, multidisciplinar y de investigaci\u00f3n con amplias competencias tanto en el procesamiento como en el cultivo del cannabis.  Trabajamos en estrecha colaboraci\u00f3n con consultores internacionales y productores de cannabis l\u00edderes en el mundo, y tenemos nuestra sede en Dinamarca. Nos centramos principalmente en el desarrollo de variedades de alto rendimiento para el cultivo profesional de cannabis y c\u00e1\u00f1amo.<\/p>\n<p>Nuestra inspiraci\u00f3n es el deseo de desarrollar variedades premium probadas y estables, y recopilar informaci\u00f3n de cultivo s\u00f3lida basada en datos para que nuestro asesoramiento sea lo m\u00e1s bueno y preciso posible para el fabricante individual.<\/p>\n\t\t\t\t\t<\/div>\r\n\t\t\t\t<\/div>\r\n\t\t\t\t\t\t\t\t\t<div class=\"twoColumn__image animateImage\">\r\n\t\t\t\t\t\t<img data-sizes=\"auto\" data-srcset=\"https:\/\/nordic-supreme.com\/wp-content\/uploads\/Nordic_Supreme_Team-1-300x130.jpg 300w, https:\/\/nordic-supreme.com\/wp-content\/uploads\/Nordic_Supreme_Team-1-1024x443.jpg 640w, https:\/\/nordic-supreme.com\/wp-content\/uploads\/Nordic_Supreme_Team-1-1536x665.jpg 1536w, https:\/\/nordic-supreme.com\/wp-content\/uploads\/Nordic_Supreme_Team-1-1900x822.jpg 1900w\" alt=\"\" class=\"lazyload\" data-expand=\"120\" \/>\t\t\t\t\t\t<div class=\"animateImage__mask animateImage__mask--light\"><\/div>\r\n\t\t\t\t\t<\/div>\r\n\t\t\t\t\t\t\t<\/div>\r\n\t\t<\/div>\r\n\t<\/div>\r\n<\/div>\n\n\r\n<div id=\"twoColumn-block_60646b51e1822\" class=\"twoColumn\">\r\n\t<div class=\"container\">\r\n\t\t<div class=\"row\">\r\n\t\t\t<div class=\"col-12 col-lg-10 col-xl-8 offset-lg-1 offset-xl-2\">\r\n\t\t\t\t<div class=\"animateText\">\r\n\t\t\t\t\t\t\t\t\t\t\t<h2 class=\"twoColumn__title styleHeading1\">\r\n\t\t\t\t\t\t\tHistoria de Nordic Supreme\t\t\t\t\t\t<\/h2>\r\n\t\t\t\t\t\t\t\t\t\t<div class=\"twoColumn__text animateText\">\r\n\t\t\t\t\t\t<p>Cuando Dinamarca se convirti\u00f3 en el primer pa\u00eds europeo en legalizar el cultivo de cannabis medicinal, identificamos la necesidad de desarrollar variedades modernas y profesionales que se adaptaran de manera \u00f3ptima a las condiciones de cultivo efectivas. Por lo tanto, hemos establecido una estaci\u00f3n de mejoramiento de primera categor\u00eda basada en las \u00faltimas teor\u00edas cient\u00edficas. La licencia de mejoramiento nos permite desarrollar y validar variedades en colaboraci\u00f3n con nuestro potente equipo multidisciplinar que cuenta con amplios conocimientos tanto en el perfeccionamiento como en el cultivo de cannabis.<\/p>\n<p>Venimos de una larga tradici\u00f3n de cultivo de cannabis, tomates y pepinos en invernaderos y, por tanto, sabemos todo lo que hay que saber sobre las necesidades de los productores para poder ofrecerles las mejores variedades y los consejos precisos.  Nuestra ambici\u00f3n es combinar el desarrollo de las mejores variedades de cannabis con un asesoramiento de gran calidad y precisi\u00f3n.<\/p>\n\t\t\t\t\t<\/div>\r\n\t\t\t\t<\/div>\r\n\t\t\t\t\t\t\t<\/div>\r\n\t\t<\/div>\r\n\t<\/div>\r\n<\/div>\n\n\r\n<div id=\"about-block_60646d63847a7\" class=\"about\">\r\n\t<div class=\"container\">\r\n\t\t<div class=\"row\">\r\n\t\t\t<div class=\"col-12 col-lg-10 col-xl-8 offset-lg-1 offset-xl-2\">\r\n\t\t\t\t<div class=\"about__inner\">\r\n\t\t\t\t\t<div class=\"about__inner__quote\">\r\n\t\t\t\t\t\t<div class=\"quote animateText\">\r\n\t\t\t\t\t\t\t<div class=\"quote__text\">\r\n\t\t\t\t\t\t\t\t<svg width=\"31px\" height=\"16px\" viewBox=\"0 0 31 16\" version=\"1.1\" xmlns=\"http:\/\/www.w3.org\/2000\/svg\" xmlns:xlink=\"http:\/\/www.w3.org\/1999\/xlink\">\r\n\t\t\t\t\t\t\t\t    <g id=\"Design\" stroke=\"none\" stroke-width=\"1\" fill=\"none\" fill-rule=\"evenodd\">\r\n\t\t\t\t\t\t\t\t        <g id=\"Research\" transform=\"translate(-971.000000, -2126.000000)\" fill=\"#F4CB64\" fill-rule=\"nonzero\">\r\n\t\t\t\t\t\t\t\t            <g id=\"Quote\" transform=\"translate(323.000000, 1879.000000)\">\r\n\t\t\t\t\t\t\t\t                <path d=\"M657.74,262.24 L661.16,247.12 L655.34,247.12 L648.86,262.24 L657.74,262.24 Z M671.66,262.24 L678.14,247.12 L669.32,247.12 L665.9,262.24 L671.66,262.24 Z\"><\/path>\r\n\t\t\t\t\t\t\t\t            <\/g>\r\n\t\t\t\t\t\t\t\t        <\/g>\r\n\t\t\t\t\t\t\t\t    <\/g>\r\n\t\t\t\t\t\t\t\t<\/svg>\r\n\t\t\t\t\t\t\t\t<p>Vemos que el de mejoramiento gen\u00e9tico legal es un gran nicho de mercado. Por el momento no hay genetistas legales en Europa, pero s\u00ed una gran demanda. Podemos desarrollar nuevas variedades con caracter\u00edsticas distintas a las existentes, y \u00a1es muy emocionante! Scandinavian Cannabis es una empresa nacida de forma global m\u00e1s o menos desde el principio, y ya tenemos contactos en Estados Unidos, Sudam\u00e9rica y Jordania.<\/p>\n\t\t\t\t\t\t\t<\/div>\r\n\t\t\t\t\t\t\t<div class=\"quoteNameWrap\">\r\n\t\t\t\t\t\t\t\t<div class=\"quoteNameWrap__inner\">\r\n\t\t\t\t\t\t\t\t\t<span class=\"quote__name\">Mads Ulrik Pedersen<\/span>\r\n\t\t\t\t\t\t\t\t\t<span class=\"quote__role\">Fundador de Nordic Supreme<\/span>\r\n\t\t\t\t\t\t\t\t<\/div>\r\n\t\t\t\t\t\t\t<\/div>\r\n\t\t\t\t\t\t<\/div>\r\n\t\t\t\t\t<\/div>\r\n\t\t\t\t\t<div class=\"about__inner__image animateImage\">\r\n\t\t\t\t\t\t<img data-src=\"https:\/\/nordic-supreme.com\/wp-content\/uploads\/Nordic_Supreme_Masd_Pedersen.jpg\" alt=\"\" class=\"lazyload\" data-expand=\"120\" \/>\t\t\t\t\t\t<div class=\"animateImage__mask\"><\/div>\r\n\t\t\t\t\t<\/div>\r\n\t\t\t\t<\/div>\r\n\t\t\t<\/div>\r\n\t\t<\/div>\r\n\t<\/div>\t\r\n<\/div>\n\n\r\n<div id=\"team-block_606478c456762\" class=\"team\">\r\n\t<div class=\"container\">\r\n\t\t<div class=\"row\">\r\n\t\t\t<div class=\"col-12 col-lg-10 col-xl-8 offset-lg-1 offset-xl-2\">\r\n\t\t\t\t<div class=\"team__title styleHeading1 animateText\">\r\n\t\t\t\t\t<h2>Equipo<\/h2>\r\n\t\t\t\t<\/div>\r\n\t\t\t\t<div class=\"row teamRow row-cols-sm-2 row-cols-md-3\">\r\n\t\t\t\t\t\t\t\t\t\t\t\t\t\t\t\t\t\t<div class=\"col-12\">\r\n\t\t\t\t\t\t\t\t<div class=\"team__single animateImage\">\r\n\t\t\t\t\t\t\t\t\t<div class=\"team__single__image\">\r\n\t\t\t\t\t\t\t\t\t\t<img data-sizes=\"auto\" data-srcset=\"https:\/\/nordic-supreme.com\/wp-content\/uploads\/Nordic_Supreme_Masd_Pedersen-257x300.jpg 257w, https:\/\/nordic-supreme.com\/wp-content\/uploads\/Nordic_Supreme_Masd_Pedersen.jpg 640w\" alt=\"Mads Ulrik Pedersen\" class=\"lazyload\" data-expand=\"120\" \/>\t\t\t\t\t\t\t\t\t<\/div>\r\n\t\t\t\t\t\t\t\t\t<div class=\"team__single__details\">\r\n\t\t\t\t\t\t\t\t\t\t<span class=\"team__single__details__name\">Mads Ulrik Pedersen<\/span>\r\n\t\t\t\t\t\t\t\t\t\t<span class=\"team__single__details__role\">Fundador <\/span>\r\n\t\t\t\t\t\t\t\t\t<\/div>\r\n\t\t\t\t\t\t\t\t\t<div class=\"animateImage__mask animateImage__mask--light\"><\/div>\r\n\t\t\t\t\t\t\t\t<\/div>\r\n\t\t\t\t\t\t\t<\/div>\r\n\t\t\t\t\t\t\t\t\t\t\t\t\t<div class=\"col-12\">\r\n\t\t\t\t\t\t\t\t<div class=\"team__single animateImage\">\r\n\t\t\t\t\t\t\t\t\t<div class=\"team__single__image\">\r\n\t\t\t\t\t\t\t\t\t\t<img data-sizes=\"auto\" data-srcset=\"https:\/\/nordic-supreme.com\/wp-content\/uploads\/Nordic_Supreme_Team_5-256x300.jpg 256w, https:\/\/nordic-supreme.com\/wp-content\/uploads\/Nordic_Supreme_Team_5.jpg 640w\" alt=\"Ulrich Hansen\" class=\"lazyload\" data-expand=\"120\" \/>\t\t\t\t\t\t\t\t\t<\/div>\r\n\t\t\t\t\t\t\t\t\t<div class=\"team__single__details\">\r\n\t\t\t\t\t\t\t\t\t\t<span class=\"team__single__details__name\">Ulrich Hansen<\/span>\r\n\t\t\t\t\t\t\t\t\t\t<span class=\"team__single__details__role\">Assistant Breeder<\/span>\r\n\t\t\t\t\t\t\t\t\t<\/div>\r\n\t\t\t\t\t\t\t\t\t<div class=\"animateImage__mask animateImage__mask--light\"><\/div>\r\n\t\t\t\t\t\t\t\t<\/div>\r\n\t\t\t\t\t\t\t<\/div>\r\n\t\t\t\t\t\t\t\t\t\t\t\t\t<div class=\"col-12\">\r\n\t\t\t\t\t\t\t\t<div class=\"team__single animateImage\">\r\n\t\t\t\t\t\t\t\t\t<div class=\"team__single__image\">\r\n\t\t\t\t\t\t\t\t\t\t<img data-sizes=\"auto\" data-srcset=\"https:\/\/nordic-supreme.com\/wp-content\/uploads\/Nordic_Supreme_Team_1-257x300.jpg 257w, https:\/\/nordic-supreme.com\/wp-content\/uploads\/Nordic_Supreme_Team_1.jpg 640w\" alt=\"Lars Sommer\" class=\"lazyload\" data-expand=\"120\" \/>\t\t\t\t\t\t\t\t\t<\/div>\r\n\t\t\t\t\t\t\t\t\t<div class=\"team__single__details\">\r\n\t\t\t\t\t\t\t\t\t\t<span class=\"team__single__details__name\">Lars Sommer<\/span>\r\n\t\t\t\t\t\t\t\t\t\t<span class=\"team__single__details__role\">Laboratory Manager<\/span>\r\n\t\t\t\t\t\t\t\t\t<\/div>\r\n\t\t\t\t\t\t\t\t\t<div class=\"animateImage__mask animateImage__mask--light\"><\/div>\r\n\t\t\t\t\t\t\t\t<\/div>\r\n\t\t\t\t\t\t\t<\/div>\r\n\t\t\t\t\t\t\t\t\t\t\t\t\t\t\t<\/div>\r\n\t\t\t<\/div>\r\n\t\t<\/div>\r\n\t<\/div>\r\n<\/div>\n\n\r\n<div id=\"subscribeBlock-block_6064744d847a8\" class=\"subscribeBlock\">\r\n\t<div class=\"container\">\r\n\t\t<div class=\"row\">\r\n\t\t\t<div class=\"col-12 col-lg-10 col-xl-8 offset-lg-1 offset-xl-2\">\r\n\t\t\t\t<div class=\"subscribe\">\r\n\t\t\t\t\t<form class=\"subscribe__form styleHeading1 animateText\" id='contactForm'>\r\n\t\t\t\t\t\t<h2>\u00bfNecesita inspiraci\u00f3n profesional?<\/h2>\n\t\t\t\t\t\t<div class=\"inputWrap\">\r\n\t\t\t\t\t\t\t<label for=\"name\">Nombre completo*<\/label>\r\n\t\t\t\t\t\t\t<input type=\"text\" name='name' id='name' required>\r\n\t\t\t\t\t\t<\/div>\r\n\t\t\t\t\t\t<div class=\"inputWrap\">\r\n\t\t\t\t\t\t\t<label for=\"email\">Correo electr\u00f3nico*<\/label>\r\n\t\t\t\t\t\t\t<input type=\"text\" name='email' id='email' required>\r\n\t\t\t\t\t\t<\/div>\r\n\t\t\t\t\t\t<div class=\"inputWrap\">\r\n\t\t\t\t\t\t\t<label for=\"firma\">Empresa*<\/label>\r\n\t\t\t\t\t\t\t<input type=\"text\" name='firma' id='firma' required>\r\n\t\t\t\t\t\t<\/div>\r\n\t\t\t\t\t\t<div class=\"inputWrap\">\r\n\t\t\t\t\t\t\t<label for=\"Address\">Direcci\u00f3n <\/label>\r\n\t\t\t\t\t\t\t<input type=\"text\" name='Address' id='Address'>\r\n\t\t\t\t\t\t<\/div>\r\n\t\t\t\t\t\t<div class=\"permission\">\r\n\t\t\t\t\t\t\t<svg class=\"inline-svg\">\r\n\t\t\t\t\t\t\t  <symbol id=\"check\" viewBox=\"0 0 12 10\">\r\n\t\t\t\t\t\t\t\t<polyline points=\"1.5 6 4.5 9 10.5 1\"><\/polyline>\r\n\t\t\t\t\t\t\t  <\/symbol>\r\n\t\t\t\t\t\t\t<\/svg>\r\n\t\t\t\t\t\t\t<input class=\"inp-cbx\" id=\"accept\" name='accept' type=\"checkbox\" required>\r\n\t\t\t\t\t\t\t<label class=\"cbx\" for=\"accept\">\r\n\t\t\t\t\t\t\t\t<span>\r\n\t\t\t\t\t\t\t\t\t<svg width=\"12px\" height=\"10px\">\r\n\t\t\t\t\t\t\t\t\t\t<use xlink:href=\"#check\"><\/use>\r\n\t\t\t\t\t\t\t\t\t<\/svg>\r\n\t\t\t\t\t\t\t\t<\/span>\r\n\t\t\t\t\t\t\t\t<span>\r\n\t\t\t\t\t\t\t\t\tAcepto la <a href=\"https:\/\/nordic-supreme.com\/persondatapolitik\/\" target='_blank'>pol\u00edtica de cookies<\/a>  y la pol\u00edtica de privacidad de Nordic Supreme\t\t\t\t\t\t\t\t<\/span>\r\n\t\t\t\t\t\t\t<\/label>\r\n\t\t\t\t\t\t<\/div>\r\n\t\t\t\t\t\t<div class=\"subscribe__form__button\">\r\n\t\t\t\t\t\t\t<button class=\"buttonRounded btn\"><span class=\"dot\"><\/span><span class=\"btn__inner\">Enviar<\/span><\/button>\r\n\t\t\t\t\t\t\t<div class=\"subscribe__form__button__message\">Mensaje enviado<\/div>\r\n\t\t\t\t\t\t<\/div>\r\n\t\t\t\t\t<\/form>\r\n\t\t\t\t\t<div class=\"subscribe__box\">\r\n\t\t\t\t\t\t<div class=\"subscribe__box__inner\">\r\n\t\t\t\t\t\t\t<h2>Contacta con nosotros directamente<\/h2>\n<p>P\u00f3ngase en contacto con nosotros y obtenga m\u00e1s informaci\u00f3n sobre c\u00f3mo podemos ayudarle a desarrollar su negocio.<\/p>\n<h4><\/h4>\t\t\t\t\t\t\t\t\t<div class=\"contactWrap\">\r\n\t\t\t\t\t\t\t\t\t\t<div><div class=\"boxImgWrap\"><svg width=\"22px\" height=\"16px\" viewBox=\"0 0 22 16\" version=\"1.1\" xmlns=\"http:\/\/www.w3.org\/2000\/svg\" xmlns:xlink=\"http:\/\/www.w3.org\/1999\/xlink\"> <g id=\"Symbols\" stroke=\"none\" stroke-width=\"1\" fill=\"none\" fill-rule=\"evenodd\"> <g id=\"Contact-form--\/-Hybrid\" transform=\"translate(-1087.000000, -411.000000)\" fill=\"#F4CB64\"> <g id=\"Contact-form\" transform=\"translate(323.000000, -11.000000)\"> <g id=\"Text\" transform=\"translate(759.000000, 159.000000)\"> <g id=\"Tools-\/-Technology-\/-email-\/-24\" transform=\"translate(4.000000, 259.000000)\"> <path d=\"M21,4.5 L3,4.5 C2.17157288,4.5 1.5,5.17157288 1.5,6 L1.5,18 C1.5,18.8284271 2.17157288,19.5 3,19.5 L21,19.5 C21.8284271,19.5 22.5,18.8284271 22.5,18 L22.5,6 C22.5,5.17157288 21.8284271,4.5 21,4.5 Z M19.35,6 L12,11.085 L4.65,6 L19.35,6 Z M3,18 L3,6.6825 L11.5725,12.615 C11.829596,12.7933553 12.170404,12.7933553 12.4275,12.615 L21,6.6825 L21,18 L3,18 Z\" id=\"Fill\"><\/path> <\/g> <\/g> <\/g> <\/g> <\/g> <\/svg><\/div><a href=\"mailto:info@nordic-supreme.com\">info@nordic-supreme.com<\/a><\/div><div><div class=\"boxImgWrap\"><svg width=\"12px\" height=\"20px\" viewBox=\"0 0 12 20\" version=\"1.1\" xmlns=\"http:\/\/www.w3.org\/2000\/svg\" xmlns:xlink=\"http:\/\/www.w3.org\/1999\/xlink\"> <g id=\"Symbols\" stroke=\"none\" stroke-width=\"1\" fill=\"none\" fill-rule=\"evenodd\"> <g id=\"Contact-form--\/-Hybrid\" transform=\"translate(-1092.000000, -441.000000)\" fill=\"#F4CB64\"> <g id=\"Contact-form\" transform=\"translate(323.000000, -11.000000)\"> <g id=\"Text\" transform=\"translate(759.000000, 159.000000)\"> <g id=\"Tools-\/-Technology-\/-email-\/-24-Copy\" transform=\"translate(4.000000, 290.000000)\"> <path d=\"M16.5,3 L7.5,3 C6.67191561,3.00082684 6.00082684,3.67191561 6,4.5 L6,21 C6.00082684,21.8280844 6.67191561,22.4991732 7.5,22.5 L16.5,22.5 C17.3279133,22.4987609 17.9987609,21.8279133 18,21 L18,4.5 C17.9991732,3.67191561 17.3280844,3.00082684 16.5,3 Z M16.5,4.5 L16.5,6 L7.5,6 L7.5,4.5 L16.5,4.5 Z M7.5,21 L7.5,7.5 L16.5,7.5 L16.5,21 L7.5,21 Z\" id=\"Fill\"><\/path> <\/g> <\/g> <\/g> <\/g> <\/g> <\/svg><\/div><a href=\"tel:+45 65 96 29 27\">+45 65 96 29 27<\/a><\/div>\t\t\t\t\t\t\t\t\t<\/div>\r\n\t\t\t\t\t\t\t\t\t\t\t\t\t\t<\/div>\r\n\t\t\t\t\t<\/div>\r\n\t\t\t\t<\/div>\r\n\t\t\t<\/div>\r\n\t\t<\/div>\r\n\t<\/div>\r\n<\/div>","protected":false},"excerpt":{"rendered":"","protected":false},"author":1,"featured_media":649,"parent":0,"menu_order":0,"comment_status":"closed","ping_status":"closed","template":"","meta":{"footnotes":""},"class_list":["post-859","page","type-page","status-publish","has-post-thumbnail","hentry"],"yoast_head":"<!-- This site is optimized with the Yoast SEO plugin v17.3 - https:\/\/yoast.com\/wordpress\/plugins\/seo\/ -->\n<title>Acerca de Nordic Supreme - Nordic Supreme<\/title>\n<meta name=\"description\" content=\"Somos un equipo fuerte, multidisciplinar y de investigaci\u00f3n con amplias competencias tanto en el procesamiento como en el cultivo del cannabis.\" \/>\n<meta name=\"robots\" content=\"index, follow, max-snippet:-1, max-image-preview:large, max-video-preview:-1\" \/>\n<link rel=\"canonical\" href=\"https:\/\/nordic-supreme.com\/es\/acerca-de-nordic-supreme\/\" \/>\n<meta property=\"og:locale\" content=\"es_ES\" \/>\n<meta property=\"og:type\" content=\"article\" \/>\n<meta property=\"og:title\" content=\"Acerca de Nordic Supreme - Nordic Supreme\" \/>\n<meta property=\"og:description\" content=\"Somos un equipo fuerte, multidisciplinar y de investigaci\u00f3n con amplias competencias tanto en el procesamiento como en el cultivo del cannabis.\" \/>\n<meta property=\"og:url\" content=\"https:\/\/nordic-supreme.com\/es\/acerca-de-nordic-supreme\/\" \/>\n<meta property=\"og:site_name\" content=\"Nordic Supreme\" \/>\n<meta property=\"article:modified_time\" content=\"2024-01-15T11:15:52+00:00\" \/>\n<meta property=\"og:image\" content=\"https:\/\/nordic-supreme.com\/wp-content\/uploads\/Nordic_Supreme_Collage_3.jpg\" \/>\n\t<meta property=\"og:image:width\" content=\"752\" \/>\n\t<meta property=\"og:image:height\" content=\"866\" \/>\n<meta name=\"twitter:card\" content=\"summary_large_image\" \/>\n<script type=\"application\/ld+json\" class=\"yoast-schema-graph\">{\"@context\":\"https:\/\/schema.org\",\"@graph\":[{\"@type\":\"WebSite\",\"@id\":\"https:\/\/nordic-supreme.com\/#website\",\"url\":\"https:\/\/nordic-supreme.com\/\",\"name\":\"Nordic Supreme\",\"description\":\"Professionel sparring til cannabis genetik\",\"potentialAction\":[{\"@type\":\"SearchAction\",\"target\":{\"@type\":\"EntryPoint\",\"urlTemplate\":\"https:\/\/nordic-supreme.com\/?s={search_term_string}\"},\"query-input\":\"required name=search_term_string\"}],\"inLanguage\":\"es\"},{\"@type\":\"ImageObject\",\"@id\":\"https:\/\/nordic-supreme.com\/es\/acerca-de-nordic-supreme\/#primaryimage\",\"inLanguage\":\"es\",\"url\":\"https:\/\/nordic-supreme.com\/wp-content\/uploads\/Nordic_Supreme_Collage_3.jpg\",\"contentUrl\":\"https:\/\/nordic-supreme.com\/wp-content\/uploads\/Nordic_Supreme_Collage_3.jpg\",\"width\":752,\"height\":866},{\"@type\":\"WebPage\",\"@id\":\"https:\/\/nordic-supreme.com\/es\/acerca-de-nordic-supreme\/#webpage\",\"url\":\"https:\/\/nordic-supreme.com\/es\/acerca-de-nordic-supreme\/\",\"name\":\"Acerca de Nordic Supreme - Nordic Supreme\",\"isPartOf\":{\"@id\":\"https:\/\/nordic-supreme.com\/#website\"},\"primaryImageOfPage\":{\"@id\":\"https:\/\/nordic-supreme.com\/es\/acerca-de-nordic-supreme\/#primaryimage\"},\"datePublished\":\"2021-05-02T18:08:57+00:00\",\"dateModified\":\"2024-01-15T11:15:52+00:00\",\"description\":\"Somos un equipo fuerte, multidisciplinar y de investigaci\\u00f3n con amplias competencias tanto en el procesamiento como en el cultivo del cannabis.\",\"breadcrumb\":{\"@id\":\"https:\/\/nordic-supreme.com\/es\/acerca-de-nordic-supreme\/#breadcrumb\"},\"inLanguage\":\"es\",\"potentialAction\":[{\"@type\":\"ReadAction\",\"target\":[\"https:\/\/nordic-supreme.com\/es\/acerca-de-nordic-supreme\/\"]}]},{\"@type\":\"BreadcrumbList\",\"@id\":\"https:\/\/nordic-supreme.com\/es\/acerca-de-nordic-supreme\/#breadcrumb\",\"itemListElement\":[{\"@type\":\"ListItem\",\"position\":1,\"name\":\"Portada\",\"item\":\"https:\/\/nordic-supreme.com\/es\/\"},{\"@type\":\"ListItem\",\"position\":2,\"name\":\"Acerca de Nordic Supreme\"}]}]}<\/script>\n<!-- \/ Yoast SEO plugin. -->","yoast_head_json":{"title":"Acerca de Nordic Supreme - Nordic Supreme","description":"Somos un equipo fuerte, multidisciplinar y de investigaci\u00f3n con amplias competencias tanto en el procesamiento como en el cultivo del cannabis.","robots":{"index":"index","follow":"follow","max-snippet":"max-snippet:-1","max-image-preview":"max-image-preview:large","max-video-preview":"max-video-preview:-1"},"canonical":"https:\/\/nordic-supreme.com\/es\/acerca-de-nordic-supreme\/","og_locale":"es_ES","og_type":"article","og_title":"Acerca de Nordic Supreme - Nordic Supreme","og_description":"Somos un equipo fuerte, multidisciplinar y de investigaci\u00f3n con amplias competencias tanto en el procesamiento como en el cultivo del cannabis.","og_url":"https:\/\/nordic-supreme.com\/es\/acerca-de-nordic-supreme\/","og_site_name":"Nordic Supreme","article_modified_time":"2024-01-15T11:15:52+00:00","og_image":[{"width":752,"height":866,"url":"https:\/\/nordic-supreme.com\/wp-content\/uploads\/Nordic_Supreme_Collage_3.jpg","type":"image\/jpeg"}],"twitter_card":"summary_large_image","schema":{"@context":"https:\/\/schema.org","@graph":[{"@type":"WebSite","@id":"https:\/\/nordic-supreme.com\/#website","url":"https:\/\/nordic-supreme.com\/","name":"Nordic Supreme","description":"Professionel sparring til cannabis genetik","potentialAction":[{"@type":"SearchAction","target":{"@type":"EntryPoint","urlTemplate":"https:\/\/nordic-supreme.com\/?s={search_term_string}"},"query-input":"required name=search_term_string"}],"inLanguage":"es"},{"@type":"ImageObject","@id":"https:\/\/nordic-supreme.com\/es\/acerca-de-nordic-supreme\/#primaryimage","inLanguage":"es","url":"https:\/\/nordic-supreme.com\/wp-content\/uploads\/Nordic_Supreme_Collage_3.jpg","contentUrl":"https:\/\/nordic-supreme.com\/wp-content\/uploads\/Nordic_Supreme_Collage_3.jpg","width":752,"height":866},{"@type":"WebPage","@id":"https:\/\/nordic-supreme.com\/es\/acerca-de-nordic-supreme\/#webpage","url":"https:\/\/nordic-supreme.com\/es\/acerca-de-nordic-supreme\/","name":"Acerca de Nordic Supreme - Nordic Supreme","isPartOf":{"@id":"https:\/\/nordic-supreme.com\/#website"},"primaryImageOfPage":{"@id":"https:\/\/nordic-supreme.com\/es\/acerca-de-nordic-supreme\/#primaryimage"},"datePublished":"2021-05-02T18:08:57+00:00","dateModified":"2024-01-15T11:15:52+00:00","description":"Somos un equipo fuerte, multidisciplinar y de investigaci\u00f3n con amplias competencias tanto en el procesamiento como en el cultivo del cannabis.","breadcrumb":{"@id":"https:\/\/nordic-supreme.com\/es\/acerca-de-nordic-supreme\/#breadcrumb"},"inLanguage":"es","potentialAction":[{"@type":"ReadAction","target":["https:\/\/nordic-supreme.com\/es\/acerca-de-nordic-supreme\/"]}]},{"@type":"BreadcrumbList","@id":"https:\/\/nordic-supreme.com\/es\/acerca-de-nordic-supreme\/#breadcrumb","itemListElement":[{"@type":"ListItem","position":1,"name":"Portada","item":"https:\/\/nordic-supreme.com\/es\/"},{"@type":"ListItem","position":2,"name":"Acerca de Nordic Supreme"}]}]}},"_links":{"self":[{"href":"https:\/\/nordic-supreme.com\/es\/wp-json\/wp\/v2\/pages\/859","targetHints":{"allow":["GET"]}}],"collection":[{"href":"https:\/\/nordic-supreme.com\/es\/wp-json\/wp\/v2\/pages"}],"about":[{"href":"https:\/\/nordic-supreme.com\/es\/wp-json\/wp\/v2\/types\/page"}],"author":[{"embeddable":true,"href":"https:\/\/nordic-supreme.com\/es\/wp-json\/wp\/v2\/users\/1"}],"replies":[{"embeddable":true,"href":"https:\/\/nordic-supreme.com\/es\/wp-json\/wp\/v2\/comments?post=859"}],"version-history":[{"count":18,"href":"https:\/\/nordic-supreme.com\/es\/wp-json\/wp\/v2\/pages\/859\/revisions"}],"predecessor-version":[{"id":1106,"href":"https:\/\/nordic-supreme.com\/es\/wp-json\/wp\/v2\/pages\/859\/revisions\/1106"}],"wp:featuredmedia":[{"embeddable":true,"href":"https:\/\/nordic-supreme.com\/es\/wp-json\/wp\/v2\/media\/649"}],"wp:attachment":[{"href":"https:\/\/nordic-supreme.com\/es\/wp-json\/wp\/v2\/media?parent=859"}],"curies":[{"name":"wp","href":"https:\/\/api.w.org\/{rel}","templated":true}]}}