{"id":857,"date":"2021-05-02T18:06:54","date_gmt":"2021-05-02T18:06:54","guid":{"rendered":"https:\/\/nordic-supreme.com\/noticias-y-prensa\/"},"modified":"2021-05-02T18:27:58","modified_gmt":"2021-05-02T18:27:58","slug":"noticias-y-prensa","status":"publish","type":"page","link":"https:\/\/nordic-supreme.com\/es\/noticias-y-prensa\/","title":{"rendered":"Noticias y prensa"},"content":{"rendered":"\r\n<div id=\"headerText-block_606572db2032f\" class=\"headerText headerText--regular\">\r\n\t<div class=\"container\">\r\n\t\t<div class=\"row\">\r\n\t\t\t<div class=\"col-12 col-lg-10 col-xl-8 offset-lg-1 offset-xl-2\">\r\n\t\t\t\t<div class=\"headerText__content animateText\">\r\n\t\t\t\t\t<h1>Noticias y prensa<\/h1>\r\n\t\t\t\t\t<div class=\"headerText__content__text\">\r\n\t\t\t\t\t\t\t\t\t\t\t\t\t\t\t\t\t\t\t<div class=\"headerText__content__text__right\">\r\n\t\t\t\t\t\t\t\t<p>P\u00f3ngase en contacto con nosotros si quiere informaci\u00f3n sobre gen\u00e9tica del cannabis o iniciativas relevantes para la industria: estamos listos para responder a sus preguntas. Ll\u00e1menos, o escr\u00edbanos a info@nordic-supreme.com <\/p>\n\t\t\t\t\t\t\t<\/div>\r\n\t\t\t\t\t\t\t\t\t\t\t<\/div>\r\n\t\t\t\t\t\t\t\t\t<\/div>\r\n\t\t\t<\/div>\r\n\t\t<\/div>\r\n\t<\/div>\r\n<\/div>\n\n<div id=\"pressMaterialWrap-block_60658754460dc\" class=\"pressMaterialWrap pressNoText\">\r\n\t<div class=\"container\">\r\n\t\t<div class=\"row\">\r\n\t\t\t<div class=\"col-12 col-lg-10 col-xl-8 offset-lg-1 offset-xl-2\">\r\n\t\t\t\t<div class=\"pressMaterial\">\r\n\t\t\t\t\t<div class=\"pressMaterial__title styleHeading1 animateText\"><h2>Material de prensa<\/h2><\/div>\r\n\t\t\t\t\t<div class=\"pressMaterial__row animateText\">\r\n\t\t\t\t\t\t<div class=\"pressMaterial__row__left\">\r\n\t\t\t\t\t\t\t\t\t\t\t\t\t<\/div>\r\n\t\t\t\t\t\t<div class=\"pressMaterial__row__right\">\r\n\t\t\t\t\t\t\t<h4>Logo<\/h4>\r\n\t\t\t\t\t\t\t<div class=\"pressLogoWrap\"><img decoding=\"async\" src=\"https:\/\/nordic-supreme.com\/wp-content\/uploads\/2021\/04\/Nordic_Supreme_Logo_Positive.svg\" alt=\"\" \/><\/div>\t\t\t\t\t\t\t<div class=\"pressMaterial__row__right__data\">\r\n\t\t\t\t\t\t\t\t<span class=\"logoFormat\">RGB + CMYK logo<\/span><a href=\"https:\/\/nordic-supreme.com\/wp-content\/uploads\/Nordic-Supreme-Logo.zip\" target=\"_blank\" download>Descargar<\/a>\t\t\t\t\t\t\t<\/div>\r\n\t\t\t\t\t\t<\/div>\r\n\t\t\t\t\t<\/div>\r\n\t\t\t\t\t\t\t\t\t<\/div>\r\n\t\t\t<\/div>\r\n\t\t<\/div>\r\n\t<\/div>\r\n<\/div>","protected":false},"excerpt":{"rendered":"","protected":false},"author":1,"featured_media":673,"parent":0,"menu_order":0,"comment_status":"closed","ping_status":"closed","template":"","meta":{"footnotes":""},"class_list":["post-857","page","type-page","status-publish","has-post-thumbnail","hentry"],"yoast_head":"<!-- This site is optimized with the Yoast SEO plugin v17.3 - https:\/\/yoast.com\/wordpress\/plugins\/seo\/ -->\n<title>Noticias y prensa - Nordic Supreme<\/title>\n<meta name=\"description\" content=\"P\u00f3ngase en contacto con nosotros si quiere informaci\u00f3n sobre gen\u00e9tica del cannabis o iniciativas relevantes para la industria: estamos listos para responder a sus preguntas. Ll\u00e1menos, o escr\u00edbanos a info@nordic-supreme.com\" \/>\n<meta name=\"robots\" content=\"index, follow, max-snippet:-1, max-image-preview:large, max-video-preview:-1\" \/>\n<link rel=\"canonical\" href=\"https:\/\/nordic-supreme.com\/es\/noticias-y-prensa\/\" \/>\n<meta property=\"og:locale\" content=\"es_ES\" \/>\n<meta property=\"og:type\" content=\"article\" \/>\n<meta property=\"og:title\" content=\"Noticias y prensa - Nordic Supreme\" \/>\n<meta property=\"og:description\" content=\"P\u00f3ngase en contacto con nosotros si quiere informaci\u00f3n sobre gen\u00e9tica del cannabis o iniciativas relevantes para la industria: estamos listos para responder a sus preguntas. Ll\u00e1menos, o escr\u00edbanos a info@nordic-supreme.com\" \/>\n<meta property=\"og:url\" content=\"https:\/\/nordic-supreme.com\/es\/noticias-y-prensa\/\" \/>\n<meta property=\"og:site_name\" content=\"Nordic Supreme\" \/>\n<meta property=\"article:modified_time\" content=\"2021-05-02T18:27:58+00:00\" \/>\n<meta property=\"og:image\" content=\"https:\/\/nordic-supreme.com\/wp-content\/uploads\/Nordic_Supreme_Genetik_2.jpg\" \/>\n\t<meta property=\"og:image:width\" content=\"1252\" \/>\n\t<meta property=\"og:image:height\" content=\"776\" \/>\n<meta name=\"twitter:card\" content=\"summary_large_image\" \/>\n<script type=\"application\/ld+json\" class=\"yoast-schema-graph\">{\"@context\":\"https:\/\/schema.org\",\"@graph\":[{\"@type\":\"WebSite\",\"@id\":\"https:\/\/nordic-supreme.com\/#website\",\"url\":\"https:\/\/nordic-supreme.com\/\",\"name\":\"Nordic Supreme\",\"description\":\"Professionel sparring til cannabis genetik\",\"potentialAction\":[{\"@type\":\"SearchAction\",\"target\":{\"@type\":\"EntryPoint\",\"urlTemplate\":\"https:\/\/nordic-supreme.com\/?s={search_term_string}\"},\"query-input\":\"required name=search_term_string\"}],\"inLanguage\":\"es\"},{\"@type\":\"ImageObject\",\"@id\":\"https:\/\/nordic-supreme.com\/es\/noticias-y-prensa\/#primaryimage\",\"inLanguage\":\"es\",\"url\":\"https:\/\/nordic-supreme.com\/wp-content\/uploads\/Nordic_Supreme_Genetik_2.jpg\",\"contentUrl\":\"https:\/\/nordic-supreme.com\/wp-content\/uploads\/Nordic_Supreme_Genetik_2.jpg\",\"width\":1252,\"height\":776},{\"@type\":\"WebPage\",\"@id\":\"https:\/\/nordic-supreme.com\/es\/noticias-y-prensa\/#webpage\",\"url\":\"https:\/\/nordic-supreme.com\/es\/noticias-y-prensa\/\",\"name\":\"Noticias y prensa - Nordic Supreme\",\"isPartOf\":{\"@id\":\"https:\/\/nordic-supreme.com\/#website\"},\"primaryImageOfPage\":{\"@id\":\"https:\/\/nordic-supreme.com\/es\/noticias-y-prensa\/#primaryimage\"},\"datePublished\":\"2021-05-02T18:06:54+00:00\",\"dateModified\":\"2021-05-02T18:27:58+00:00\",\"description\":\"P\\u00f3ngase en contacto con nosotros si quiere informaci\\u00f3n sobre gen\\u00e9tica del cannabis o iniciativas relevantes para la industria: estamos listos para responder a sus preguntas. Ll\\u00e1menos, o escr\\u00edbanos a info@nordic-supreme.com\",\"breadcrumb\":{\"@id\":\"https:\/\/nordic-supreme.com\/es\/noticias-y-prensa\/#breadcrumb\"},\"inLanguage\":\"es\",\"potentialAction\":[{\"@type\":\"ReadAction\",\"target\":[\"https:\/\/nordic-supreme.com\/es\/noticias-y-prensa\/\"]}]},{\"@type\":\"BreadcrumbList\",\"@id\":\"https:\/\/nordic-supreme.com\/es\/noticias-y-prensa\/#breadcrumb\",\"itemListElement\":[{\"@type\":\"ListItem\",\"position\":1,\"name\":\"Portada\",\"item\":\"https:\/\/nordic-supreme.com\/es\/\"},{\"@type\":\"ListItem\",\"position\":2,\"name\":\"Noticias y prensa\"}]}]}<\/script>\n<!-- \/ Yoast SEO plugin. -->","yoast_head_json":{"title":"Noticias y prensa - Nordic Supreme","description":"P\u00f3ngase en contacto con nosotros si quiere informaci\u00f3n sobre gen\u00e9tica del cannabis o iniciativas relevantes para la industria: estamos listos para responder a sus preguntas. Ll\u00e1menos, o escr\u00edbanos a info@nordic-supreme.com","robots":{"index":"index","follow":"follow","max-snippet":"max-snippet:-1","max-image-preview":"max-image-preview:large","max-video-preview":"max-video-preview:-1"},"canonical":"https:\/\/nordic-supreme.com\/es\/noticias-y-prensa\/","og_locale":"es_ES","og_type":"article","og_title":"Noticias y prensa - Nordic Supreme","og_description":"P\u00f3ngase en contacto con nosotros si quiere informaci\u00f3n sobre gen\u00e9tica del cannabis o iniciativas relevantes para la industria: estamos listos para responder a sus preguntas. Ll\u00e1menos, o escr\u00edbanos a info@nordic-supreme.com","og_url":"https:\/\/nordic-supreme.com\/es\/noticias-y-prensa\/","og_site_name":"Nordic Supreme","article_modified_time":"2021-05-02T18:27:58+00:00","og_image":[{"width":1252,"height":776,"url":"https:\/\/nordic-supreme.com\/wp-content\/uploads\/Nordic_Supreme_Genetik_2.jpg","type":"image\/jpeg"}],"twitter_card":"summary_large_image","schema":{"@context":"https:\/\/schema.org","@graph":[{"@type":"WebSite","@id":"https:\/\/nordic-supreme.com\/#website","url":"https:\/\/nordic-supreme.com\/","name":"Nordic Supreme","description":"Professionel sparring til cannabis genetik","potentialAction":[{"@type":"SearchAction","target":{"@type":"EntryPoint","urlTemplate":"https:\/\/nordic-supreme.com\/?s={search_term_string}"},"query-input":"required name=search_term_string"}],"inLanguage":"es"},{"@type":"ImageObject","@id":"https:\/\/nordic-supreme.com\/es\/noticias-y-prensa\/#primaryimage","inLanguage":"es","url":"https:\/\/nordic-supreme.com\/wp-content\/uploads\/Nordic_Supreme_Genetik_2.jpg","contentUrl":"https:\/\/nordic-supreme.com\/wp-content\/uploads\/Nordic_Supreme_Genetik_2.jpg","width":1252,"height":776},{"@type":"WebPage","@id":"https:\/\/nordic-supreme.com\/es\/noticias-y-prensa\/#webpage","url":"https:\/\/nordic-supreme.com\/es\/noticias-y-prensa\/","name":"Noticias y prensa - Nordic Supreme","isPartOf":{"@id":"https:\/\/nordic-supreme.com\/#website"},"primaryImageOfPage":{"@id":"https:\/\/nordic-supreme.com\/es\/noticias-y-prensa\/#primaryimage"},"datePublished":"2021-05-02T18:06:54+00:00","dateModified":"2021-05-02T18:27:58+00:00","description":"P\u00f3ngase en contacto con nosotros si quiere informaci\u00f3n sobre gen\u00e9tica del cannabis o iniciativas relevantes para la industria: estamos listos para responder a sus preguntas. Ll\u00e1menos, o escr\u00edbanos a info@nordic-supreme.com","breadcrumb":{"@id":"https:\/\/nordic-supreme.com\/es\/noticias-y-prensa\/#breadcrumb"},"inLanguage":"es","potentialAction":[{"@type":"ReadAction","target":["https:\/\/nordic-supreme.com\/es\/noticias-y-prensa\/"]}]},{"@type":"BreadcrumbList","@id":"https:\/\/nordic-supreme.com\/es\/noticias-y-prensa\/#breadcrumb","itemListElement":[{"@type":"ListItem","position":1,"name":"Portada","item":"https:\/\/nordic-supreme.com\/es\/"},{"@type":"ListItem","position":2,"name":"Noticias y prensa"}]}]}},"_links":{"self":[{"href":"https:\/\/nordic-supreme.com\/es\/wp-json\/wp\/v2\/pages\/857","targetHints":{"allow":["GET"]}}],"collection":[{"href":"https:\/\/nordic-supreme.com\/es\/wp-json\/wp\/v2\/pages"}],"about":[{"href":"https:\/\/nordic-supreme.com\/es\/wp-json\/wp\/v2\/types\/page"}],"author":[{"embeddable":true,"href":"https:\/\/nordic-supreme.com\/es\/wp-json\/wp\/v2\/users\/1"}],"replies":[{"embeddable":true,"href":"https:\/\/nordic-supreme.com\/es\/wp-json\/wp\/v2\/comments?post=857"}],"version-history":[{"count":3,"href":"https:\/\/nordic-supreme.com\/es\/wp-json\/wp\/v2\/pages\/857\/revisions"}],"predecessor-version":[{"id":878,"href":"https:\/\/nordic-supreme.com\/es\/wp-json\/wp\/v2\/pages\/857\/revisions\/878"}],"wp:featuredmedia":[{"embeddable":true,"href":"https:\/\/nordic-supreme.com\/es\/wp-json\/wp\/v2\/media\/673"}],"wp:attachment":[{"href":"https:\/\/nordic-supreme.com\/es\/wp-json\/wp\/v2\/media?parent=857"}],"curies":[{"name":"wp","href":"https:\/\/api.w.org\/{rel}","templated":true}]}}