{"id":852,"date":"2021-05-02T18:05:42","date_gmt":"2021-05-02T18:05:42","guid":{"rendered":"https:\/\/nordic-supreme.com\/formulario-de-contacto\/"},"modified":"2022-04-20T12:56:26","modified_gmt":"2022-04-20T12:56:26","slug":"formulario-de-contacto","status":"publish","type":"page","link":"https:\/\/nordic-supreme.com\/es\/formulario-de-contacto\/","title":{"rendered":"Formulario de contacto"},"content":{"rendered":"\r\n<div id=\"contact-block_60655ec047546\" class=\"contact\">\r\n\t<div class=\"container\">\r\n\t\t<div class=\"row\">\r\n\t\t\t<div class=\"col-12 col-lg-10 col-xl-8 offset-lg-1 offset-xl-2 animateText\">\r\n\t\t\t\t<div class='styleHeading1'><h1>P\u00f3ngase en contacto con nosotros y llevaremos las buenas ideas a la pr\u00e1ctica juntos<\/h1>\n<\/div>\r\n\t\t\t\t<div class=\"subscribe subscribeBlock\">\r\n\t\t\t\t\t<form class=\"subscribe__form styleHeading1\" id='contactForm'>\r\n\t\t\t\t\t\t<div class=\"inputWrap\">\r\n\t\t\t\t\t\t\t<label for=\"name\">Nombre completo*<\/label>\r\n\t\t\t\t\t\t\t<input type=\"text\" name='name' id='name' required \/>\r\n\t\t\t\t\t\t<\/div>\r\n\t\t\t\t\t\t<div class=\"inputWrap\">\r\n\t\t\t\t\t\t\t<label for=\"email\">Correo electr\u00f3nico*<\/label>\r\n\t\t\t\t\t\t\t<input type=\"text\" name='email' id='email' required \/>\r\n\t\t\t\t\t\t<\/div>\r\n\t\t\t\t\t\t<div class=\"inputWrap\">\r\n\t\t\t\t\t\t\t<label for=\"firma\">Empresa*<\/label>\r\n\t\t\t\t\t\t\t<input type=\"text\" name='firma' id='firma' required \/>\r\n\t\t\t\t\t\t<\/div>\r\n\t\t\t\t\t\t<div class=\"inputWrap\">\r\n\t\t\t\t\t\t\t<label for=\"Address\">Direcci\u00f3n <\/label>\r\n\t\t\t\t\t\t\t<input type=\"text\" name='Address' id='Address' \/>\r\n\t\t\t\t\t\t<\/div>\r\n\t\t\t\t\t\t<div class=\"inputWrap\">\r\n\t\t\t\t\t\t\t<label for=\"Besked\">Mensaje<\/label>\r\n\t\t\t\t\t\t\t<textarea name='Besked' id='Besked'><\/textarea>\r\n\t\t\t\t\t\t<\/div>\r\n\t\t\t\t\t\t<div class=\"permission\">\r\n\t\t\t\t\t\t\t<svg class=\"inline-svg\">\r\n\t\t\t\t\t\t\t  <symbol id=\"check\" viewBox=\"0 0 12 10\">\r\n\t\t\t\t\t\t\t\t<polyline points=\"1.5 6 4.5 9 10.5 1\"><\/polyline>\r\n\t\t\t\t\t\t\t  <\/symbol>\r\n\t\t\t\t\t\t\t<\/svg>\r\n\t\t\t\t\t\t\t<input class=\"inp-cbx\" id=\"accept\" type=\"checkbox\" name=\"accept\" required>\r\n\t\t\t\t\t\t\t<label class=\"cbx\" for=\"accept\">\r\n\t\t\t\t\t\t\t\t<span>\r\n\t\t\t\t\t\t\t\t\t<svg width=\"12px\" height=\"10px\">\r\n\t\t\t\t\t\t\t\t\t\t<use xlink:href=\"#check\"><\/use>\r\n\t\t\t\t\t\t\t\t\t<\/svg>\r\n\t\t\t\t\t\t\t\t<\/span>\r\n\t\t\t\t\t\t\t\t<span>\r\n\t\t\t\t\t\t\t\t\tAcepto la <a href=\"https:\/\/nordic-supreme.com\/persondatapolitik\/\" target='_blank'>pol\u00edtica de cookies<\/a>  y la pol\u00edtica de privacidad de Nordic Supreme\t\t\t\t\t\t\t\t<\/span>\r\n\t\t\t\t\t\t\t<\/label>\r\n\t\t\t\t\t\t<\/div>\r\n\t\t\t\t\t\t<div class=\"subscribe__form__button\">\r\n\t\t\t\t\t\t\t<button class=\"buttonRounded btn\"><span class=\"dot\"><\/span><span class=\"btn__inner\">Enviar<\/span><\/span><\/button>\r\n\t\t\t\t\t\t\t<div class=\"subscribe__form__button__message\">Mensaje enviado<\/div>\r\n\t\t\t\t\t\t<\/div>\r\n\t\t\t\t\t<\/form>\r\n\t\t\t\t\t<div class=\"subscribe__box\">\r\n\t\t\t\t\t\t<div class=\"subscribe__box__inner\">\r\n\t\t\t\t\t\t\t<div class=\"subscribe__box__inner__address\">\r\n\t\t\t\t\t\t\t\tNordic Supreme<br \/>\r\nAssensvej 217,<br \/>\r\n5250 Odense SV<a href=\"https:\/\/goo.gl\/maps\/zpE3opqmuM4oRsVJ9\" target=\"_blank\"><span>Obtener las direcciones<\/span><\/a>\t\t\t\t\t\t\t<\/div>\r\n\t\t\t\t\t\t\t\t\t\t\t\t\t\t<div class=\"contactWrap\">\r\n\t\t\t\t\t\t\t\t<div><div class=\"boxImgWrap\"><svg width=\"22px\" height=\"16px\" viewBox=\"0 0 22 16\" version=\"1.1\" xmlns=\"http:\/\/www.w3.org\/2000\/svg\" xmlns:xlink=\"http:\/\/www.w3.org\/1999\/xlink\"> <g id=\"Symbols\" stroke=\"none\" stroke-width=\"1\" fill=\"none\" fill-rule=\"evenodd\"> <g id=\"Contact-form--\/-Hybrid\" transform=\"translate(-1087.000000, -411.000000)\" fill=\"#F4CB64\"> <g id=\"Contact-form\" transform=\"translate(323.000000, -11.000000)\"> <g id=\"Text\" transform=\"translate(759.000000, 159.000000)\"> <g id=\"Tools-\/-Technology-\/-email-\/-24\" transform=\"translate(4.000000, 259.000000)\"> <path d=\"M21,4.5 L3,4.5 C2.17157288,4.5 1.5,5.17157288 1.5,6 L1.5,18 C1.5,18.8284271 2.17157288,19.5 3,19.5 L21,19.5 C21.8284271,19.5 22.5,18.8284271 22.5,18 L22.5,6 C22.5,5.17157288 21.8284271,4.5 21,4.5 Z M19.35,6 L12,11.085 L4.65,6 L19.35,6 Z M3,18 L3,6.6825 L11.5725,12.615 C11.829596,12.7933553 12.170404,12.7933553 12.4275,12.615 L21,6.6825 L21,18 L3,18 Z\" id=\"Fill\"><\/path> <\/g> <\/g> <\/g> <\/g> <\/g> <\/svg><\/div><a href=\"mailto:info@nordic-supreme.com\">info@nordic-supreme.com<\/a><\/div><div><div class=\"boxImgWrap\"><svg width=\"12px\" height=\"20px\" viewBox=\"0 0 12 20\" version=\"1.1\" xmlns=\"http:\/\/www.w3.org\/2000\/svg\" xmlns:xlink=\"http:\/\/www.w3.org\/1999\/xlink\"> <g id=\"Symbols\" stroke=\"none\" stroke-width=\"1\" fill=\"none\" fill-rule=\"evenodd\"> <g id=\"Contact-form--\/-Hybrid\" transform=\"translate(-1092.000000, -441.000000)\" fill=\"#F4CB64\"> <g id=\"Contact-form\" transform=\"translate(323.000000, -11.000000)\"> <g id=\"Text\" transform=\"translate(759.000000, 159.000000)\"> <g id=\"Tools-\/-Technology-\/-email-\/-24-Copy\" transform=\"translate(4.000000, 290.000000)\"> <path d=\"M16.5,3 L7.5,3 C6.67191561,3.00082684 6.00082684,3.67191561 6,4.5 L6,21 C6.00082684,21.8280844 6.67191561,22.4991732 7.5,22.5 L16.5,22.5 C17.3279133,22.4987609 17.9987609,21.8279133 18,21 L18,4.5 C17.9991732,3.67191561 17.3280844,3.00082684 16.5,3 Z M16.5,4.5 L16.5,6 L7.5,6 L7.5,4.5 L16.5,4.5 Z M7.5,21 L7.5,7.5 L16.5,7.5 L16.5,21 L7.5,21 Z\" id=\"Fill\"><\/path> <\/g> <\/g> <\/g> <\/g> <\/g> <\/svg><\/div><a href=\"tel:+45 65 96 29 27\">+45 65 96 29 27<\/a><\/div>\t\t\t\t\t\t\t<\/div>\r\n\t\t\t\t\t\t<\/div>\r\n\t\t\t\t\t<\/div>\r\n\t\t\t\t<\/div>\r\n\t\t\t<\/div>\r\n\t\t<\/div>\r\n\t<\/div>\r\n<\/div>\n\n\r\n<div id=\"imageFull-block_606562ab6c0ad\" class=\"imageFull\">\r\n\t<img data-sizes=\"auto\" data-srcset=\"https:\/\/nordic-supreme.com\/wp-content\/uploads\/Nordic_Supreme_Legal_cannabis-2-1024x374.jpg 640w, https:\/\/nordic-supreme.com\/wp-content\/uploads\/Nordic_Supreme_Legal_cannabis-2-1536x560.jpg 1536w, https:\/\/nordic-supreme.com\/wp-content\/uploads\/Nordic_Supreme_Legal_cannabis-2-1900x693.jpg 1900w\" alt=\"\" class=\"lazyload\" data-expand=\"120\" \/><\/div>","protected":false},"excerpt":{"rendered":"","protected":false},"author":1,"featured_media":670,"parent":0,"menu_order":0,"comment_status":"closed","ping_status":"closed","template":"","meta":{"footnotes":""},"class_list":["post-852","page","type-page","status-publish","has-post-thumbnail","hentry"],"yoast_head":"<!-- This site is optimized with the Yoast SEO plugin v17.3 - https:\/\/yoast.com\/wordpress\/plugins\/seo\/ -->\n<title>Formulario de contacto - Nordic Supreme<\/title>\n<meta name=\"description\" content=\"Nordic Supreme es una empresa de mejora gen\u00e9tica de cannabis 100 % legal y de m\u00e1xima profesionalidad que ofrece soluciones a medida para su situaci\u00f3n particular.\" \/>\n<meta name=\"robots\" content=\"index, follow, max-snippet:-1, max-image-preview:large, max-video-preview:-1\" \/>\n<link rel=\"canonical\" href=\"https:\/\/nordic-supreme.com\/es\/formulario-de-contacto\/\" \/>\n<meta property=\"og:locale\" content=\"es_ES\" \/>\n<meta property=\"og:type\" content=\"article\" \/>\n<meta property=\"og:title\" content=\"Formulario de contacto - Nordic Supreme\" \/>\n<meta property=\"og:description\" content=\"Nordic Supreme es una empresa de mejora gen\u00e9tica de cannabis 100 % legal y de m\u00e1xima profesionalidad que ofrece soluciones a medida para su situaci\u00f3n particular.\" \/>\n<meta property=\"og:url\" content=\"https:\/\/nordic-supreme.com\/es\/formulario-de-contacto\/\" \/>\n<meta property=\"og:site_name\" content=\"Nordic Supreme\" \/>\n<meta property=\"article:modified_time\" content=\"2022-04-20T12:56:26+00:00\" \/>\n<meta property=\"og:image\" content=\"https:\/\/nordic-supreme.com\/wp-content\/uploads\/Nordic_Supreme_Research_2.jpg\" \/>\n\t<meta property=\"og:image:width\" content=\"1248\" \/>\n\t<meta property=\"og:image:height\" content=\"776\" \/>\n<meta name=\"twitter:card\" content=\"summary_large_image\" \/>\n<script type=\"application\/ld+json\" class=\"yoast-schema-graph\">{\"@context\":\"https:\/\/schema.org\",\"@graph\":[{\"@type\":\"WebSite\",\"@id\":\"https:\/\/nordic-supreme.com\/#website\",\"url\":\"https:\/\/nordic-supreme.com\/\",\"name\":\"Nordic Supreme\",\"description\":\"Professionel sparring til cannabis genetik\",\"potentialAction\":[{\"@type\":\"SearchAction\",\"target\":{\"@type\":\"EntryPoint\",\"urlTemplate\":\"https:\/\/nordic-supreme.com\/?s={search_term_string}\"},\"query-input\":\"required name=search_term_string\"}],\"inLanguage\":\"es\"},{\"@type\":\"ImageObject\",\"@id\":\"https:\/\/nordic-supreme.com\/es\/formulario-de-contacto\/#primaryimage\",\"inLanguage\":\"es\",\"url\":\"https:\/\/nordic-supreme.com\/wp-content\/uploads\/Nordic_Supreme_Research_2.jpg\",\"contentUrl\":\"https:\/\/nordic-supreme.com\/wp-content\/uploads\/Nordic_Supreme_Research_2.jpg\",\"width\":1248,\"height\":776},{\"@type\":\"WebPage\",\"@id\":\"https:\/\/nordic-supreme.com\/es\/formulario-de-contacto\/#webpage\",\"url\":\"https:\/\/nordic-supreme.com\/es\/formulario-de-contacto\/\",\"name\":\"Formulario de contacto - Nordic Supreme\",\"isPartOf\":{\"@id\":\"https:\/\/nordic-supreme.com\/#website\"},\"primaryImageOfPage\":{\"@id\":\"https:\/\/nordic-supreme.com\/es\/formulario-de-contacto\/#primaryimage\"},\"datePublished\":\"2021-05-02T18:05:42+00:00\",\"dateModified\":\"2022-04-20T12:56:26+00:00\",\"description\":\"Nordic Supreme es una empresa de mejora gen\\u00e9tica de cannabis 100 % legal y de m\\u00e1xima profesionalidad que ofrece soluciones a medida para su situaci\\u00f3n particular.\",\"breadcrumb\":{\"@id\":\"https:\/\/nordic-supreme.com\/es\/formulario-de-contacto\/#breadcrumb\"},\"inLanguage\":\"es\",\"potentialAction\":[{\"@type\":\"ReadAction\",\"target\":[\"https:\/\/nordic-supreme.com\/es\/formulario-de-contacto\/\"]}]},{\"@type\":\"BreadcrumbList\",\"@id\":\"https:\/\/nordic-supreme.com\/es\/formulario-de-contacto\/#breadcrumb\",\"itemListElement\":[{\"@type\":\"ListItem\",\"position\":1,\"name\":\"Portada\",\"item\":\"https:\/\/nordic-supreme.com\/es\/\"},{\"@type\":\"ListItem\",\"position\":2,\"name\":\"Formulario de contacto\"}]}]}<\/script>\n<!-- \/ Yoast SEO plugin. -->","yoast_head_json":{"title":"Formulario de contacto - Nordic Supreme","description":"Nordic Supreme es una empresa de mejora gen\u00e9tica de cannabis 100 % legal y de m\u00e1xima profesionalidad que ofrece soluciones a medida para su situaci\u00f3n particular.","robots":{"index":"index","follow":"follow","max-snippet":"max-snippet:-1","max-image-preview":"max-image-preview:large","max-video-preview":"max-video-preview:-1"},"canonical":"https:\/\/nordic-supreme.com\/es\/formulario-de-contacto\/","og_locale":"es_ES","og_type":"article","og_title":"Formulario de contacto - Nordic Supreme","og_description":"Nordic Supreme es una empresa de mejora gen\u00e9tica de cannabis 100 % legal y de m\u00e1xima profesionalidad que ofrece soluciones a medida para su situaci\u00f3n particular.","og_url":"https:\/\/nordic-supreme.com\/es\/formulario-de-contacto\/","og_site_name":"Nordic Supreme","article_modified_time":"2022-04-20T12:56:26+00:00","og_image":[{"width":1248,"height":776,"url":"https:\/\/nordic-supreme.com\/wp-content\/uploads\/Nordic_Supreme_Research_2.jpg","type":"image\/jpeg"}],"twitter_card":"summary_large_image","schema":{"@context":"https:\/\/schema.org","@graph":[{"@type":"WebSite","@id":"https:\/\/nordic-supreme.com\/#website","url":"https:\/\/nordic-supreme.com\/","name":"Nordic Supreme","description":"Professionel sparring til cannabis genetik","potentialAction":[{"@type":"SearchAction","target":{"@type":"EntryPoint","urlTemplate":"https:\/\/nordic-supreme.com\/?s={search_term_string}"},"query-input":"required name=search_term_string"}],"inLanguage":"es"},{"@type":"ImageObject","@id":"https:\/\/nordic-supreme.com\/es\/formulario-de-contacto\/#primaryimage","inLanguage":"es","url":"https:\/\/nordic-supreme.com\/wp-content\/uploads\/Nordic_Supreme_Research_2.jpg","contentUrl":"https:\/\/nordic-supreme.com\/wp-content\/uploads\/Nordic_Supreme_Research_2.jpg","width":1248,"height":776},{"@type":"WebPage","@id":"https:\/\/nordic-supreme.com\/es\/formulario-de-contacto\/#webpage","url":"https:\/\/nordic-supreme.com\/es\/formulario-de-contacto\/","name":"Formulario de contacto - Nordic Supreme","isPartOf":{"@id":"https:\/\/nordic-supreme.com\/#website"},"primaryImageOfPage":{"@id":"https:\/\/nordic-supreme.com\/es\/formulario-de-contacto\/#primaryimage"},"datePublished":"2021-05-02T18:05:42+00:00","dateModified":"2022-04-20T12:56:26+00:00","description":"Nordic Supreme es una empresa de mejora gen\u00e9tica de cannabis 100 % legal y de m\u00e1xima profesionalidad que ofrece soluciones a medida para su situaci\u00f3n particular.","breadcrumb":{"@id":"https:\/\/nordic-supreme.com\/es\/formulario-de-contacto\/#breadcrumb"},"inLanguage":"es","potentialAction":[{"@type":"ReadAction","target":["https:\/\/nordic-supreme.com\/es\/formulario-de-contacto\/"]}]},{"@type":"BreadcrumbList","@id":"https:\/\/nordic-supreme.com\/es\/formulario-de-contacto\/#breadcrumb","itemListElement":[{"@type":"ListItem","position":1,"name":"Portada","item":"https:\/\/nordic-supreme.com\/es\/"},{"@type":"ListItem","position":2,"name":"Formulario de contacto"}]}]}},"_links":{"self":[{"href":"https:\/\/nordic-supreme.com\/es\/wp-json\/wp\/v2\/pages\/852","targetHints":{"allow":["GET"]}}],"collection":[{"href":"https:\/\/nordic-supreme.com\/es\/wp-json\/wp\/v2\/pages"}],"about":[{"href":"https:\/\/nordic-supreme.com\/es\/wp-json\/wp\/v2\/types\/page"}],"author":[{"embeddable":true,"href":"https:\/\/nordic-supreme.com\/es\/wp-json\/wp\/v2\/users\/1"}],"replies":[{"embeddable":true,"href":"https:\/\/nordic-supreme.com\/es\/wp-json\/wp\/v2\/comments?post=852"}],"version-history":[{"count":16,"href":"https:\/\/nordic-supreme.com\/es\/wp-json\/wp\/v2\/pages\/852\/revisions"}],"predecessor-version":[{"id":1064,"href":"https:\/\/nordic-supreme.com\/es\/wp-json\/wp\/v2\/pages\/852\/revisions\/1064"}],"wp:featuredmedia":[{"embeddable":true,"href":"https:\/\/nordic-supreme.com\/es\/wp-json\/wp\/v2\/media\/670"}],"wp:attachment":[{"href":"https:\/\/nordic-supreme.com\/es\/wp-json\/wp\/v2\/media?parent=852"}],"curies":[{"name":"wp","href":"https:\/\/api.w.org\/{rel}","templated":true}]}}