{"id":846,"date":"2021-05-02T18:02:11","date_gmt":"2021-05-02T18:02:11","guid":{"rendered":"https:\/\/nordic-supreme.com\/genetica\/"},"modified":"2021-05-10T19:28:17","modified_gmt":"2021-05-10T19:28:17","slug":"genetica","status":"publish","type":"page","link":"https:\/\/nordic-supreme.com\/es\/genetica\/","title":{"rendered":"Gen\u00e9tica"},"content":{"rendered":"\r\n<div id=\"twoColumn-block_60645b87521d4\" class=\"twoColumn\">\r\n\t<div class=\"container\">\r\n\t\t<div class=\"row\">\r\n\t\t\t<div class=\"col-12 col-lg-10 col-xl-8 offset-lg-1 offset-xl-2\">\r\n\t\t\t\t<div class=\"animateText\">\r\n\t\t\t\t\t\t\t\t\t\t\t<h1 class=\"twoColumn__title styleHeading1\">\r\n\t\t\t\t\t\t\tGen\u00e9tica y elecci\u00f3n de variedades\t\t\t\t\t\t<\/h1>\r\n\t\t\t\t\t\t\t\t\t\t<div class=\"twoColumn__text animateText\">\r\n\t\t\t\t\t\t<p>La elecci\u00f3n de la variedad es una de las decisiones m\u00e1s importantes que se toman durante la producci\u00f3n. A menudo es una elecci\u00f3n complicada basada en las recomendaciones del proveedor de variedades y las experiencias propias y de otras personas. La variedad debe adaptarse tanto a las condiciones de cultivo del establecimiento como a las variaciones estacionales, y tambi\u00e9n debe cumplir con los requisitos de la etapa de comercializaci\u00f3n.<\/p>\n<p>Debido a las limitaciones de la legislaci\u00f3n, el mejoramiento de variedades de cannabis se ha centrado en el cultivo en peque\u00f1os espacios cerrados y no se ha dirigido al cultivo en invernaderos modernos, raz\u00f3n por la cual las variedades existentes actualmente no se adaptan de manera \u00f3ptima a este tipo de cultivo.<\/p>\n<p>El perfeccionamiento de Nordic Supreme tiene este nuevo e interesante mercado como principal prioridad y trabaja con la mira puesta en el desarrollo de variedades que se adapten perfectamente a las condiciones de cultivo y cumplan con los requisitos de los productos de la industria profesional del cultivo legal.<\/p>\n<p>Elegir la variedad adecuada y recibir el asesoramiento correcto puede generar una gran mejora en el rendimiento de producci\u00f3n. La misi\u00f3n de Nordic Supreme es desarrollar las mejores variedades combinadas con el mejor asesoramiento.<\/p>\n\t\t\t\t\t<\/div>\r\n\t\t\t\t<\/div>\r\n\t\t\t\t\t\t\t<\/div>\r\n\t\t<\/div>\r\n\t<\/div>\r\n<\/div>\n\n\r\n<div id=\"imageFull-block_60815ed763478\" class=\"imageFull\">\r\n\t<img data-sizes=\"auto\" data-srcset=\"https:\/\/nordic-supreme.com\/wp-content\/uploads\/Nordic_Supreme_Legal_cannabis-2-1024x374.jpg 640w, https:\/\/nordic-supreme.com\/wp-content\/uploads\/Nordic_Supreme_Legal_cannabis-2-1536x560.jpg 1536w, https:\/\/nordic-supreme.com\/wp-content\/uploads\/Nordic_Supreme_Legal_cannabis-2-1900x693.jpg 1900w\" alt=\"\" class=\"lazyload\" data-expand=\"120\" \/><\/div>\n\n\r\n<div id=\"twoColumn-block_60815a6d63476\" class=\"twoColumn\">\r\n\t<div class=\"container\">\r\n\t\t<div class=\"row\">\r\n\t\t\t<div class=\"col-12 col-lg-10 col-xl-8 offset-lg-1 offset-xl-2\">\r\n\t\t\t\t<div class=\"animateText\">\r\n\t\t\t\t\t\t\t\t\t\t\t<h2 class=\"twoColumn__title styleHeading1\">\r\n\t\t\t\t\t\t\tTipos de variedades\t\t\t\t\t\t<\/h2>\r\n\t\t\t\t\t\t\t\t\t\t<div class=\"twoColumn__text animateText\">\r\n\t\t\t\t\t\t<p>Las variedades de cannabis pueden dividirse seg\u00fan si se reproducen vegetativamente (variedades clonadas) o por semillas (variedades de semilla). Las variedades vegetativas requieren m\u00e1s mano de obra al inicio del cultivo, y para conservar las plantas madre, pero proporcionan plantas muy homog\u00e9neas. Las variedades de semilla requieren menos trabajo, pero no son tan uniformes como las de reproducci\u00f3n vegetativa.<\/p>\n<p>Las variedades tambi\u00e9n se pueden dividir seg\u00fan si florecen cuando el d\u00eda dura menos de 12 horas (fotosensibles), y variedades que florecen independientemente de la duraci\u00f3n del d\u00eda (Auto flower). Las variedades fotosensibles se pueden propagar tanto de forma vegetativa como por semilla, mientras que las variedades Auto flower se reproducen \u00fanicamente con semillas.<\/p>\n<p>Nordic Supreme mejora la gen\u00e9tica de todas estas variedades, ya que todas tienen posibilidades interesantes. P\u00f3ngase en contacto con Nordic Supreme para obtener asesoramiento sobre los tipos de variedades y cu\u00e1les son las m\u00e1s adecuadas para su producci\u00f3n.<\/p>\n\t\t\t\t\t<\/div>\r\n\t\t\t\t<\/div>\r\n\t\t\t\t\t\t\t<\/div>\r\n\t\t<\/div>\r\n\t<\/div>\r\n<\/div>\n\n\r\n<div id=\"imageTextGrid-block_6083d17a63e98\" class=\"imageTextGrid\">\r\n\t<div class=\"container\">\r\n\t\t<div class=\"row\">\r\n\t\t\t<div class=\"col-12 col-lg-10 col-xl-8 offset-lg-1 offset-xl-2\">\r\n\t\t\t\t<div class=\"row row-cols-sm-2 imageTextGridRow\">\r\n\t\t\t\t\t\t\t\t\t\t\t\t\t\t\t\t\t\t<div class=\"col-12\">\r\n\t\t\t\t\t\t\t\t<div class=\"imageTextGrid__single\">\r\n\t\t\t\t\t\t\t\t\t<div class=\"imageTextGrid__single__image animateImage\">\r\n\t\t\t\t\t\t\t\t\t\t<img data-sizes=\"auto\" data-srcset=\"https:\/\/nordic-supreme.com\/wp-content\/uploads\/Nordic_Supreme_Genetik_1-300x186.jpg 300w, https:\/\/nordic-supreme.com\/wp-content\/uploads\/Nordic_Supreme_Genetik_1-1024x635.jpg 640w, https:\/\/nordic-supreme.com\/wp-content\/uploads\/Nordic_Supreme_Genetik_1.jpg 1252w, https:\/\/nordic-supreme.com\/wp-content\/uploads\/Nordic_Supreme_Genetik_1.jpg 1252w\" alt=\"\" class=\"lazyload\" data-expand=\"120\" \/>\t\t\t\t\t\t\t\t\t\t<div class=\"animateImage__mask animateImage__mask--light\"><\/div>\r\n\t\t\t\t\t\t\t\t\t<\/div>\r\n\t\t\t\t\t\t\t\t\t<div class=\"imageTextGrid__single__content animateText\">\r\n\t\t\t\t\t\t\t\t\t\t<h3>Gen\u00e9tica del cannabis<\/h3>\n<p>El cannabis se divide en muchos tipos seg\u00fan su efecto. Mejoramos todos los tipos importantes para mejorar sus propiedades de cultivo y los efectos m\u00e9dicos y recreativos. Estaremos encantados de asesorarle en la elecci\u00f3n de las variedades adecuadas.<\/p>\n\t\t\t\t\t\t\t\t\t<\/div>\r\n\t\t\t\t\t\t\t\t<\/div>\r\n\t\t\t\t\t\t\t<\/div>\r\n\t\t\t\t\t\t\t\t\t\t\t\t\t<div class=\"col-12\">\r\n\t\t\t\t\t\t\t\t<div class=\"imageTextGrid__single\">\r\n\t\t\t\t\t\t\t\t\t<div class=\"imageTextGrid__single__image animateImage\">\r\n\t\t\t\t\t\t\t\t\t\t<img data-sizes=\"auto\" data-srcset=\"https:\/\/nordic-supreme.com\/wp-content\/uploads\/Nordic_Supreme_radgivning-1-300x293.jpg 300w, https:\/\/nordic-supreme.com\/wp-content\/uploads\/Nordic_Supreme_radgivning-1-1024x999.jpg 640w, https:\/\/nordic-supreme.com\/wp-content\/uploads\/Nordic_Supreme_radgivning-1.jpg 1250w, https:\/\/nordic-supreme.com\/wp-content\/uploads\/Nordic_Supreme_radgivning-1-1107x1080.jpg 1107w\" alt=\"\" class=\"lazyload\" data-expand=\"120\" \/>\t\t\t\t\t\t\t\t\t\t<div class=\"animateImage__mask animateImage__mask--light\"><\/div>\r\n\t\t\t\t\t\t\t\t\t<\/div>\r\n\t\t\t\t\t\t\t\t\t<div class=\"imageTextGrid__single__content animateText\">\r\n\t\t\t\t\t\t\t\t\t\t<h3>Gen\u00e9tica del c\u00e1\u00f1amo<\/h3>\n<p>Nos esforzamos por maximizar el contenido en CBD y minimizar el contenido en THC del c\u00e1\u00f1amo que perfeccionamos y al mismo tiempo optimizar el rendimiento de las flores secas. El perfeccionamiento est\u00e1 destinado al cultivo de c\u00e1\u00f1amo tanto en invernaderos como en campo abierto.<\/p>\n\t\t\t\t\t\t\t\t\t<\/div>\r\n\t\t\t\t\t\t\t\t<\/div>\r\n\t\t\t\t\t\t\t<\/div>\r\n\t\t\t\t\t\t\t\t\t\t\t\t\t\t\t<\/div>\r\n\t\t\t<\/div>\r\n\t\t<\/div>\r\n\t<\/div>\r\n<\/div>\n\n\r\n<div id=\"productOverviewBlock-block_6083cc66e200c\" class=\"productOverviewBlock\">\r\n\t<div class=\"container\">\r\n\t\t<div class=\"row\">\r\n\t\t\t<div class='col-12 col-lg-10 col-xl-8 offset-lg-1 offset-xl-2'>\r\n\t\t\t\t<div class=\"productOverviewBlock__text animateText\">\r\n\t\t\t\t\t<h1>Visi\u00f3n general del surtido, variedades clon<\/h1>\n<h2>Variedades de THC<\/h2>\n<p>Las variedades THC se dividen en Sativa dominante, Indica dominante y Ex\u00f3ticas. La variedad Sativa dominante suele tener un efecto vigorizante, mientras que la Indica dominante tiene un efecto calmante. Las variedades ex\u00f3ticas se suelen distinguir por sus propiedades sensoriales extraordinariamente buenas.<\/p>\n\t\t\t\t<\/div>\r\n\t\t\t\t<div class=\"productOverviewBlock__list\">\r\n\t\t\t\t\t\t\t\t\t\t\t\t\t\t\t\t\t\t<div class=\"productOverview animateText\">\r\n\t\t\t\t\t\t\t\t<h2>Sativa dominante<\/h2>\r\n\t\t\t\t\t\t\t\t\t\t\t\t\t\t\t\t\t<div class=\"productOverview__row row row-cols-sm-2 row-cols-lg-3 \">\r\n\t\t\t\t\t\t\t\t\t\t\t\t\t\t\t\t\t\t\t\t\t<div class=\"col-12\">\r\n\t\t\t\t\t\t\t\t\t\t\t\t<div class=\"productOverviewSingle\">\r\n\t\t\t\t\t\t\t\t\t\t\t\t\t<h4>Hazes<\/h4>\n\t\t\t\t\t\t\t\t\t\t\t\t<\/div>\r\n\t\t\t\t\t\t\t\t\t\t\t<\/div>\r\n\t\t\t\t\t\t\t\t\t\t\t\t\t\t\t\t\t\t\t\t\t<div class=\"col-12\">\r\n\t\t\t\t\t\t\t\t\t\t\t\t<div class=\"productOverviewSingle\">\r\n\t\t\t\t\t\t\t\t\t\t\t\t\t<h4>Diesels<\/h4>\n\t\t\t\t\t\t\t\t\t\t\t\t<\/div>\r\n\t\t\t\t\t\t\t\t\t\t\t<\/div>\r\n\t\t\t\t\t\t\t\t\t\t\t\t\t\t\t\t\t\t\t\t\t<div class=\"col-12\">\r\n\t\t\t\t\t\t\t\t\t\t\t\t<div class=\"productOverviewSingle\">\r\n\t\t\t\t\t\t\t\t\t\t\t\t\t<h4>Blues<\/h4>\n\t\t\t\t\t\t\t\t\t\t\t\t<\/div>\r\n\t\t\t\t\t\t\t\t\t\t\t<\/div>\r\n\t\t\t\t\t\t\t\t\t\t\t\t\t\t\t\t\t\t\t\t\t<div class=\"col-12\">\r\n\t\t\t\t\t\t\t\t\t\t\t\t<div class=\"productOverviewSingle\">\r\n\t\t\t\t\t\t\t\t\t\t\t\t\t<h4>Oranges<\/h4>\n\t\t\t\t\t\t\t\t\t\t\t\t<\/div>\r\n\t\t\t\t\t\t\t\t\t\t\t<\/div>\r\n\t\t\t\t\t\t\t\t\t\t\t\t\t\t\t\t\t\t\t\t\t<div class=\"col-12\">\r\n\t\t\t\t\t\t\t\t\t\t\t\t<div class=\"productOverviewSingle\">\r\n\t\t\t\t\t\t\t\t\t\t\t\t\t<h4>Whites<\/h4>\n\t\t\t\t\t\t\t\t\t\t\t\t<\/div>\r\n\t\t\t\t\t\t\t\t\t\t\t<\/div>\r\n\t\t\t\t\t\t\t\t\t\t\t\t\t\t\t\t\t\t\t<\/div>\r\n\t\t\t\t\t\t\t\t\t\t\t\t\t\t\t<\/div>\r\n\t\t\t\t\t\t\t\t\t\t\t\t\t<div class=\"productOverview animateText\">\r\n\t\t\t\t\t\t\t\t<h2>Indica dominante<\/h2>\r\n\t\t\t\t\t\t\t\t\t\t\t\t\t\t\t\t\t<div class=\"productOverview__row row row-cols-sm-2 row-cols-lg-3 \">\r\n\t\t\t\t\t\t\t\t\t\t\t\t\t\t\t\t\t\t\t\t\t<div class=\"col-12\">\r\n\t\t\t\t\t\t\t\t\t\t\t\t<div class=\"productOverviewSingle\">\r\n\t\t\t\t\t\t\t\t\t\t\t\t\t<h4>Kushes<\/h4>\n\t\t\t\t\t\t\t\t\t\t\t\t<\/div>\r\n\t\t\t\t\t\t\t\t\t\t\t<\/div>\r\n\t\t\t\t\t\t\t\t\t\t\t\t\t\t\t\t\t\t\t\t\t<div class=\"col-12\">\r\n\t\t\t\t\t\t\t\t\t\t\t\t<div class=\"productOverviewSingle\">\r\n\t\t\t\t\t\t\t\t\t\t\t\t\t<h4>Skunks<\/h4>\n\t\t\t\t\t\t\t\t\t\t\t\t<\/div>\r\n\t\t\t\t\t\t\t\t\t\t\t<\/div>\r\n\t\t\t\t\t\t\t\t\t\t\t\t\t\t\t\t\t\t\t\t\t<div class=\"col-12\">\r\n\t\t\t\t\t\t\t\t\t\t\t\t<div class=\"productOverviewSingle\">\r\n\t\t\t\t\t\t\t\t\t\t\t\t\t<h4>Afghans<\/h4>\n\t\t\t\t\t\t\t\t\t\t\t\t<\/div>\r\n\t\t\t\t\t\t\t\t\t\t\t<\/div>\r\n\t\t\t\t\t\t\t\t\t\t\t\t\t\t\t\t\t\t\t<\/div>\r\n\t\t\t\t\t\t\t\t\t\t\t\t\t\t\t<\/div>\r\n\t\t\t\t\t\t\t\t\t\t\t\t\t<div class=\"productOverview animateText\">\r\n\t\t\t\t\t\t\t\t<h2>Exotic Hybrids<\/h2>\r\n\t\t\t\t\t\t\t\t\t\t\t\t\t\t\t\t\t<div class=\"productOverview__row row row-cols-sm-2 row-cols-lg-3 \">\r\n\t\t\t\t\t\t\t\t\t\t\t\t\t\t\t\t\t\t\t\t\t<div class=\"col-12\">\r\n\t\t\t\t\t\t\t\t\t\t\t\t<div class=\"productOverviewSingle\">\r\n\t\t\t\t\t\t\t\t\t\t\t\t\t<h4>Cookies<\/h4>\n\t\t\t\t\t\t\t\t\t\t\t\t<\/div>\r\n\t\t\t\t\t\t\t\t\t\t\t<\/div>\r\n\t\t\t\t\t\t\t\t\t\t\t\t\t\t\t\t\t\t\t<\/div>\r\n\t\t\t\t\t\t\t\t\t\t\t\t\t\t\t<\/div>\r\n\t\t\t\t\t\t\t\t\t\t\t\t\t<div class=\"productOverview animateText\">\r\n\t\t\t\t\t\t\t\t<h2>CBD-varieties<\/h2>\r\n\t\t\t\t\t\t\t\t\t\t\t\t\t\t\t\t\t<div class=\"productOverview__row row row-cols-sm-2 row-cols-lg-3 \">\r\n\t\t\t\t\t\t\t\t\t\t\t\t\t\t\t\t\t\t\t\t\t<div class=\"col-12\">\r\n\t\t\t\t\t\t\t\t\t\t\t\t<div class=\"productOverviewSingle\">\r\n\t\t\t\t\t\t\t\t\t\t\t\t\t<h4>Balanced 1:1<\/h4>\n\t\t\t\t\t\t\t\t\t\t\t\t<\/div>\r\n\t\t\t\t\t\t\t\t\t\t\t<\/div>\r\n\t\t\t\t\t\t\t\t\t\t\t\t\t\t\t\t\t\t\t\t\t<div class=\"col-12\">\r\n\t\t\t\t\t\t\t\t\t\t\t\t<div class=\"productOverviewSingle\">\r\n\t\t\t\t\t\t\t\t\t\t\t\t\t<h4>Balanced 2:1<\/h4>\n\t\t\t\t\t\t\t\t\t\t\t\t<\/div>\r\n\t\t\t\t\t\t\t\t\t\t\t<\/div>\r\n\t\t\t\t\t\t\t\t\t\t\t\t\t\t\t\t\t\t\t\t\t<div class=\"col-12\">\r\n\t\t\t\t\t\t\t\t\t\t\t\t<div class=\"productOverviewSingle\">\r\n\t\t\t\t\t\t\t\t\t\t\t\t\t<h4>Balanced 1:2<\/h4>\n\t\t\t\t\t\t\t\t\t\t\t\t<\/div>\r\n\t\t\t\t\t\t\t\t\t\t\t<\/div>\r\n\t\t\t\t\t\t\t\t\t\t\t\t\t\t\t\t\t\t\t\t\t<div class=\"col-12\">\r\n\t\t\t\t\t\t\t\t\t\t\t\t<div class=\"productOverviewSingle\">\r\n\t\t\t\t\t\t\t\t\t\t\t\t\t<h4>Hemp 1:0<\/h4>\n\t\t\t\t\t\t\t\t\t\t\t\t<\/div>\r\n\t\t\t\t\t\t\t\t\t\t\t<\/div>\r\n\t\t\t\t\t\t\t\t\t\t\t\t\t\t\t\t\t\t\t<\/div>\r\n\t\t\t\t\t\t\t\t\t\t\t\t\t\t\t<\/div>\r\n\t\t\t\t\t\t\t\t\t\t\t\t\t\t\t<\/div>\r\n\t\t\t\t\t\t\t\t\t<div class=\"productOverviewBlock__disclaimer animateText\">\r\n\t\t\t\t\t\t<p>Disclaimer:<\/p>\n<p>Nordic Supremes descriptions, illustrations, growing advices and any other information in whatever form for example on sowing, planting, and harvesting dates are based as precisely as possible on experiences in trials and in practice. However, Nordic Supremes does not accept in any case liability for damages resulting from the use of such descriptions, illustrations, growing advices and information. The buyer\/user itself is responsible to determine whether the products and growing advices are suitable to be used for the intended cultivations and under the local conditions.<\/p>\n\t\t\t\t\t<\/div>\r\n\t\t\t\t\t\t\t<\/div>\r\n\t\t<\/div>\t\t\r\n\t<\/div>\r\n<\/div>\n\n\r\n<div id=\"subscribeBlock-block_60645ba3521d5\" class=\"subscribeBlock\">\r\n\t<div class=\"container\">\r\n\t\t<div class=\"row\">\r\n\t\t\t<div class=\"col-12 col-lg-10 col-xl-8 offset-lg-1 offset-xl-2\">\r\n\t\t\t\t<div class=\"subscribe\">\r\n\t\t\t\t\t<form class=\"subscribe__form styleHeading1 animateText\" id='contactForm'>\r\n\t\t\t\t\t\t<h2>\u00bfNecesita inspiraci\u00f3n profesional?<\/h2>\n\t\t\t\t\t\t<div class=\"inputWrap\">\r\n\t\t\t\t\t\t\t<label for=\"name\">Nombre completo*<\/label>\r\n\t\t\t\t\t\t\t<input type=\"text\" name='name' id='name' required>\r\n\t\t\t\t\t\t<\/div>\r\n\t\t\t\t\t\t<div class=\"inputWrap\">\r\n\t\t\t\t\t\t\t<label for=\"email\">Correo electr\u00f3nico*<\/label>\r\n\t\t\t\t\t\t\t<input type=\"text\" name='email' id='email' required>\r\n\t\t\t\t\t\t<\/div>\r\n\t\t\t\t\t\t<div class=\"inputWrap\">\r\n\t\t\t\t\t\t\t<label for=\"firma\">Empresa*<\/label>\r\n\t\t\t\t\t\t\t<input type=\"text\" name='firma' id='firma' required>\r\n\t\t\t\t\t\t<\/div>\r\n\t\t\t\t\t\t<div class=\"inputWrap\">\r\n\t\t\t\t\t\t\t<label for=\"Address\">Direcci\u00f3n <\/label>\r\n\t\t\t\t\t\t\t<input type=\"text\" name='Address' id='Address'>\r\n\t\t\t\t\t\t<\/div>\r\n\t\t\t\t\t\t<div class=\"permission\">\r\n\t\t\t\t\t\t\t<svg class=\"inline-svg\">\r\n\t\t\t\t\t\t\t  <symbol id=\"check\" viewBox=\"0 0 12 10\">\r\n\t\t\t\t\t\t\t\t<polyline points=\"1.5 6 4.5 9 10.5 1\"><\/polyline>\r\n\t\t\t\t\t\t\t  <\/symbol>\r\n\t\t\t\t\t\t\t<\/svg>\r\n\t\t\t\t\t\t\t<input class=\"inp-cbx\" id=\"accept\" name='accept' type=\"checkbox\" required>\r\n\t\t\t\t\t\t\t<label class=\"cbx\" for=\"accept\">\r\n\t\t\t\t\t\t\t\t<span>\r\n\t\t\t\t\t\t\t\t\t<svg width=\"12px\" height=\"10px\">\r\n\t\t\t\t\t\t\t\t\t\t<use xlink:href=\"#check\"><\/use>\r\n\t\t\t\t\t\t\t\t\t<\/svg>\r\n\t\t\t\t\t\t\t\t<\/span>\r\n\t\t\t\t\t\t\t\t<span>\r\n\t\t\t\t\t\t\t\t\tAcepto la <a href=\"https:\/\/nordic-supreme.com\/persondatapolitik\/\" target='_blank'>pol\u00edtica de cookies<\/a>  y la pol\u00edtica de privacidad de Nordic Supreme\t\t\t\t\t\t\t\t<\/span>\r\n\t\t\t\t\t\t\t<\/label>\r\n\t\t\t\t\t\t<\/div>\r\n\t\t\t\t\t\t<div class=\"subscribe__form__button\">\r\n\t\t\t\t\t\t\t<button class=\"buttonRounded btn\"><span class=\"dot\"><\/span><span class=\"btn__inner\">Enviar<\/span><\/button>\r\n\t\t\t\t\t\t\t<div class=\"subscribe__form__button__message\">Mensaje enviado<\/div>\r\n\t\t\t\t\t\t<\/div>\r\n\t\t\t\t\t<\/form>\r\n\t\t\t\t\t<div class=\"subscribe__box\">\r\n\t\t\t\t\t\t<div class=\"subscribe__box__inner\">\r\n\t\t\t\t\t\t\t<h2>Contacta con nosotros directamente<\/h2>\n<p>P\u00f3ngase en contacto con nosotros y obtenga m\u00e1s informaci\u00f3n sobre c\u00f3mo podemos ayudarle a desarrollar su negocio.<\/p>\n<h4><\/h4>\t\t\t\t\t\t\t\t\t<div class=\"contactWrap\">\r\n\t\t\t\t\t\t\t\t\t\t<div><div class=\"boxImgWrap\"><svg width=\"22px\" height=\"16px\" viewBox=\"0 0 22 16\" version=\"1.1\" xmlns=\"http:\/\/www.w3.org\/2000\/svg\" xmlns:xlink=\"http:\/\/www.w3.org\/1999\/xlink\"> <g id=\"Symbols\" stroke=\"none\" stroke-width=\"1\" fill=\"none\" fill-rule=\"evenodd\"> <g id=\"Contact-form--\/-Hybrid\" transform=\"translate(-1087.000000, -411.000000)\" fill=\"#F4CB64\"> <g id=\"Contact-form\" transform=\"translate(323.000000, -11.000000)\"> <g id=\"Text\" transform=\"translate(759.000000, 159.000000)\"> <g id=\"Tools-\/-Technology-\/-email-\/-24\" transform=\"translate(4.000000, 259.000000)\"> <path d=\"M21,4.5 L3,4.5 C2.17157288,4.5 1.5,5.17157288 1.5,6 L1.5,18 C1.5,18.8284271 2.17157288,19.5 3,19.5 L21,19.5 C21.8284271,19.5 22.5,18.8284271 22.5,18 L22.5,6 C22.5,5.17157288 21.8284271,4.5 21,4.5 Z M19.35,6 L12,11.085 L4.65,6 L19.35,6 Z M3,18 L3,6.6825 L11.5725,12.615 C11.829596,12.7933553 12.170404,12.7933553 12.4275,12.615 L21,6.6825 L21,18 L3,18 Z\" id=\"Fill\"><\/path> <\/g> <\/g> <\/g> <\/g> <\/g> <\/svg><\/div><a href=\"mailto:info@nordic-supreme.com\">info@nordic-supreme.com<\/a><\/div><div><div class=\"boxImgWrap\"><svg width=\"12px\" height=\"20px\" viewBox=\"0 0 12 20\" version=\"1.1\" xmlns=\"http:\/\/www.w3.org\/2000\/svg\" xmlns:xlink=\"http:\/\/www.w3.org\/1999\/xlink\"> <g id=\"Symbols\" stroke=\"none\" stroke-width=\"1\" fill=\"none\" fill-rule=\"evenodd\"> <g id=\"Contact-form--\/-Hybrid\" transform=\"translate(-1092.000000, -441.000000)\" fill=\"#F4CB64\"> <g id=\"Contact-form\" transform=\"translate(323.000000, -11.000000)\"> <g id=\"Text\" transform=\"translate(759.000000, 159.000000)\"> <g id=\"Tools-\/-Technology-\/-email-\/-24-Copy\" transform=\"translate(4.000000, 290.000000)\"> <path d=\"M16.5,3 L7.5,3 C6.67191561,3.00082684 6.00082684,3.67191561 6,4.5 L6,21 C6.00082684,21.8280844 6.67191561,22.4991732 7.5,22.5 L16.5,22.5 C17.3279133,22.4987609 17.9987609,21.8279133 18,21 L18,4.5 C17.9991732,3.67191561 17.3280844,3.00082684 16.5,3 Z M16.5,4.5 L16.5,6 L7.5,6 L7.5,4.5 L16.5,4.5 Z M7.5,21 L7.5,7.5 L16.5,7.5 L16.5,21 L7.5,21 Z\" id=\"Fill\"><\/path> <\/g> <\/g> <\/g> <\/g> <\/g> <\/svg><\/div><a href=\"tel:+45 65 96 29 27\">+45 65 96 29 27<\/a><\/div>\t\t\t\t\t\t\t\t\t<\/div>\r\n\t\t\t\t\t\t\t\t\t\t\t\t\t\t<\/div>\r\n\t\t\t\t\t<\/div>\r\n\t\t\t\t<\/div>\r\n\t\t\t<\/div>\r\n\t\t<\/div>\r\n\t<\/div>\r\n<\/div>","protected":false},"excerpt":{"rendered":"","protected":false},"author":1,"featured_media":669,"parent":0,"menu_order":0,"comment_status":"closed","ping_status":"closed","template":"","meta":{"footnotes":""},"class_list":["post-846","page","type-page","status-publish","has-post-thumbnail","hentry"],"yoast_head":"<!-- This site is optimized with the Yoast SEO plugin v17.3 - https:\/\/yoast.com\/wordpress\/plugins\/seo\/ -->\n<title>Gen\u00e9tica - Nordic Supreme<\/title>\n<meta name=\"description\" content=\"La elecci\u00f3n de la variedad es una de las decisiones m\u00e1s importantes que se toman durante la producci\u00f3n.\" \/>\n<meta name=\"robots\" content=\"index, follow, max-snippet:-1, max-image-preview:large, max-video-preview:-1\" \/>\n<link rel=\"canonical\" href=\"https:\/\/nordic-supreme.com\/es\/genetica\/\" \/>\n<meta property=\"og:locale\" content=\"es_ES\" \/>\n<meta property=\"og:type\" content=\"article\" \/>\n<meta property=\"og:title\" content=\"Gen\u00e9tica - Nordic Supreme\" \/>\n<meta property=\"og:description\" content=\"La elecci\u00f3n de la variedad es una de las decisiones m\u00e1s importantes que se toman durante la producci\u00f3n.\" \/>\n<meta property=\"og:url\" content=\"https:\/\/nordic-supreme.com\/es\/genetica\/\" \/>\n<meta property=\"og:site_name\" content=\"Nordic Supreme\" \/>\n<meta property=\"article:modified_time\" content=\"2021-05-10T19:28:17+00:00\" \/>\n<meta property=\"og:image\" content=\"https:\/\/nordic-supreme.com\/wp-content\/uploads\/Nordic_Supreme_Research_1.jpg\" \/>\n\t<meta property=\"og:image:width\" content=\"1252\" \/>\n\t<meta property=\"og:image:height\" content=\"776\" \/>\n<meta name=\"twitter:card\" content=\"summary_large_image\" \/>\n<script type=\"application\/ld+json\" class=\"yoast-schema-graph\">{\"@context\":\"https:\/\/schema.org\",\"@graph\":[{\"@type\":\"WebSite\",\"@id\":\"https:\/\/nordic-supreme.com\/#website\",\"url\":\"https:\/\/nordic-supreme.com\/\",\"name\":\"Nordic Supreme\",\"description\":\"Professionel sparring til cannabis genetik\",\"potentialAction\":[{\"@type\":\"SearchAction\",\"target\":{\"@type\":\"EntryPoint\",\"urlTemplate\":\"https:\/\/nordic-supreme.com\/?s={search_term_string}\"},\"query-input\":\"required name=search_term_string\"}],\"inLanguage\":\"es\"},{\"@type\":\"ImageObject\",\"@id\":\"https:\/\/nordic-supreme.com\/es\/genetica\/#primaryimage\",\"inLanguage\":\"es\",\"url\":\"https:\/\/nordic-supreme.com\/wp-content\/uploads\/Nordic_Supreme_Research_1.jpg\",\"contentUrl\":\"https:\/\/nordic-supreme.com\/wp-content\/uploads\/Nordic_Supreme_Research_1.jpg\",\"width\":1252,\"height\":776},{\"@type\":\"WebPage\",\"@id\":\"https:\/\/nordic-supreme.com\/es\/genetica\/#webpage\",\"url\":\"https:\/\/nordic-supreme.com\/es\/genetica\/\",\"name\":\"Gen\\u00e9tica - Nordic Supreme\",\"isPartOf\":{\"@id\":\"https:\/\/nordic-supreme.com\/#website\"},\"primaryImageOfPage\":{\"@id\":\"https:\/\/nordic-supreme.com\/es\/genetica\/#primaryimage\"},\"datePublished\":\"2021-05-02T18:02:11+00:00\",\"dateModified\":\"2021-05-10T19:28:17+00:00\",\"description\":\"La elecci\\u00f3n de la variedad es una de las decisiones m\\u00e1s importantes que se toman durante la producci\\u00f3n.\",\"breadcrumb\":{\"@id\":\"https:\/\/nordic-supreme.com\/es\/genetica\/#breadcrumb\"},\"inLanguage\":\"es\",\"potentialAction\":[{\"@type\":\"ReadAction\",\"target\":[\"https:\/\/nordic-supreme.com\/es\/genetica\/\"]}]},{\"@type\":\"BreadcrumbList\",\"@id\":\"https:\/\/nordic-supreme.com\/es\/genetica\/#breadcrumb\",\"itemListElement\":[{\"@type\":\"ListItem\",\"position\":1,\"name\":\"Portada\",\"item\":\"https:\/\/nordic-supreme.com\/es\/\"},{\"@type\":\"ListItem\",\"position\":2,\"name\":\"Gen\\u00e9tica\"}]}]}<\/script>\n<!-- \/ Yoast SEO plugin. -->","yoast_head_json":{"title":"Gen\u00e9tica - Nordic Supreme","description":"La elecci\u00f3n de la variedad es una de las decisiones m\u00e1s importantes que se toman durante la producci\u00f3n.","robots":{"index":"index","follow":"follow","max-snippet":"max-snippet:-1","max-image-preview":"max-image-preview:large","max-video-preview":"max-video-preview:-1"},"canonical":"https:\/\/nordic-supreme.com\/es\/genetica\/","og_locale":"es_ES","og_type":"article","og_title":"Gen\u00e9tica - Nordic Supreme","og_description":"La elecci\u00f3n de la variedad es una de las decisiones m\u00e1s importantes que se toman durante la producci\u00f3n.","og_url":"https:\/\/nordic-supreme.com\/es\/genetica\/","og_site_name":"Nordic Supreme","article_modified_time":"2021-05-10T19:28:17+00:00","og_image":[{"width":1252,"height":776,"url":"https:\/\/nordic-supreme.com\/wp-content\/uploads\/Nordic_Supreme_Research_1.jpg","type":"image\/jpeg"}],"twitter_card":"summary_large_image","schema":{"@context":"https:\/\/schema.org","@graph":[{"@type":"WebSite","@id":"https:\/\/nordic-supreme.com\/#website","url":"https:\/\/nordic-supreme.com\/","name":"Nordic Supreme","description":"Professionel sparring til cannabis genetik","potentialAction":[{"@type":"SearchAction","target":{"@type":"EntryPoint","urlTemplate":"https:\/\/nordic-supreme.com\/?s={search_term_string}"},"query-input":"required name=search_term_string"}],"inLanguage":"es"},{"@type":"ImageObject","@id":"https:\/\/nordic-supreme.com\/es\/genetica\/#primaryimage","inLanguage":"es","url":"https:\/\/nordic-supreme.com\/wp-content\/uploads\/Nordic_Supreme_Research_1.jpg","contentUrl":"https:\/\/nordic-supreme.com\/wp-content\/uploads\/Nordic_Supreme_Research_1.jpg","width":1252,"height":776},{"@type":"WebPage","@id":"https:\/\/nordic-supreme.com\/es\/genetica\/#webpage","url":"https:\/\/nordic-supreme.com\/es\/genetica\/","name":"Gen\u00e9tica - Nordic Supreme","isPartOf":{"@id":"https:\/\/nordic-supreme.com\/#website"},"primaryImageOfPage":{"@id":"https:\/\/nordic-supreme.com\/es\/genetica\/#primaryimage"},"datePublished":"2021-05-02T18:02:11+00:00","dateModified":"2021-05-10T19:28:17+00:00","description":"La elecci\u00f3n de la variedad es una de las decisiones m\u00e1s importantes que se toman durante la producci\u00f3n.","breadcrumb":{"@id":"https:\/\/nordic-supreme.com\/es\/genetica\/#breadcrumb"},"inLanguage":"es","potentialAction":[{"@type":"ReadAction","target":["https:\/\/nordic-supreme.com\/es\/genetica\/"]}]},{"@type":"BreadcrumbList","@id":"https:\/\/nordic-supreme.com\/es\/genetica\/#breadcrumb","itemListElement":[{"@type":"ListItem","position":1,"name":"Portada","item":"https:\/\/nordic-supreme.com\/es\/"},{"@type":"ListItem","position":2,"name":"Gen\u00e9tica"}]}]}},"_links":{"self":[{"href":"https:\/\/nordic-supreme.com\/es\/wp-json\/wp\/v2\/pages\/846","targetHints":{"allow":["GET"]}}],"collection":[{"href":"https:\/\/nordic-supreme.com\/es\/wp-json\/wp\/v2\/pages"}],"about":[{"href":"https:\/\/nordic-supreme.com\/es\/wp-json\/wp\/v2\/types\/page"}],"author":[{"embeddable":true,"href":"https:\/\/nordic-supreme.com\/es\/wp-json\/wp\/v2\/users\/1"}],"replies":[{"embeddable":true,"href":"https:\/\/nordic-supreme.com\/es\/wp-json\/wp\/v2\/comments?post=846"}],"version-history":[{"count":8,"href":"https:\/\/nordic-supreme.com\/es\/wp-json\/wp\/v2\/pages\/846\/revisions"}],"predecessor-version":[{"id":996,"href":"https:\/\/nordic-supreme.com\/es\/wp-json\/wp\/v2\/pages\/846\/revisions\/996"}],"wp:featuredmedia":[{"embeddable":true,"href":"https:\/\/nordic-supreme.com\/es\/wp-json\/wp\/v2\/media\/669"}],"wp:attachment":[{"href":"https:\/\/nordic-supreme.com\/es\/wp-json\/wp\/v2\/media?parent=846"}],"curies":[{"name":"wp","href":"https:\/\/api.w.org\/{rel}","templated":true}]}}