{"id":34,"date":"2021-03-26T10:16:42","date_gmt":"2021-03-26T10:16:42","guid":{"rendered":"https:\/\/nordic-supreme.com\/?page_id=34"},"modified":"2021-05-02T10:23:53","modified_gmt":"2021-05-02T10:23:53","slug":"nyheder-og-presse","status":"publish","type":"page","link":"https:\/\/nordic-supreme.com\/da\/nyheder-og-presse\/","title":{"rendered":"Nyheder og presse"},"content":{"rendered":"\r\n<div id=\"headerText-block_606572db2032f\" class=\"headerText headerText--regular\">\r\n\t<div class=\"container\">\r\n\t\t<div class=\"row\">\r\n\t\t\t<div class=\"col-12 col-lg-10 col-xl-8 offset-lg-1 offset-xl-2\">\r\n\t\t\t\t<div class=\"headerText__content animateText\">\r\n\t\t\t\t\t<h1>Nyheder og presse<\/h1>\r\n\t\t\t\t\t<div class=\"headerText__content__text\">\r\n\t\t\t\t\t\t\t\t\t\t\t\t\t\t\t\t\t\t\t<div class=\"headerText__content__text__right\">\r\n\t\t\t\t\t\t\t\t<p>Kontakt os, hvis du har brug for at tale med os om cannabis genetik eller brancherelevante tiltag \u2013 vi st\u00e5r klar til at besvare dine sp\u00f8rgsm\u00e5l. Ring eller skriv til os p\u00e5 info@nordic-supreme.com<\/p>\n\t\t\t\t\t\t\t<\/div>\r\n\t\t\t\t\t\t\t\t\t\t\t<\/div>\r\n\t\t\t\t\t\t\t\t\t<\/div>\r\n\t\t\t<\/div>\r\n\t\t<\/div>\r\n\t<\/div>\r\n<\/div>\n\n<div id=\"pressMaterialWrap-block_60658754460dc\" class=\"pressMaterialWrap pressNoText\">\r\n\t<div class=\"container\">\r\n\t\t<div class=\"row\">\r\n\t\t\t<div class=\"col-12 col-lg-10 col-xl-8 offset-lg-1 offset-xl-2\">\r\n\t\t\t\t<div class=\"pressMaterial\">\r\n\t\t\t\t\t<div class=\"pressMaterial__title styleHeading1 animateText\"><h2>Pressemateriale<\/h2><\/div>\r\n\t\t\t\t\t<div class=\"pressMaterial__row animateText\">\r\n\t\t\t\t\t\t<div class=\"pressMaterial__row__left\">\r\n\t\t\t\t\t\t\t\t\t\t\t\t\t<\/div>\r\n\t\t\t\t\t\t<div class=\"pressMaterial__row__right\">\r\n\t\t\t\t\t\t\t<h4>Logo<\/h4>\r\n\t\t\t\t\t\t\t<div class=\"pressLogoWrap\"><img decoding=\"async\" src=\"https:\/\/nordic-supreme.com\/wp-content\/uploads\/2021\/04\/Nordic_Supreme_Logo_Positive.svg\" alt=\"\" \/><\/div>\t\t\t\t\t\t\t<div class=\"pressMaterial__row__right__data\">\r\n\t\t\t\t\t\t\t\t<span class=\"logoFormat\">RGB + CMYK logo formater<\/span><a href=\"https:\/\/nordic-supreme.com\/wp-content\/uploads\/Nordic-Supreme-Logo.zip\" target=\"_blank\" download>Hent<\/a>\t\t\t\t\t\t\t<\/div>\r\n\t\t\t\t\t\t<\/div>\r\n\t\t\t\t\t<\/div>\r\n\t\t\t\t\t\t\t\t\t<\/div>\r\n\t\t\t<\/div>\r\n\t\t<\/div>\r\n\t<\/div>\r\n<\/div>","protected":false},"excerpt":{"rendered":"","protected":false},"author":1,"featured_media":413,"parent":0,"menu_order":0,"comment_status":"closed","ping_status":"closed","template":"","meta":{"footnotes":""},"class_list":["post-34","page","type-page","status-publish","has-post-thumbnail","hentry"],"yoast_head":"<!-- This site is optimized with the Yoast SEO plugin v17.3 - https:\/\/yoast.com\/wordpress\/plugins\/seo\/ -->\n<title>Nyheder og presse - Nordic Supreme<\/title>\n<meta name=\"description\" content=\"Kontakt os, hvis du har brug for at tale med os om cannabis genetik eller brancherelevante tiltag \u2013 vi st\u00e5r klar til at besvare dine sp\u00f8rgsm\u00e5l. Ring eller skriv til os p\u00e5 info@nordic-supreme.com\" \/>\n<meta name=\"robots\" content=\"index, follow, max-snippet:-1, max-image-preview:large, max-video-preview:-1\" \/>\n<link rel=\"canonical\" href=\"https:\/\/nordic-supreme.com\/nyheder-og-presse\/\" \/>\n<meta property=\"og:locale\" content=\"da_DK\" \/>\n<meta property=\"og:type\" content=\"article\" \/>\n<meta property=\"og:title\" content=\"Nyheder og presse - Nordic Supreme\" \/>\n<meta property=\"og:description\" content=\"Kontakt os, hvis du har brug for at tale med os om cannabis genetik eller brancherelevante tiltag \u2013 vi st\u00e5r klar til at besvare dine sp\u00f8rgsm\u00e5l. Ring eller skriv til os p\u00e5 info@nordic-supreme.com\" \/>\n<meta property=\"og:url\" content=\"https:\/\/nordic-supreme.com\/nyheder-og-presse\/\" \/>\n<meta property=\"og:site_name\" content=\"Nordic Supreme\" \/>\n<meta property=\"article:modified_time\" content=\"2021-05-02T10:23:53+00:00\" \/>\n<meta property=\"og:image\" content=\"https:\/\/nordic-supreme.com\/wp-content\/uploads\/Nordic_Supreme_Genetik_2.jpg\" \/>\n\t<meta property=\"og:image:width\" content=\"1252\" \/>\n\t<meta property=\"og:image:height\" content=\"776\" \/>\n<meta name=\"twitter:card\" content=\"summary_large_image\" \/>\n<script type=\"application\/ld+json\" class=\"yoast-schema-graph\">{\"@context\":\"https:\/\/schema.org\",\"@graph\":[{\"@type\":\"WebSite\",\"@id\":\"https:\/\/nordic-supreme.com\/#website\",\"url\":\"https:\/\/nordic-supreme.com\/\",\"name\":\"Nordic Supreme\",\"description\":\"Professionel sparring til cannabis genetik\",\"potentialAction\":[{\"@type\":\"SearchAction\",\"target\":{\"@type\":\"EntryPoint\",\"urlTemplate\":\"https:\/\/nordic-supreme.com\/?s={search_term_string}\"},\"query-input\":\"required name=search_term_string\"}],\"inLanguage\":\"da-DK\"},{\"@type\":\"ImageObject\",\"@id\":\"https:\/\/nordic-supreme.com\/nyheder-og-presse\/#primaryimage\",\"inLanguage\":\"da-DK\",\"url\":\"https:\/\/nordic-supreme.com\/wp-content\/uploads\/Nordic_Supreme_Genetik_2.jpg\",\"contentUrl\":\"https:\/\/nordic-supreme.com\/wp-content\/uploads\/Nordic_Supreme_Genetik_2.jpg\",\"width\":1252,\"height\":776},{\"@type\":\"WebPage\",\"@id\":\"https:\/\/nordic-supreme.com\/nyheder-og-presse\/#webpage\",\"url\":\"https:\/\/nordic-supreme.com\/nyheder-og-presse\/\",\"name\":\"Nyheder og presse - Nordic Supreme\",\"isPartOf\":{\"@id\":\"https:\/\/nordic-supreme.com\/#website\"},\"primaryImageOfPage\":{\"@id\":\"https:\/\/nordic-supreme.com\/nyheder-og-presse\/#primaryimage\"},\"datePublished\":\"2021-03-26T10:16:42+00:00\",\"dateModified\":\"2021-05-02T10:23:53+00:00\",\"description\":\"Kontakt os, hvis du har brug for at tale med os om cannabis genetik eller brancherelevante tiltag \\u2013 vi st\\u00e5r klar til at besvare dine sp\\u00f8rgsm\\u00e5l. Ring eller skriv til os p\\u00e5 info@nordic-supreme.com\",\"breadcrumb\":{\"@id\":\"https:\/\/nordic-supreme.com\/nyheder-og-presse\/#breadcrumb\"},\"inLanguage\":\"da-DK\",\"potentialAction\":[{\"@type\":\"ReadAction\",\"target\":[\"https:\/\/nordic-supreme.com\/nyheder-og-presse\/\"]}]},{\"@type\":\"BreadcrumbList\",\"@id\":\"https:\/\/nordic-supreme.com\/nyheder-og-presse\/#breadcrumb\",\"itemListElement\":[{\"@type\":\"ListItem\",\"position\":1,\"name\":\"Home\",\"item\":\"https:\/\/nordic-supreme.com\/da\/\"},{\"@type\":\"ListItem\",\"position\":2,\"name\":\"Nyheder og presse\"}]}]}<\/script>\n<!-- \/ Yoast SEO plugin. -->","yoast_head_json":{"title":"Nyheder og presse - Nordic Supreme","description":"Kontakt os, hvis du har brug for at tale med os om cannabis genetik eller brancherelevante tiltag \u2013 vi st\u00e5r klar til at besvare dine sp\u00f8rgsm\u00e5l. Ring eller skriv til os p\u00e5 info@nordic-supreme.com","robots":{"index":"index","follow":"follow","max-snippet":"max-snippet:-1","max-image-preview":"max-image-preview:large","max-video-preview":"max-video-preview:-1"},"canonical":"https:\/\/nordic-supreme.com\/nyheder-og-presse\/","og_locale":"da_DK","og_type":"article","og_title":"Nyheder og presse - Nordic Supreme","og_description":"Kontakt os, hvis du har brug for at tale med os om cannabis genetik eller brancherelevante tiltag \u2013 vi st\u00e5r klar til at besvare dine sp\u00f8rgsm\u00e5l. Ring eller skriv til os p\u00e5 info@nordic-supreme.com","og_url":"https:\/\/nordic-supreme.com\/nyheder-og-presse\/","og_site_name":"Nordic Supreme","article_modified_time":"2021-05-02T10:23:53+00:00","og_image":[{"width":1252,"height":776,"url":"https:\/\/nordic-supreme.com\/wp-content\/uploads\/Nordic_Supreme_Genetik_2.jpg","type":"image\/jpeg"}],"twitter_card":"summary_large_image","schema":{"@context":"https:\/\/schema.org","@graph":[{"@type":"WebSite","@id":"https:\/\/nordic-supreme.com\/#website","url":"https:\/\/nordic-supreme.com\/","name":"Nordic Supreme","description":"Professionel sparring til cannabis genetik","potentialAction":[{"@type":"SearchAction","target":{"@type":"EntryPoint","urlTemplate":"https:\/\/nordic-supreme.com\/?s={search_term_string}"},"query-input":"required name=search_term_string"}],"inLanguage":"da-DK"},{"@type":"ImageObject","@id":"https:\/\/nordic-supreme.com\/nyheder-og-presse\/#primaryimage","inLanguage":"da-DK","url":"https:\/\/nordic-supreme.com\/wp-content\/uploads\/Nordic_Supreme_Genetik_2.jpg","contentUrl":"https:\/\/nordic-supreme.com\/wp-content\/uploads\/Nordic_Supreme_Genetik_2.jpg","width":1252,"height":776},{"@type":"WebPage","@id":"https:\/\/nordic-supreme.com\/nyheder-og-presse\/#webpage","url":"https:\/\/nordic-supreme.com\/nyheder-og-presse\/","name":"Nyheder og presse - Nordic Supreme","isPartOf":{"@id":"https:\/\/nordic-supreme.com\/#website"},"primaryImageOfPage":{"@id":"https:\/\/nordic-supreme.com\/nyheder-og-presse\/#primaryimage"},"datePublished":"2021-03-26T10:16:42+00:00","dateModified":"2021-05-02T10:23:53+00:00","description":"Kontakt os, hvis du har brug for at tale med os om cannabis genetik eller brancherelevante tiltag \u2013 vi st\u00e5r klar til at besvare dine sp\u00f8rgsm\u00e5l. Ring eller skriv til os p\u00e5 info@nordic-supreme.com","breadcrumb":{"@id":"https:\/\/nordic-supreme.com\/nyheder-og-presse\/#breadcrumb"},"inLanguage":"da-DK","potentialAction":[{"@type":"ReadAction","target":["https:\/\/nordic-supreme.com\/nyheder-og-presse\/"]}]},{"@type":"BreadcrumbList","@id":"https:\/\/nordic-supreme.com\/nyheder-og-presse\/#breadcrumb","itemListElement":[{"@type":"ListItem","position":1,"name":"Home","item":"https:\/\/nordic-supreme.com\/da\/"},{"@type":"ListItem","position":2,"name":"Nyheder og presse"}]}]}},"_links":{"self":[{"href":"https:\/\/nordic-supreme.com\/da\/wp-json\/wp\/v2\/pages\/34","targetHints":{"allow":["GET"]}}],"collection":[{"href":"https:\/\/nordic-supreme.com\/da\/wp-json\/wp\/v2\/pages"}],"about":[{"href":"https:\/\/nordic-supreme.com\/da\/wp-json\/wp\/v2\/types\/page"}],"author":[{"embeddable":true,"href":"https:\/\/nordic-supreme.com\/da\/wp-json\/wp\/v2\/users\/1"}],"replies":[{"embeddable":true,"href":"https:\/\/nordic-supreme.com\/da\/wp-json\/wp\/v2\/comments?post=34"}],"version-history":[{"count":26,"href":"https:\/\/nordic-supreme.com\/da\/wp-json\/wp\/v2\/pages\/34\/revisions"}],"predecessor-version":[{"id":716,"href":"https:\/\/nordic-supreme.com\/da\/wp-json\/wp\/v2\/pages\/34\/revisions\/716"}],"wp:featuredmedia":[{"embeddable":true,"href":"https:\/\/nordic-supreme.com\/da\/wp-json\/wp\/v2\/media\/413"}],"wp:attachment":[{"href":"https:\/\/nordic-supreme.com\/da\/wp-json\/wp\/v2\/media?parent=34"}],"curies":[{"name":"wp","href":"https:\/\/api.w.org\/{rel}","templated":true}]}}