{"id":32,"date":"2021-03-26T10:16:33","date_gmt":"2021-03-26T10:16:33","guid":{"rendered":"https:\/\/nordic-supreme.com\/?page_id=32"},"modified":"2024-01-12T10:47:10","modified_gmt":"2024-01-12T10:47:10","slug":"om-nordic-supreme","status":"publish","type":"page","link":"https:\/\/nordic-supreme.com\/da\/om-nordic-supreme\/","title":{"rendered":"Om Nordic Supreme"},"content":{"rendered":"\r\n<div id=\"twoColumn-block_6064647e0c236\" class=\"twoColumn\">\r\n\t<div class=\"container\">\r\n\t\t<div class=\"row\">\r\n\t\t\t<div class=\"col-12 col-lg-10 col-xl-8 offset-lg-1 offset-xl-2\">\r\n\t\t\t\t<div class=\"animateText\">\r\n\t\t\t\t\t\t\t\t\t\t\t<h2 class=\"twoColumn__title styleHeading1\">\r\n\t\t\t\t\t\t\tM\u00f8d vores ekspertteam\t\t\t\t\t\t<\/h2>\r\n\t\t\t\t\t\t\t\t\t\t<div class=\"twoColumn__text animateText\">\r\n\t\t\t\t\t\t<p>Vi er et st\u00e6rkt, multidisciplin\u00e6rt ekspert- og forskningsteam med omfattende kompetencer indenfor b\u00e5de for\u00e6dling og dyrkning af cannabis. Vi arbejder t\u00e6t sammen med internationale konsulenter og f\u00f8rende, globale producenter af cannabis, og har base i Danmark. Vores hovedfokus ligger p\u00e5 udvikling af top-performende sorter til professionel dyrkning af cannabis og hamp.<\/p>\n<p>Det, der f\u00e5r os op om morgenen, er lysten til at udvikle velafpr\u00f8vede og stabile premium sorter, og indsamle solide, databaserede dyrkningsinformationer, s\u00e5 vores r\u00e5dgivning er s\u00e5 god og pr\u00e6cis som muligt til den enkelte producent.<\/p>\n\t\t\t\t\t<\/div>\r\n\t\t\t\t<\/div>\r\n\t\t\t\t\t\t\t\t\t<div class=\"twoColumn__image animateImage\">\r\n\t\t\t\t\t\t<img data-sizes=\"auto\" data-srcset=\"https:\/\/nordic-supreme.com\/wp-content\/uploads\/Nordic_Supreme_Team-1-300x130.jpg 300w, https:\/\/nordic-supreme.com\/wp-content\/uploads\/Nordic_Supreme_Team-1-1024x443.jpg 640w, https:\/\/nordic-supreme.com\/wp-content\/uploads\/Nordic_Supreme_Team-1-1536x665.jpg 1536w, https:\/\/nordic-supreme.com\/wp-content\/uploads\/Nordic_Supreme_Team-1-1900x822.jpg 1900w\" alt=\"\" class=\"lazyload\" data-expand=\"120\" \/>\t\t\t\t\t\t<div class=\"animateImage__mask animateImage__mask--light\"><\/div>\r\n\t\t\t\t\t<\/div>\r\n\t\t\t\t\t\t\t<\/div>\r\n\t\t<\/div>\r\n\t<\/div>\r\n<\/div>\n\n\r\n<div id=\"twoColumn-block_60646b51e1822\" class=\"twoColumn\">\r\n\t<div class=\"container\">\r\n\t\t<div class=\"row\">\r\n\t\t\t<div class=\"col-12 col-lg-10 col-xl-8 offset-lg-1 offset-xl-2\">\r\n\t\t\t\t<div class=\"animateText\">\r\n\t\t\t\t\t\t\t\t\t\t\t<h2 class=\"twoColumn__title styleHeading1\">\r\n\t\t\t\t\t\t\tBaggrund for Nordic Supreme\t\t\t\t\t\t<\/h2>\r\n\t\t\t\t\t\t\t\t\t\t<div class=\"twoColumn__text animateText\">\r\n\t\t\t\t\t\t<p>Da Danmark, som det f\u00f8rste europ\u00e6iske land, legaliserede dyrkning af medicinsk cannabis, identificerede vi et behov for udvikling af moderne og professionelle sorter der var optimalt tilpasset de dyrkningsforhold der bliver dyrket under. Vi har derfor etableret en for\u00e6dlingsstation af h\u00f8j klasse og med fundament i seneste videnskabelige teorier. For\u00e6dlingslicensen giver os mulighed for at udvikle og validere sorter i samarbejde med vores st\u00e6rke, multidisciplin\u00e6re team med omfattende kompetencer indenfor b\u00e5de for\u00e6dling og dyrkning af cannabis.<\/p>\n<p>Vi kommer fra en lang tradition for dyrkning af b\u00e5de cannabis, tomater og agurker i drivhuse og kender derfor indg\u00e5ende til producenters behov for topsorter og pr\u00e6cis r\u00e5dgivning.  Vores ambition er, at kombinere udvikling af de bedste cannabis-sorter med den bedste og mest pr\u00e6cise r\u00e5dgivning.<\/p>\n\t\t\t\t\t<\/div>\r\n\t\t\t\t<\/div>\r\n\t\t\t\t\t\t\t<\/div>\r\n\t\t<\/div>\r\n\t<\/div>\r\n<\/div>\n\n\r\n<div id=\"about-block_60646d63847a7\" class=\"about\">\r\n\t<div class=\"container\">\r\n\t\t<div class=\"row\">\r\n\t\t\t<div class=\"col-12 col-lg-10 col-xl-8 offset-lg-1 offset-xl-2\">\r\n\t\t\t\t<div class=\"about__inner\">\r\n\t\t\t\t\t<div class=\"about__inner__quote\">\r\n\t\t\t\t\t\t<div class=\"quote animateText\">\r\n\t\t\t\t\t\t\t<div class=\"quote__text\">\r\n\t\t\t\t\t\t\t\t<svg width=\"31px\" height=\"16px\" viewBox=\"0 0 31 16\" version=\"1.1\" xmlns=\"http:\/\/www.w3.org\/2000\/svg\" xmlns:xlink=\"http:\/\/www.w3.org\/1999\/xlink\">\r\n\t\t\t\t\t\t\t\t    <g id=\"Design\" stroke=\"none\" stroke-width=\"1\" fill=\"none\" fill-rule=\"evenodd\">\r\n\t\t\t\t\t\t\t\t        <g id=\"Research\" transform=\"translate(-971.000000, -2126.000000)\" fill=\"#F4CB64\" fill-rule=\"nonzero\">\r\n\t\t\t\t\t\t\t\t            <g id=\"Quote\" transform=\"translate(323.000000, 1879.000000)\">\r\n\t\t\t\t\t\t\t\t                <path d=\"M657.74,262.24 L661.16,247.12 L655.34,247.12 L648.86,262.24 L657.74,262.24 Z M671.66,262.24 L678.14,247.12 L669.32,247.12 L665.9,262.24 L671.66,262.24 Z\"><\/path>\r\n\t\t\t\t\t\t\t\t            <\/g>\r\n\t\t\t\t\t\t\t\t        <\/g>\r\n\t\t\t\t\t\t\t\t    <\/g>\r\n\t\t\t\t\t\t\t\t<\/svg>\r\n\t\t\t\t\t\t\t\t<p>Vi ser et stort hul i markedet i forhold til produktion af lovlig genetik. I \u00f8jeblikket er der ingen producenter i Europa, men behovet er stort. Vi kan udvikle nye sorter, som har andre egenskaber end de eksisterende, og det er super sp\u00e6ndende! Nordic Supreme er en virksomhed der er f\u00f8dt mere eller mindre globalt fra begyndelsen, og vi har allerede kontakter i b\u00e5de USA, Sydamerika og Jordan.<\/p>\n\t\t\t\t\t\t\t<\/div>\r\n\t\t\t\t\t\t\t<div class=\"quoteNameWrap\">\r\n\t\t\t\t\t\t\t\t<div class=\"quoteNameWrap__inner\">\r\n\t\t\t\t\t\t\t\t\t<span class=\"quote__name\">Mads Ulrik Pedersen<\/span>\r\n\t\t\t\t\t\t\t\t\t<span class=\"quote__role\">Grundl\u00e6gger af Nordic Supreme<\/span>\r\n\t\t\t\t\t\t\t\t<\/div>\r\n\t\t\t\t\t\t\t<\/div>\r\n\t\t\t\t\t\t<\/div>\r\n\t\t\t\t\t<\/div>\r\n\t\t\t\t\t<div class=\"about__inner__image animateImage\">\r\n\t\t\t\t\t\t<img data-src=\"https:\/\/nordic-supreme.com\/wp-content\/uploads\/Nordic_Supreme_Masd_Pedersen.jpg\" alt=\"\" class=\"lazyload\" data-expand=\"120\" \/>\t\t\t\t\t\t<div class=\"animateImage__mask\"><\/div>\r\n\t\t\t\t\t<\/div>\r\n\t\t\t\t<\/div>\r\n\t\t\t<\/div>\r\n\t\t<\/div>\r\n\t<\/div>\t\r\n<\/div>\n\n\r\n<div id=\"team-block_606478c456762\" class=\"team\">\r\n\t<div class=\"container\">\r\n\t\t<div class=\"row\">\r\n\t\t\t<div class=\"col-12 col-lg-10 col-xl-8 offset-lg-1 offset-xl-2\">\r\n\t\t\t\t<div class=\"team__title styleHeading1 animateText\">\r\n\t\t\t\t\t<h2>Teamet<\/h2>\r\n\t\t\t\t<\/div>\r\n\t\t\t\t<div class=\"row teamRow row-cols-sm-2 row-cols-md-3\">\r\n\t\t\t\t\t\t\t\t\t\t\t\t\t\t\t\t\t\t<div class=\"col-12\">\r\n\t\t\t\t\t\t\t\t<div class=\"team__single animateImage\">\r\n\t\t\t\t\t\t\t\t\t<div class=\"team__single__image\">\r\n\t\t\t\t\t\t\t\t\t\t<img data-sizes=\"auto\" data-srcset=\"https:\/\/nordic-supreme.com\/wp-content\/uploads\/Nordic_Supreme_Masd_Pedersen-257x300.jpg 257w, https:\/\/nordic-supreme.com\/wp-content\/uploads\/Nordic_Supreme_Masd_Pedersen.jpg 640w\" alt=\"Mads Ulrik Pedersen\" class=\"lazyload\" data-expand=\"120\" \/>\t\t\t\t\t\t\t\t\t<\/div>\r\n\t\t\t\t\t\t\t\t\t<div class=\"team__single__details\">\r\n\t\t\t\t\t\t\t\t\t\t<span class=\"team__single__details__name\">Mads Ulrik Pedersen<\/span>\r\n\t\t\t\t\t\t\t\t\t\t<span class=\"team__single__details__role\">CEO &#038; Founder<\/span>\r\n\t\t\t\t\t\t\t\t\t<\/div>\r\n\t\t\t\t\t\t\t\t\t<div class=\"animateImage__mask animateImage__mask--light\"><\/div>\r\n\t\t\t\t\t\t\t\t<\/div>\r\n\t\t\t\t\t\t\t<\/div>\r\n\t\t\t\t\t\t\t\t\t\t\t\t\t<div class=\"col-12\">\r\n\t\t\t\t\t\t\t\t<div class=\"team__single animateImage\">\r\n\t\t\t\t\t\t\t\t\t<div class=\"team__single__image\">\r\n\t\t\t\t\t\t\t\t\t\t<img data-sizes=\"auto\" data-srcset=\"https:\/\/nordic-supreme.com\/wp-content\/uploads\/Nordic_Supreme_Team_5-256x300.jpg 256w, https:\/\/nordic-supreme.com\/wp-content\/uploads\/Nordic_Supreme_Team_5.jpg 640w\" alt=\"Ulrich Hansen\" class=\"lazyload\" data-expand=\"120\" \/>\t\t\t\t\t\t\t\t\t<\/div>\r\n\t\t\t\t\t\t\t\t\t<div class=\"team__single__details\">\r\n\t\t\t\t\t\t\t\t\t\t<span class=\"team__single__details__name\">Ulrich Hansen<\/span>\r\n\t\t\t\t\t\t\t\t\t\t<span class=\"team__single__details__role\">Assistant Breeder<\/span>\r\n\t\t\t\t\t\t\t\t\t<\/div>\r\n\t\t\t\t\t\t\t\t\t<div class=\"animateImage__mask animateImage__mask--light\"><\/div>\r\n\t\t\t\t\t\t\t\t<\/div>\r\n\t\t\t\t\t\t\t<\/div>\r\n\t\t\t\t\t\t\t\t\t\t\t\t\t<div class=\"col-12\">\r\n\t\t\t\t\t\t\t\t<div class=\"team__single animateImage\">\r\n\t\t\t\t\t\t\t\t\t<div class=\"team__single__image\">\r\n\t\t\t\t\t\t\t\t\t\t<img data-sizes=\"auto\" data-srcset=\"https:\/\/nordic-supreme.com\/wp-content\/uploads\/Nordic_Supreme_Team_1-257x300.jpg 257w, https:\/\/nordic-supreme.com\/wp-content\/uploads\/Nordic_Supreme_Team_1.jpg 640w\" alt=\"Lars Sommer\" class=\"lazyload\" data-expand=\"120\" \/>\t\t\t\t\t\t\t\t\t<\/div>\r\n\t\t\t\t\t\t\t\t\t<div class=\"team__single__details\">\r\n\t\t\t\t\t\t\t\t\t\t<span class=\"team__single__details__name\">Lars Sommer<\/span>\r\n\t\t\t\t\t\t\t\t\t\t<span class=\"team__single__details__role\">Laboratory Manager<\/span>\r\n\t\t\t\t\t\t\t\t\t<\/div>\r\n\t\t\t\t\t\t\t\t\t<div class=\"animateImage__mask animateImage__mask--light\"><\/div>\r\n\t\t\t\t\t\t\t\t<\/div>\r\n\t\t\t\t\t\t\t<\/div>\r\n\t\t\t\t\t\t\t\t\t\t\t\t\t\t\t<\/div>\r\n\t\t\t<\/div>\r\n\t\t<\/div>\r\n\t<\/div>\r\n<\/div>\n\n\r\n<div id=\"subscribeBlock-block_6064744d847a8\" class=\"subscribeBlock\">\r\n\t<div class=\"container\">\r\n\t\t<div class=\"row\">\r\n\t\t\t<div class=\"col-12 col-lg-10 col-xl-8 offset-lg-1 offset-xl-2\">\r\n\t\t\t\t<div class=\"subscribe\">\r\n\t\t\t\t\t<form class=\"subscribe__form styleHeading1 animateText\" id='contactForm'>\r\n\t\t\t\t\t\t<h2>Har du brug for professionel sparring?<\/h2>\n\t\t\t\t\t\t<div class=\"inputWrap\">\r\n\t\t\t\t\t\t\t<label for=\"name\">For- og efternavn*<\/label>\r\n\t\t\t\t\t\t\t<input type=\"text\" name='name' id='name' required>\r\n\t\t\t\t\t\t<\/div>\r\n\t\t\t\t\t\t<div class=\"inputWrap\">\r\n\t\t\t\t\t\t\t<label for=\"email\">E-mail*<\/label>\r\n\t\t\t\t\t\t\t<input type=\"text\" name='email' id='email' required>\r\n\t\t\t\t\t\t<\/div>\r\n\t\t\t\t\t\t<div class=\"inputWrap\">\r\n\t\t\t\t\t\t\t<label for=\"firma\">Firma*<\/label>\r\n\t\t\t\t\t\t\t<input type=\"text\" name='firma' id='firma' required>\r\n\t\t\t\t\t\t<\/div>\r\n\t\t\t\t\t\t<div class=\"inputWrap\">\r\n\t\t\t\t\t\t\t<label for=\"Address\">Adresse<\/label>\r\n\t\t\t\t\t\t\t<input type=\"text\" name='Address' id='Address'>\r\n\t\t\t\t\t\t<\/div>\r\n\t\t\t\t\t\t<div class=\"permission\">\r\n\t\t\t\t\t\t\t<svg class=\"inline-svg\">\r\n\t\t\t\t\t\t\t  <symbol id=\"check\" viewBox=\"0 0 12 10\">\r\n\t\t\t\t\t\t\t\t<polyline points=\"1.5 6 4.5 9 10.5 1\"><\/polyline>\r\n\t\t\t\t\t\t\t  <\/symbol>\r\n\t\t\t\t\t\t\t<\/svg>\r\n\t\t\t\t\t\t\t<input class=\"inp-cbx\" id=\"accept\" name='accept' type=\"checkbox\" required>\r\n\t\t\t\t\t\t\t<label class=\"cbx\" for=\"accept\">\r\n\t\t\t\t\t\t\t\t<span>\r\n\t\t\t\t\t\t\t\t\t<svg width=\"12px\" height=\"10px\">\r\n\t\t\t\t\t\t\t\t\t\t<use xlink:href=\"#check\"><\/use>\r\n\t\t\t\t\t\t\t\t\t<\/svg>\r\n\t\t\t\t\t\t\t\t<\/span>\r\n\t\t\t\t\t\t\t\t<span>\r\n\t\t\t\t\t\t\t\t\tJeg accepterer Nordic Supremes <a href='https:\/\/nordic-supreme.com\/persondatapolitik\/' target='_blank'>cookie- og privatlivspolitik<\/a>\t\t\t\t\t\t\t\t<\/span>\r\n\t\t\t\t\t\t\t<\/label>\r\n\t\t\t\t\t\t<\/div>\r\n\t\t\t\t\t\t<div class=\"subscribe__form__button\">\r\n\t\t\t\t\t\t\t<button class=\"buttonRounded btn\"><span class=\"dot\"><\/span><span class=\"btn__inner\">Send<\/span><\/button>\r\n\t\t\t\t\t\t\t<div class=\"subscribe__form__button__message\">Sendt<\/div>\r\n\t\t\t\t\t\t<\/div>\r\n\t\t\t\t\t<\/form>\r\n\t\t\t\t\t<div class=\"subscribe__box\">\r\n\t\t\t\t\t\t<div class=\"subscribe__box__inner\">\r\n\t\t\t\t\t\t\t<h2>Du kan ogs\u00e5 kontakte os direkte<\/h2>\n<p>Kontakt os og h\u00f8r n\u00e6rmere om, hvordan vi kan hj\u00e6lpe dig med at udvikle din forretning<\/p>\n<h4><\/h4>\t\t\t\t\t\t\t\t\t<div class=\"contactWrap\">\r\n\t\t\t\t\t\t\t\t\t\t<div><div class=\"boxImgWrap\"><svg width=\"22px\" height=\"16px\" viewBox=\"0 0 22 16\" version=\"1.1\" xmlns=\"http:\/\/www.w3.org\/2000\/svg\" xmlns:xlink=\"http:\/\/www.w3.org\/1999\/xlink\"> <g id=\"Symbols\" stroke=\"none\" stroke-width=\"1\" fill=\"none\" fill-rule=\"evenodd\"> <g id=\"Contact-form--\/-Hybrid\" transform=\"translate(-1087.000000, -411.000000)\" fill=\"#F4CB64\"> <g id=\"Contact-form\" transform=\"translate(323.000000, -11.000000)\"> <g id=\"Text\" transform=\"translate(759.000000, 159.000000)\"> <g id=\"Tools-\/-Technology-\/-email-\/-24\" transform=\"translate(4.000000, 259.000000)\"> <path d=\"M21,4.5 L3,4.5 C2.17157288,4.5 1.5,5.17157288 1.5,6 L1.5,18 C1.5,18.8284271 2.17157288,19.5 3,19.5 L21,19.5 C21.8284271,19.5 22.5,18.8284271 22.5,18 L22.5,6 C22.5,5.17157288 21.8284271,4.5 21,4.5 Z M19.35,6 L12,11.085 L4.65,6 L19.35,6 Z M3,18 L3,6.6825 L11.5725,12.615 C11.829596,12.7933553 12.170404,12.7933553 12.4275,12.615 L21,6.6825 L21,18 L3,18 Z\" id=\"Fill\"><\/path> <\/g> <\/g> <\/g> <\/g> <\/g> <\/svg><\/div><a href=\"mailto:info@nordic-supreme.com\">info@nordic-supreme.com<\/a><\/div><div><div class=\"boxImgWrap\"><svg width=\"12px\" height=\"20px\" viewBox=\"0 0 12 20\" version=\"1.1\" xmlns=\"http:\/\/www.w3.org\/2000\/svg\" xmlns:xlink=\"http:\/\/www.w3.org\/1999\/xlink\"> <g id=\"Symbols\" stroke=\"none\" stroke-width=\"1\" fill=\"none\" fill-rule=\"evenodd\"> <g id=\"Contact-form--\/-Hybrid\" transform=\"translate(-1092.000000, -441.000000)\" fill=\"#F4CB64\"> <g id=\"Contact-form\" transform=\"translate(323.000000, -11.000000)\"> <g id=\"Text\" transform=\"translate(759.000000, 159.000000)\"> <g id=\"Tools-\/-Technology-\/-email-\/-24-Copy\" transform=\"translate(4.000000, 290.000000)\"> <path d=\"M16.5,3 L7.5,3 C6.67191561,3.00082684 6.00082684,3.67191561 6,4.5 L6,21 C6.00082684,21.8280844 6.67191561,22.4991732 7.5,22.5 L16.5,22.5 C17.3279133,22.4987609 17.9987609,21.8279133 18,21 L18,4.5 C17.9991732,3.67191561 17.3280844,3.00082684 16.5,3 Z M16.5,4.5 L16.5,6 L7.5,6 L7.5,4.5 L16.5,4.5 Z M7.5,21 L7.5,7.5 L16.5,7.5 L16.5,21 L7.5,21 Z\" id=\"Fill\"><\/path> <\/g> <\/g> <\/g> <\/g> <\/g> <\/svg><\/div><a href=\"tel:+45 65 96 29 27\">+45 65 96 29 27<\/a><\/div>\t\t\t\t\t\t\t\t\t<\/div>\r\n\t\t\t\t\t\t\t\t\t\t\t\t\t\t<\/div>\r\n\t\t\t\t\t<\/div>\r\n\t\t\t\t<\/div>\r\n\t\t\t<\/div>\r\n\t\t<\/div>\r\n\t<\/div>\r\n<\/div>","protected":false},"excerpt":{"rendered":"","protected":false},"author":1,"featured_media":343,"parent":0,"menu_order":0,"comment_status":"closed","ping_status":"closed","template":"","meta":{"footnotes":""},"class_list":["post-32","page","type-page","status-publish","has-post-thumbnail","hentry"],"yoast_head":"<!-- This site is optimized with the Yoast SEO plugin v17.3 - https:\/\/yoast.com\/wordpress\/plugins\/seo\/ -->\n<title>Om Nordic Supreme - Nordic Supreme<\/title>\n<meta name=\"description\" content=\"Vi er et st\u00e6rkt, multidisciplin\u00e6rt ekspert og forskningsteam med omfattende kompetencer indenfor b\u00e5de for\u00e6dling og dyrkning af cannabis.\" \/>\n<meta name=\"robots\" content=\"index, follow, max-snippet:-1, max-image-preview:large, max-video-preview:-1\" \/>\n<link rel=\"canonical\" href=\"https:\/\/nordic-supreme.com\/da\/om-nordic-supreme\/\" \/>\n<meta property=\"og:locale\" content=\"da_DK\" \/>\n<meta property=\"og:type\" content=\"article\" \/>\n<meta property=\"og:title\" content=\"Om Nordic Supreme - Nordic Supreme\" \/>\n<meta property=\"og:description\" content=\"Vi er et st\u00e6rkt, multidisciplin\u00e6rt ekspert og forskningsteam med omfattende kompetencer indenfor b\u00e5de for\u00e6dling og dyrkning af cannabis.\" \/>\n<meta property=\"og:url\" content=\"https:\/\/nordic-supreme.com\/da\/om-nordic-supreme\/\" \/>\n<meta property=\"og:site_name\" content=\"Nordic Supreme\" \/>\n<meta property=\"article:modified_time\" content=\"2024-01-12T10:47:10+00:00\" \/>\n<meta property=\"og:image\" content=\"https:\/\/nordic-supreme.com\/wp-content\/uploads\/Nordic_Supreme_Collage_3.jpg\" \/>\n\t<meta property=\"og:image:width\" content=\"752\" \/>\n\t<meta property=\"og:image:height\" content=\"866\" \/>\n<meta name=\"twitter:card\" content=\"summary_large_image\" \/>\n<script type=\"application\/ld+json\" class=\"yoast-schema-graph\">{\"@context\":\"https:\/\/schema.org\",\"@graph\":[{\"@type\":\"WebSite\",\"@id\":\"https:\/\/nordic-supreme.com\/#website\",\"url\":\"https:\/\/nordic-supreme.com\/\",\"name\":\"Nordic Supreme\",\"description\":\"Professionel sparring til cannabis genetik\",\"potentialAction\":[{\"@type\":\"SearchAction\",\"target\":{\"@type\":\"EntryPoint\",\"urlTemplate\":\"https:\/\/nordic-supreme.com\/?s={search_term_string}\"},\"query-input\":\"required name=search_term_string\"}],\"inLanguage\":\"da-DK\"},{\"@type\":\"ImageObject\",\"@id\":\"https:\/\/nordic-supreme.com\/da\/om-nordic-supreme\/#primaryimage\",\"inLanguage\":\"da-DK\",\"url\":\"https:\/\/nordic-supreme.com\/wp-content\/uploads\/Nordic_Supreme_Collage_3.jpg\",\"contentUrl\":\"https:\/\/nordic-supreme.com\/wp-content\/uploads\/Nordic_Supreme_Collage_3.jpg\",\"width\":752,\"height\":866},{\"@type\":\"WebPage\",\"@id\":\"https:\/\/nordic-supreme.com\/da\/om-nordic-supreme\/#webpage\",\"url\":\"https:\/\/nordic-supreme.com\/da\/om-nordic-supreme\/\",\"name\":\"Om Nordic Supreme - Nordic Supreme\",\"isPartOf\":{\"@id\":\"https:\/\/nordic-supreme.com\/#website\"},\"primaryImageOfPage\":{\"@id\":\"https:\/\/nordic-supreme.com\/da\/om-nordic-supreme\/#primaryimage\"},\"datePublished\":\"2021-03-26T10:16:33+00:00\",\"dateModified\":\"2024-01-12T10:47:10+00:00\",\"description\":\"Vi er et st\\u00e6rkt, multidisciplin\\u00e6rt ekspert og forskningsteam med omfattende kompetencer indenfor b\\u00e5de for\\u00e6dling og dyrkning af cannabis.\",\"breadcrumb\":{\"@id\":\"https:\/\/nordic-supreme.com\/da\/om-nordic-supreme\/#breadcrumb\"},\"inLanguage\":\"da-DK\",\"potentialAction\":[{\"@type\":\"ReadAction\",\"target\":[\"https:\/\/nordic-supreme.com\/da\/om-nordic-supreme\/\"]}]},{\"@type\":\"BreadcrumbList\",\"@id\":\"https:\/\/nordic-supreme.com\/da\/om-nordic-supreme\/#breadcrumb\",\"itemListElement\":[{\"@type\":\"ListItem\",\"position\":1,\"name\":\"Home\",\"item\":\"https:\/\/nordic-supreme.com\/da\/\"},{\"@type\":\"ListItem\",\"position\":2,\"name\":\"Om Nordic Supreme\"}]}]}<\/script>\n<!-- \/ Yoast SEO plugin. -->","yoast_head_json":{"title":"Om Nordic Supreme - Nordic Supreme","description":"Vi er et st\u00e6rkt, multidisciplin\u00e6rt ekspert og forskningsteam med omfattende kompetencer indenfor b\u00e5de for\u00e6dling og dyrkning af cannabis.","robots":{"index":"index","follow":"follow","max-snippet":"max-snippet:-1","max-image-preview":"max-image-preview:large","max-video-preview":"max-video-preview:-1"},"canonical":"https:\/\/nordic-supreme.com\/da\/om-nordic-supreme\/","og_locale":"da_DK","og_type":"article","og_title":"Om Nordic Supreme - Nordic Supreme","og_description":"Vi er et st\u00e6rkt, multidisciplin\u00e6rt ekspert og forskningsteam med omfattende kompetencer indenfor b\u00e5de for\u00e6dling og dyrkning af cannabis.","og_url":"https:\/\/nordic-supreme.com\/da\/om-nordic-supreme\/","og_site_name":"Nordic Supreme","article_modified_time":"2024-01-12T10:47:10+00:00","og_image":[{"width":752,"height":866,"url":"https:\/\/nordic-supreme.com\/wp-content\/uploads\/Nordic_Supreme_Collage_3.jpg","type":"image\/jpeg"}],"twitter_card":"summary_large_image","schema":{"@context":"https:\/\/schema.org","@graph":[{"@type":"WebSite","@id":"https:\/\/nordic-supreme.com\/#website","url":"https:\/\/nordic-supreme.com\/","name":"Nordic Supreme","description":"Professionel sparring til cannabis genetik","potentialAction":[{"@type":"SearchAction","target":{"@type":"EntryPoint","urlTemplate":"https:\/\/nordic-supreme.com\/?s={search_term_string}"},"query-input":"required name=search_term_string"}],"inLanguage":"da-DK"},{"@type":"ImageObject","@id":"https:\/\/nordic-supreme.com\/da\/om-nordic-supreme\/#primaryimage","inLanguage":"da-DK","url":"https:\/\/nordic-supreme.com\/wp-content\/uploads\/Nordic_Supreme_Collage_3.jpg","contentUrl":"https:\/\/nordic-supreme.com\/wp-content\/uploads\/Nordic_Supreme_Collage_3.jpg","width":752,"height":866},{"@type":"WebPage","@id":"https:\/\/nordic-supreme.com\/da\/om-nordic-supreme\/#webpage","url":"https:\/\/nordic-supreme.com\/da\/om-nordic-supreme\/","name":"Om Nordic Supreme - Nordic Supreme","isPartOf":{"@id":"https:\/\/nordic-supreme.com\/#website"},"primaryImageOfPage":{"@id":"https:\/\/nordic-supreme.com\/da\/om-nordic-supreme\/#primaryimage"},"datePublished":"2021-03-26T10:16:33+00:00","dateModified":"2024-01-12T10:47:10+00:00","description":"Vi er et st\u00e6rkt, multidisciplin\u00e6rt ekspert og forskningsteam med omfattende kompetencer indenfor b\u00e5de for\u00e6dling og dyrkning af cannabis.","breadcrumb":{"@id":"https:\/\/nordic-supreme.com\/da\/om-nordic-supreme\/#breadcrumb"},"inLanguage":"da-DK","potentialAction":[{"@type":"ReadAction","target":["https:\/\/nordic-supreme.com\/da\/om-nordic-supreme\/"]}]},{"@type":"BreadcrumbList","@id":"https:\/\/nordic-supreme.com\/da\/om-nordic-supreme\/#breadcrumb","itemListElement":[{"@type":"ListItem","position":1,"name":"Home","item":"https:\/\/nordic-supreme.com\/da\/"},{"@type":"ListItem","position":2,"name":"Om Nordic Supreme"}]}]}},"_links":{"self":[{"href":"https:\/\/nordic-supreme.com\/da\/wp-json\/wp\/v2\/pages\/32","targetHints":{"allow":["GET"]}}],"collection":[{"href":"https:\/\/nordic-supreme.com\/da\/wp-json\/wp\/v2\/pages"}],"about":[{"href":"https:\/\/nordic-supreme.com\/da\/wp-json\/wp\/v2\/types\/page"}],"author":[{"embeddable":true,"href":"https:\/\/nordic-supreme.com\/da\/wp-json\/wp\/v2\/users\/1"}],"replies":[{"embeddable":true,"href":"https:\/\/nordic-supreme.com\/da\/wp-json\/wp\/v2\/comments?post=32"}],"version-history":[{"count":27,"href":"https:\/\/nordic-supreme.com\/da\/wp-json\/wp\/v2\/pages\/32\/revisions"}],"predecessor-version":[{"id":1080,"href":"https:\/\/nordic-supreme.com\/da\/wp-json\/wp\/v2\/pages\/32\/revisions\/1080"}],"wp:featuredmedia":[{"embeddable":true,"href":"https:\/\/nordic-supreme.com\/da\/wp-json\/wp\/v2\/media\/343"}],"wp:attachment":[{"href":"https:\/\/nordic-supreme.com\/da\/wp-json\/wp\/v2\/media?parent=32"}],"curies":[{"name":"wp","href":"https:\/\/api.w.org\/{rel}","templated":true}]}}