{"id":30,"date":"2021-03-26T10:16:20","date_gmt":"2021-03-26T10:16:20","guid":{"rendered":"https:\/\/nordic-supreme.com\/?page_id=30"},"modified":"2021-05-05T11:22:52","modified_gmt":"2021-05-05T11:22:52","slug":"genetik","status":"publish","type":"page","link":"https:\/\/nordic-supreme.com\/da\/genetik\/","title":{"rendered":"Genetik"},"content":{"rendered":"\r\n<div id=\"twoColumn-block_60927b46b2dca\" class=\"twoColumn\">\r\n\t<div class=\"container\">\r\n\t\t<div class=\"row\">\r\n\t\t\t<div class=\"col-12 col-lg-10 col-xl-8 offset-lg-1 offset-xl-2\">\r\n\t\t\t\t<div class=\"animateText\">\r\n\t\t\t\t\t\t\t\t\t\t\t<h1 class=\"twoColumn__title styleHeading1\">\r\n\t\t\t\t\t\t\tGenetik og valg af sorter\t\t\t\t\t\t<\/h1>\r\n\t\t\t\t\t\t\t\t\t\t<div class=\"twoColumn__text animateText\">\r\n\t\t\t\t\t\t<p>Valget af sort er et af de vigtigste valg der tr\u00e6ffes i produktionen. Det er ofte et kompliceret valg, der er baseret p\u00e5 sortsleverand\u00f8rens anbefalinger, egne og andres erfaringer. Sorten skal passe til b\u00e5de virksomhedens dyrkningsforhold, de s\u00e6sonm\u00e6ssige variationer og desuden kunne leve op til kravene i afs\u00e6tningsleddet.<\/p>\n<p>Grundet begr\u00e6nsninger i lovgivningen, har for\u00e6dlingen af Cannabis sorter v\u00e6ret rettet mod dyrkning i sm\u00e5 lukkede rum og ikke til dyrkning i moderne drivhuse, hvorfor de pt. eksisterende sorter ikke er optimalt tilpasset denne dyrkningsform.<\/p>\n<p>Nordic Supremes for\u00e6dling har netop dette nye og interessante marked som hovedprioritet, og arbejder m\u00e5lrettet p\u00e5 at udvikle sorter der passer perfekt til dyrkningsforholdene og lever op til de krav som der stilles til produkterne fra den professionelle legale dyrkningsindustri.<\/p>\n<p>Der er et stort potentiale for forbedringer i produktionsresultatet gennem valg af den rigtige sort kombineret med den rigtige r\u00e5dgivning. Nordic Supremes mission er at udvikle de bedste sorter kombineret med den bedste r\u00e5dgivning.<\/p>\n\t\t\t\t\t<\/div>\r\n\t\t\t\t<\/div>\r\n\t\t\t\t\t\t\t<\/div>\r\n\t\t<\/div>\r\n\t<\/div>\r\n<\/div>\n\n\r\n<div id=\"imageFull-block_60815ed763478\" class=\"imageFull\">\r\n\t<img data-sizes=\"auto\" data-srcset=\"https:\/\/nordic-supreme.com\/wp-content\/uploads\/Nordic_Supreme_Legal_cannabis-2-1024x374.jpg 640w, https:\/\/nordic-supreme.com\/wp-content\/uploads\/Nordic_Supreme_Legal_cannabis-2-1536x560.jpg 1536w, https:\/\/nordic-supreme.com\/wp-content\/uploads\/Nordic_Supreme_Legal_cannabis-2-1900x693.jpg 1900w\" alt=\"\" class=\"lazyload\" data-expand=\"120\" \/><\/div>\n\n\r\n<div id=\"twoColumn-block_60815a6d63476\" class=\"twoColumn\">\r\n\t<div class=\"container\">\r\n\t\t<div class=\"row\">\r\n\t\t\t<div class=\"col-12 col-lg-10 col-xl-8 offset-lg-1 offset-xl-2\">\r\n\t\t\t\t<div class=\"animateText\">\r\n\t\t\t\t\t\t\t\t\t\t\t<h2 class=\"twoColumn__title styleHeading1\">\r\n\t\t\t\t\t\t\tSortstyper\t\t\t\t\t\t<\/h2>\r\n\t\t\t\t\t\t\t\t\t\t<div class=\"twoColumn__text animateText\">\r\n\t\t\t\t\t\t<p>Cannabis sorter kan opdeles i typer der formeres som stiklinger (klonsorter) og typer der formeres som fr\u00f8 (fr\u00f8sorter). De stiklingeformerede sorter kr\u00e6ver mere arbejdskraft under opstarten af kulturen og i vedligeholdelsen af moderplanterne, men giver meget ensartede planter. Fr\u00f8sorter kr\u00e6ver mindre arbejde, men er ikke helt s\u00e5 ens som de stiklingeformerede.<\/p>\n<p>Sorterne kan desuden opdeles i typer der blomster ved en dagl\u00e6ngde under 12 timer (Photo sensitive), og sorter der blomstrer uafh\u00e6ngigt af dagl\u00e6ngde (Auto flower). Photo sensitive sorter kan formeres b\u00e5de som stiklinger og som fr\u00f8, mens Auto flower sorter kun formeres via fr\u00f8.<\/p>\n<p>Nordic Supreme for\u00e6dler alle disse typer, da alle har interessante muligheder. Kontakt Nordic Supreme for r\u00e5dgivning omkring sortstyper og egnede sorter til din produktion!<\/p>\n\t\t\t\t\t<\/div>\r\n\t\t\t\t<\/div>\r\n\t\t\t\t\t\t\t<\/div>\r\n\t\t<\/div>\r\n\t<\/div>\r\n<\/div>\n\n\r\n<div id=\"imageTextGrid-block_6083d17a63e98\" class=\"imageTextGrid\">\r\n\t<div class=\"container\">\r\n\t\t<div class=\"row\">\r\n\t\t\t<div class=\"col-12 col-lg-10 col-xl-8 offset-lg-1 offset-xl-2\">\r\n\t\t\t\t<div class=\"row row-cols-sm-2 imageTextGridRow\">\r\n\t\t\t\t\t\t\t\t\t\t\t\t\t\t\t\t\t\t<div class=\"col-12\">\r\n\t\t\t\t\t\t\t\t<div class=\"imageTextGrid__single\">\r\n\t\t\t\t\t\t\t\t\t<div class=\"imageTextGrid__single__image animateImage\">\r\n\t\t\t\t\t\t\t\t\t\t<img data-sizes=\"auto\" data-srcset=\"https:\/\/nordic-supreme.com\/wp-content\/uploads\/Nordic_Supreme_Genetik_1-300x186.jpg 300w, https:\/\/nordic-supreme.com\/wp-content\/uploads\/Nordic_Supreme_Genetik_1-1024x635.jpg 640w, https:\/\/nordic-supreme.com\/wp-content\/uploads\/Nordic_Supreme_Genetik_1.jpg 1252w, https:\/\/nordic-supreme.com\/wp-content\/uploads\/Nordic_Supreme_Genetik_1.jpg 1252w\" alt=\"\" class=\"lazyload\" data-expand=\"120\" \/>\t\t\t\t\t\t\t\t\t\t<div class=\"animateImage__mask animateImage__mask--light\"><\/div>\r\n\t\t\t\t\t\t\t\t\t<\/div>\r\n\t\t\t\t\t\t\t\t\t<div class=\"imageTextGrid__single__content animateText\">\r\n\t\t\t\t\t\t\t\t\t\t<h3>Cannabis genetik<\/h3>\n<p>Cannabis opdeles i mange typer alt efter virkning. Vi for\u00e6dler alle de vigtige typer med henblik p\u00e5 at forbedre dyrkningsegenskaber og de medicinske og rekreative effekter. Vi bist\u00e5r meget gerne med r\u00e5dgivning til at v\u00e6lge de rigtige sorter.<\/p>\n\t\t\t\t\t\t\t\t\t<\/div>\r\n\t\t\t\t\t\t\t\t<\/div>\r\n\t\t\t\t\t\t\t<\/div>\r\n\t\t\t\t\t\t\t\t\t\t\t\t\t<div class=\"col-12\">\r\n\t\t\t\t\t\t\t\t<div class=\"imageTextGrid__single\">\r\n\t\t\t\t\t\t\t\t\t<div class=\"imageTextGrid__single__image animateImage\">\r\n\t\t\t\t\t\t\t\t\t\t<img data-sizes=\"auto\" data-srcset=\"https:\/\/nordic-supreme.com\/wp-content\/uploads\/Nordic_Supreme_radgivning-1-300x293.jpg 300w, https:\/\/nordic-supreme.com\/wp-content\/uploads\/Nordic_Supreme_radgivning-1-1024x999.jpg 640w, https:\/\/nordic-supreme.com\/wp-content\/uploads\/Nordic_Supreme_radgivning-1.jpg 1250w, https:\/\/nordic-supreme.com\/wp-content\/uploads\/Nordic_Supreme_radgivning-1-1107x1080.jpg 1107w\" alt=\"\" class=\"lazyload\" data-expand=\"120\" \/>\t\t\t\t\t\t\t\t\t\t<div class=\"animateImage__mask animateImage__mask--light\"><\/div>\r\n\t\t\t\t\t\t\t\t\t<\/div>\r\n\t\t\t\t\t\t\t\t\t<div class=\"imageTextGrid__single__content animateText\">\r\n\t\t\t\t\t\t\t\t\t\t<h3>Hamp genetik<\/h3>\n<p>Vi arbejder intenst med at maksimere indholdet af CBD og minimere indholdet af THC i vores Hamp for\u00e6dling samtidig med at vi optimerer udbytte af t\u00f8rret blomst. For\u00e6dlingen er rettet mod b\u00e5de drivhus- og frilandsdyrkning af hamp.<\/p>\n\t\t\t\t\t\t\t\t\t<\/div>\r\n\t\t\t\t\t\t\t\t<\/div>\r\n\t\t\t\t\t\t\t<\/div>\r\n\t\t\t\t\t\t\t\t\t\t\t\t\t\t\t<\/div>\r\n\t\t\t<\/div>\r\n\t\t<\/div>\r\n\t<\/div>\r\n<\/div>\n\n\r\n<div id=\"productOverviewBlock-block_6083cc66e200c\" class=\"productOverviewBlock\">\r\n\t<div class=\"container\">\r\n\t\t<div class=\"row\">\r\n\t\t\t<div class='col-12 col-lg-10 col-xl-8 offset-lg-1 offset-xl-2'>\r\n\t\t\t\t<div class=\"productOverviewBlock__text animateText\">\r\n\t\t\t\t\t<h1>Sortimentsoversigt, klon sorter<\/h1>\n<h2>THC sorter<\/h2>\n<p>THC sorter opdeles i Sativa dominante, Indica dominante og Exotics. Sativa dominante har typisk en opkvikkende effekt, mens Indica dominante har en beroligende effekt. Exotics adskiller sig typisk ved at have ekstraordin\u00e6rt gode sensoriske egenskaber.<\/p>\n\t\t\t\t<\/div>\r\n\t\t\t\t<div class=\"productOverviewBlock__list\">\r\n\t\t\t\t\t\t\t\t\t\t\t\t\t\t\t\t\t\t<div class=\"productOverview animateText\">\r\n\t\t\t\t\t\t\t\t<h2>Sativa dominant<\/h2>\r\n\t\t\t\t\t\t\t\t\t\t\t\t\t\t\t\t\t<div class=\"productOverview__row row row-cols-sm-2 row-cols-lg-3 \">\r\n\t\t\t\t\t\t\t\t\t\t\t\t\t\t\t\t\t\t\t\t\t<div class=\"col-12\">\r\n\t\t\t\t\t\t\t\t\t\t\t\t<div class=\"productOverviewSingle\">\r\n\t\t\t\t\t\t\t\t\t\t\t\t\t<h4>Hazes<\/h4>\n\t\t\t\t\t\t\t\t\t\t\t\t<\/div>\r\n\t\t\t\t\t\t\t\t\t\t\t<\/div>\r\n\t\t\t\t\t\t\t\t\t\t\t\t\t\t\t\t\t\t\t\t\t<div class=\"col-12\">\r\n\t\t\t\t\t\t\t\t\t\t\t\t<div class=\"productOverviewSingle\">\r\n\t\t\t\t\t\t\t\t\t\t\t\t\t<h4>Diesels<\/h4>\n\t\t\t\t\t\t\t\t\t\t\t\t<\/div>\r\n\t\t\t\t\t\t\t\t\t\t\t<\/div>\r\n\t\t\t\t\t\t\t\t\t\t\t\t\t\t\t\t\t\t\t\t\t<div class=\"col-12\">\r\n\t\t\t\t\t\t\t\t\t\t\t\t<div class=\"productOverviewSingle\">\r\n\t\t\t\t\t\t\t\t\t\t\t\t\t<h4>Blues<\/h4>\n\t\t\t\t\t\t\t\t\t\t\t\t<\/div>\r\n\t\t\t\t\t\t\t\t\t\t\t<\/div>\r\n\t\t\t\t\t\t\t\t\t\t\t\t\t\t\t\t\t\t\t\t\t<div class=\"col-12\">\r\n\t\t\t\t\t\t\t\t\t\t\t\t<div class=\"productOverviewSingle\">\r\n\t\t\t\t\t\t\t\t\t\t\t\t\t<h4>Oranges<\/h4>\n\t\t\t\t\t\t\t\t\t\t\t\t<\/div>\r\n\t\t\t\t\t\t\t\t\t\t\t<\/div>\r\n\t\t\t\t\t\t\t\t\t\t\t\t\t\t\t\t\t\t\t\t\t<div class=\"col-12\">\r\n\t\t\t\t\t\t\t\t\t\t\t\t<div class=\"productOverviewSingle\">\r\n\t\t\t\t\t\t\t\t\t\t\t\t\t<h4>Whites<\/h4>\n\t\t\t\t\t\t\t\t\t\t\t\t<\/div>\r\n\t\t\t\t\t\t\t\t\t\t\t<\/div>\r\n\t\t\t\t\t\t\t\t\t\t\t\t\t\t\t\t\t\t\t<\/div>\r\n\t\t\t\t\t\t\t\t\t\t\t\t\t\t\t<\/div>\r\n\t\t\t\t\t\t\t\t\t\t\t\t\t<div class=\"productOverview animateText\">\r\n\t\t\t\t\t\t\t\t<h2>Indica dominant<\/h2>\r\n\t\t\t\t\t\t\t\t\t\t\t\t\t\t\t\t\t<div class=\"productOverview__row row row-cols-sm-2 row-cols-lg-3 \">\r\n\t\t\t\t\t\t\t\t\t\t\t\t\t\t\t\t\t\t\t\t\t<div class=\"col-12\">\r\n\t\t\t\t\t\t\t\t\t\t\t\t<div class=\"productOverviewSingle\">\r\n\t\t\t\t\t\t\t\t\t\t\t\t\t<h4>Kushes<\/h4>\n\t\t\t\t\t\t\t\t\t\t\t\t<\/div>\r\n\t\t\t\t\t\t\t\t\t\t\t<\/div>\r\n\t\t\t\t\t\t\t\t\t\t\t\t\t\t\t\t\t\t\t\t\t<div class=\"col-12\">\r\n\t\t\t\t\t\t\t\t\t\t\t\t<div class=\"productOverviewSingle\">\r\n\t\t\t\t\t\t\t\t\t\t\t\t\t<h4>Skunks<\/h4>\n\t\t\t\t\t\t\t\t\t\t\t\t<\/div>\r\n\t\t\t\t\t\t\t\t\t\t\t<\/div>\r\n\t\t\t\t\t\t\t\t\t\t\t\t\t\t\t\t\t\t\t\t\t<div class=\"col-12\">\r\n\t\t\t\t\t\t\t\t\t\t\t\t<div class=\"productOverviewSingle\">\r\n\t\t\t\t\t\t\t\t\t\t\t\t\t<h4>Afghans<\/h4>\n\t\t\t\t\t\t\t\t\t\t\t\t<\/div>\r\n\t\t\t\t\t\t\t\t\t\t\t<\/div>\r\n\t\t\t\t\t\t\t\t\t\t\t\t\t\t\t\t\t\t\t<\/div>\r\n\t\t\t\t\t\t\t\t\t\t\t\t\t\t\t<\/div>\r\n\t\t\t\t\t\t\t\t\t\t\t\t\t<div class=\"productOverview animateText\">\r\n\t\t\t\t\t\t\t\t<h2>Exotic Hybrids<\/h2>\r\n\t\t\t\t\t\t\t\t\t\t\t\t\t\t\t\t\t<div class=\"productOverview__row row row-cols-sm-2 row-cols-lg-3 \">\r\n\t\t\t\t\t\t\t\t\t\t\t\t\t\t\t\t\t\t\t\t\t<div class=\"col-12\">\r\n\t\t\t\t\t\t\t\t\t\t\t\t<div class=\"productOverviewSingle\">\r\n\t\t\t\t\t\t\t\t\t\t\t\t\t<h4>Cookies<\/h4>\n\t\t\t\t\t\t\t\t\t\t\t\t<\/div>\r\n\t\t\t\t\t\t\t\t\t\t\t<\/div>\r\n\t\t\t\t\t\t\t\t\t\t\t\t\t\t\t\t\t\t\t<\/div>\r\n\t\t\t\t\t\t\t\t\t\t\t\t\t\t\t<\/div>\r\n\t\t\t\t\t\t\t\t\t\t\t\t\t<div class=\"productOverview animateText\">\r\n\t\t\t\t\t\t\t\t<h2>CBD-varieties<\/h2>\r\n\t\t\t\t\t\t\t\t\t\t\t\t\t\t\t\t\t<div class=\"productOverview__row row row-cols-sm-2 row-cols-lg-3 \">\r\n\t\t\t\t\t\t\t\t\t\t\t\t\t\t\t\t\t\t\t\t\t<div class=\"col-12\">\r\n\t\t\t\t\t\t\t\t\t\t\t\t<div class=\"productOverviewSingle\">\r\n\t\t\t\t\t\t\t\t\t\t\t\t\t<h4>Balanced 1:1<\/h4>\n\t\t\t\t\t\t\t\t\t\t\t\t<\/div>\r\n\t\t\t\t\t\t\t\t\t\t\t<\/div>\r\n\t\t\t\t\t\t\t\t\t\t\t\t\t\t\t\t\t\t\t\t\t<div class=\"col-12\">\r\n\t\t\t\t\t\t\t\t\t\t\t\t<div class=\"productOverviewSingle\">\r\n\t\t\t\t\t\t\t\t\t\t\t\t\t<h4>Balanced 2:1<\/h4>\n\t\t\t\t\t\t\t\t\t\t\t\t<\/div>\r\n\t\t\t\t\t\t\t\t\t\t\t<\/div>\r\n\t\t\t\t\t\t\t\t\t\t\t\t\t\t\t\t\t\t\t\t\t<div class=\"col-12\">\r\n\t\t\t\t\t\t\t\t\t\t\t\t<div class=\"productOverviewSingle\">\r\n\t\t\t\t\t\t\t\t\t\t\t\t\t<h4>Balanced 1:2<\/h4>\n\t\t\t\t\t\t\t\t\t\t\t\t<\/div>\r\n\t\t\t\t\t\t\t\t\t\t\t<\/div>\r\n\t\t\t\t\t\t\t\t\t\t\t\t\t\t\t\t\t\t\t\t\t<div class=\"col-12\">\r\n\t\t\t\t\t\t\t\t\t\t\t\t<div class=\"productOverviewSingle\">\r\n\t\t\t\t\t\t\t\t\t\t\t\t\t<h4>Hemp 1:0<\/h4>\n\t\t\t\t\t\t\t\t\t\t\t\t<\/div>\r\n\t\t\t\t\t\t\t\t\t\t\t<\/div>\r\n\t\t\t\t\t\t\t\t\t\t\t\t\t\t\t\t\t\t\t<\/div>\r\n\t\t\t\t\t\t\t\t\t\t\t\t\t\t\t<\/div>\r\n\t\t\t\t\t\t\t\t\t\t\t\t\t\t\t<\/div>\r\n\t\t\t\t\t\t\t\t\t<div class=\"productOverviewBlock__disclaimer animateText\">\r\n\t\t\t\t\t\t<p>Disclaimer:<\/p>\n<p>Nordic Supremes descriptions, illustrations, growing advices and any other information in whatever form for example on sowing, planting, and harvesting dates are based as precisely as possible on experiences in trials and in practice. However, Nordic Supremes does not accept in any case liability for damages resulting from the use of such descriptions, illustrations, growing advices and information. The buyer\/user itself is responsible to determine whether the products and growing advices are suitable to be used for the intended cultivations and under the local conditions.<\/p>\n\t\t\t\t\t<\/div>\r\n\t\t\t\t\t\t\t<\/div>\r\n\t\t<\/div>\t\t\r\n\t<\/div>\r\n<\/div>\n\n\r\n<div id=\"subscribeBlock-block_60645ba3521d5\" class=\"subscribeBlock\">\r\n\t<div class=\"container\">\r\n\t\t<div class=\"row\">\r\n\t\t\t<div class=\"col-12 col-lg-10 col-xl-8 offset-lg-1 offset-xl-2\">\r\n\t\t\t\t<div class=\"subscribe\">\r\n\t\t\t\t\t<form class=\"subscribe__form styleHeading1 animateText\" id='contactForm'>\r\n\t\t\t\t\t\t<h2>Har du brug for professionel sparring?<\/h2>\n\t\t\t\t\t\t<div class=\"inputWrap\">\r\n\t\t\t\t\t\t\t<label for=\"name\">For- og efternavn*<\/label>\r\n\t\t\t\t\t\t\t<input type=\"text\" name='name' id='name' required>\r\n\t\t\t\t\t\t<\/div>\r\n\t\t\t\t\t\t<div class=\"inputWrap\">\r\n\t\t\t\t\t\t\t<label for=\"email\">E-mail*<\/label>\r\n\t\t\t\t\t\t\t<input type=\"text\" name='email' id='email' required>\r\n\t\t\t\t\t\t<\/div>\r\n\t\t\t\t\t\t<div class=\"inputWrap\">\r\n\t\t\t\t\t\t\t<label for=\"firma\">Firma*<\/label>\r\n\t\t\t\t\t\t\t<input type=\"text\" name='firma' id='firma' required>\r\n\t\t\t\t\t\t<\/div>\r\n\t\t\t\t\t\t<div class=\"inputWrap\">\r\n\t\t\t\t\t\t\t<label for=\"Address\">Adresse<\/label>\r\n\t\t\t\t\t\t\t<input type=\"text\" name='Address' id='Address'>\r\n\t\t\t\t\t\t<\/div>\r\n\t\t\t\t\t\t<div class=\"permission\">\r\n\t\t\t\t\t\t\t<svg class=\"inline-svg\">\r\n\t\t\t\t\t\t\t  <symbol id=\"check\" viewBox=\"0 0 12 10\">\r\n\t\t\t\t\t\t\t\t<polyline points=\"1.5 6 4.5 9 10.5 1\"><\/polyline>\r\n\t\t\t\t\t\t\t  <\/symbol>\r\n\t\t\t\t\t\t\t<\/svg>\r\n\t\t\t\t\t\t\t<input class=\"inp-cbx\" id=\"accept\" name='accept' type=\"checkbox\" required>\r\n\t\t\t\t\t\t\t<label class=\"cbx\" for=\"accept\">\r\n\t\t\t\t\t\t\t\t<span>\r\n\t\t\t\t\t\t\t\t\t<svg width=\"12px\" height=\"10px\">\r\n\t\t\t\t\t\t\t\t\t\t<use xlink:href=\"#check\"><\/use>\r\n\t\t\t\t\t\t\t\t\t<\/svg>\r\n\t\t\t\t\t\t\t\t<\/span>\r\n\t\t\t\t\t\t\t\t<span>\r\n\t\t\t\t\t\t\t\t\tJeg accepterer Nordic Supremes <a href='https:\/\/nordic-supreme.com\/persondatapolitik\/' target='_blank'>cookie- og privatlivspolitik<\/a>\t\t\t\t\t\t\t\t<\/span>\r\n\t\t\t\t\t\t\t<\/label>\r\n\t\t\t\t\t\t<\/div>\r\n\t\t\t\t\t\t<div class=\"subscribe__form__button\">\r\n\t\t\t\t\t\t\t<button class=\"buttonRounded btn\"><span class=\"dot\"><\/span><span class=\"btn__inner\">Send<\/span><\/button>\r\n\t\t\t\t\t\t\t<div class=\"subscribe__form__button__message\">Sendt<\/div>\r\n\t\t\t\t\t\t<\/div>\r\n\t\t\t\t\t<\/form>\r\n\t\t\t\t\t<div class=\"subscribe__box\">\r\n\t\t\t\t\t\t<div class=\"subscribe__box__inner\">\r\n\t\t\t\t\t\t\t<h2>Du kan ogs\u00e5 kontakte os direkte<\/h2>\n<p>Kontakt os og h\u00f8r n\u00e6rmere om, hvordan vi kan hj\u00e6lpe dig med at udvikle din forretning<\/p>\n<h4><\/h4>\t\t\t\t\t\t\t\t\t<div class=\"contactWrap\">\r\n\t\t\t\t\t\t\t\t\t\t<div><div class=\"boxImgWrap\"><svg width=\"22px\" height=\"16px\" viewBox=\"0 0 22 16\" version=\"1.1\" xmlns=\"http:\/\/www.w3.org\/2000\/svg\" xmlns:xlink=\"http:\/\/www.w3.org\/1999\/xlink\"> <g id=\"Symbols\" stroke=\"none\" stroke-width=\"1\" fill=\"none\" fill-rule=\"evenodd\"> <g id=\"Contact-form--\/-Hybrid\" transform=\"translate(-1087.000000, -411.000000)\" fill=\"#F4CB64\"> <g id=\"Contact-form\" transform=\"translate(323.000000, -11.000000)\"> <g id=\"Text\" transform=\"translate(759.000000, 159.000000)\"> <g id=\"Tools-\/-Technology-\/-email-\/-24\" transform=\"translate(4.000000, 259.000000)\"> <path d=\"M21,4.5 L3,4.5 C2.17157288,4.5 1.5,5.17157288 1.5,6 L1.5,18 C1.5,18.8284271 2.17157288,19.5 3,19.5 L21,19.5 C21.8284271,19.5 22.5,18.8284271 22.5,18 L22.5,6 C22.5,5.17157288 21.8284271,4.5 21,4.5 Z M19.35,6 L12,11.085 L4.65,6 L19.35,6 Z M3,18 L3,6.6825 L11.5725,12.615 C11.829596,12.7933553 12.170404,12.7933553 12.4275,12.615 L21,6.6825 L21,18 L3,18 Z\" id=\"Fill\"><\/path> <\/g> <\/g> <\/g> <\/g> <\/g> <\/svg><\/div><a href=\"mailto:info@nordic-supreme.com\">info@nordic-supreme.com<\/a><\/div><div><div class=\"boxImgWrap\"><svg width=\"12px\" height=\"20px\" viewBox=\"0 0 12 20\" version=\"1.1\" xmlns=\"http:\/\/www.w3.org\/2000\/svg\" xmlns:xlink=\"http:\/\/www.w3.org\/1999\/xlink\"> <g id=\"Symbols\" stroke=\"none\" stroke-width=\"1\" fill=\"none\" fill-rule=\"evenodd\"> <g id=\"Contact-form--\/-Hybrid\" transform=\"translate(-1092.000000, -441.000000)\" fill=\"#F4CB64\"> <g id=\"Contact-form\" transform=\"translate(323.000000, -11.000000)\"> <g id=\"Text\" transform=\"translate(759.000000, 159.000000)\"> <g id=\"Tools-\/-Technology-\/-email-\/-24-Copy\" transform=\"translate(4.000000, 290.000000)\"> <path d=\"M16.5,3 L7.5,3 C6.67191561,3.00082684 6.00082684,3.67191561 6,4.5 L6,21 C6.00082684,21.8280844 6.67191561,22.4991732 7.5,22.5 L16.5,22.5 C17.3279133,22.4987609 17.9987609,21.8279133 18,21 L18,4.5 C17.9991732,3.67191561 17.3280844,3.00082684 16.5,3 Z M16.5,4.5 L16.5,6 L7.5,6 L7.5,4.5 L16.5,4.5 Z M7.5,21 L7.5,7.5 L16.5,7.5 L16.5,21 L7.5,21 Z\" id=\"Fill\"><\/path> <\/g> <\/g> <\/g> <\/g> <\/g> <\/svg><\/div><a href=\"tel:+45 65 96 29 27\">+45 65 96 29 27<\/a><\/div>\t\t\t\t\t\t\t\t\t<\/div>\r\n\t\t\t\t\t\t\t\t\t\t\t\t\t\t<\/div>\r\n\t\t\t\t\t<\/div>\r\n\t\t\t\t<\/div>\r\n\t\t\t<\/div>\r\n\t\t<\/div>\r\n\t<\/div>\r\n<\/div>","protected":false},"excerpt":{"rendered":"","protected":false},"author":1,"featured_media":383,"parent":0,"menu_order":0,"comment_status":"closed","ping_status":"closed","template":"","meta":{"footnotes":""},"class_list":["post-30","page","type-page","status-publish","has-post-thumbnail","hentry"],"yoast_head":"<!-- This site is optimized with the Yoast SEO plugin v17.3 - https:\/\/yoast.com\/wordpress\/plugins\/seo\/ -->\n<title>Genetik - Nordic Supreme<\/title>\n<meta name=\"description\" content=\"Valget af sort er et af de vigtigste valg der tr\u00e6ffes i produktionen. Det er ofte et kompliceret valg, der er baseret p\u00e5 sortsleverand\u00f8rens anbefalinger, egne og andres erfaringer.\" \/>\n<meta name=\"robots\" content=\"index, follow, max-snippet:-1, max-image-preview:large, max-video-preview:-1\" \/>\n<link rel=\"canonical\" href=\"https:\/\/nordic-supreme.com\/da\/genetik\/\" \/>\n<meta property=\"og:locale\" content=\"da_DK\" \/>\n<meta property=\"og:type\" content=\"article\" \/>\n<meta property=\"og:title\" content=\"Genetik - Nordic Supreme\" \/>\n<meta property=\"og:description\" content=\"Valget af sort er et af de vigtigste valg der tr\u00e6ffes i produktionen. Det er ofte et kompliceret valg, der er baseret p\u00e5 sortsleverand\u00f8rens anbefalinger, egne og andres erfaringer.\" \/>\n<meta property=\"og:url\" content=\"https:\/\/nordic-supreme.com\/da\/genetik\/\" \/>\n<meta property=\"og:site_name\" content=\"Nordic Supreme\" \/>\n<meta property=\"article:modified_time\" content=\"2021-05-05T11:22:52+00:00\" \/>\n<meta property=\"og:image\" content=\"https:\/\/nordic-supreme.com\/wp-content\/uploads\/Nordic_Supreme_Research_1.jpg\" \/>\n\t<meta property=\"og:image:width\" content=\"1252\" \/>\n\t<meta property=\"og:image:height\" content=\"776\" \/>\n<meta name=\"twitter:card\" content=\"summary_large_image\" \/>\n<script type=\"application\/ld+json\" class=\"yoast-schema-graph\">{\"@context\":\"https:\/\/schema.org\",\"@graph\":[{\"@type\":\"WebSite\",\"@id\":\"https:\/\/nordic-supreme.com\/#website\",\"url\":\"https:\/\/nordic-supreme.com\/\",\"name\":\"Nordic Supreme\",\"description\":\"Professionel sparring til cannabis genetik\",\"potentialAction\":[{\"@type\":\"SearchAction\",\"target\":{\"@type\":\"EntryPoint\",\"urlTemplate\":\"https:\/\/nordic-supreme.com\/?s={search_term_string}\"},\"query-input\":\"required name=search_term_string\"}],\"inLanguage\":\"da-DK\"},{\"@type\":\"ImageObject\",\"@id\":\"https:\/\/nordic-supreme.com\/da\/genetik\/#primaryimage\",\"inLanguage\":\"da-DK\",\"url\":\"https:\/\/nordic-supreme.com\/wp-content\/uploads\/Nordic_Supreme_Research_1.jpg\",\"contentUrl\":\"https:\/\/nordic-supreme.com\/wp-content\/uploads\/Nordic_Supreme_Research_1.jpg\",\"width\":1252,\"height\":776},{\"@type\":\"WebPage\",\"@id\":\"https:\/\/nordic-supreme.com\/da\/genetik\/#webpage\",\"url\":\"https:\/\/nordic-supreme.com\/da\/genetik\/\",\"name\":\"Genetik - Nordic Supreme\",\"isPartOf\":{\"@id\":\"https:\/\/nordic-supreme.com\/#website\"},\"primaryImageOfPage\":{\"@id\":\"https:\/\/nordic-supreme.com\/da\/genetik\/#primaryimage\"},\"datePublished\":\"2021-03-26T10:16:20+00:00\",\"dateModified\":\"2021-05-05T11:22:52+00:00\",\"description\":\"Valget af sort er et af de vigtigste valg der tr\\u00e6ffes i produktionen. Det er ofte et kompliceret valg, der er baseret p\\u00e5 sortsleverand\\u00f8rens anbefalinger, egne og andres erfaringer.\",\"breadcrumb\":{\"@id\":\"https:\/\/nordic-supreme.com\/da\/genetik\/#breadcrumb\"},\"inLanguage\":\"da-DK\",\"potentialAction\":[{\"@type\":\"ReadAction\",\"target\":[\"https:\/\/nordic-supreme.com\/da\/genetik\/\"]}]},{\"@type\":\"BreadcrumbList\",\"@id\":\"https:\/\/nordic-supreme.com\/da\/genetik\/#breadcrumb\",\"itemListElement\":[{\"@type\":\"ListItem\",\"position\":1,\"name\":\"Home\",\"item\":\"https:\/\/nordic-supreme.com\/da\/\"},{\"@type\":\"ListItem\",\"position\":2,\"name\":\"Genetik\"}]}]}<\/script>\n<!-- \/ Yoast SEO plugin. -->","yoast_head_json":{"title":"Genetik - Nordic Supreme","description":"Valget af sort er et af de vigtigste valg der tr\u00e6ffes i produktionen. Det er ofte et kompliceret valg, der er baseret p\u00e5 sortsleverand\u00f8rens anbefalinger, egne og andres erfaringer.","robots":{"index":"index","follow":"follow","max-snippet":"max-snippet:-1","max-image-preview":"max-image-preview:large","max-video-preview":"max-video-preview:-1"},"canonical":"https:\/\/nordic-supreme.com\/da\/genetik\/","og_locale":"da_DK","og_type":"article","og_title":"Genetik - Nordic Supreme","og_description":"Valget af sort er et af de vigtigste valg der tr\u00e6ffes i produktionen. Det er ofte et kompliceret valg, der er baseret p\u00e5 sortsleverand\u00f8rens anbefalinger, egne og andres erfaringer.","og_url":"https:\/\/nordic-supreme.com\/da\/genetik\/","og_site_name":"Nordic Supreme","article_modified_time":"2021-05-05T11:22:52+00:00","og_image":[{"width":1252,"height":776,"url":"https:\/\/nordic-supreme.com\/wp-content\/uploads\/Nordic_Supreme_Research_1.jpg","type":"image\/jpeg"}],"twitter_card":"summary_large_image","schema":{"@context":"https:\/\/schema.org","@graph":[{"@type":"WebSite","@id":"https:\/\/nordic-supreme.com\/#website","url":"https:\/\/nordic-supreme.com\/","name":"Nordic Supreme","description":"Professionel sparring til cannabis genetik","potentialAction":[{"@type":"SearchAction","target":{"@type":"EntryPoint","urlTemplate":"https:\/\/nordic-supreme.com\/?s={search_term_string}"},"query-input":"required name=search_term_string"}],"inLanguage":"da-DK"},{"@type":"ImageObject","@id":"https:\/\/nordic-supreme.com\/da\/genetik\/#primaryimage","inLanguage":"da-DK","url":"https:\/\/nordic-supreme.com\/wp-content\/uploads\/Nordic_Supreme_Research_1.jpg","contentUrl":"https:\/\/nordic-supreme.com\/wp-content\/uploads\/Nordic_Supreme_Research_1.jpg","width":1252,"height":776},{"@type":"WebPage","@id":"https:\/\/nordic-supreme.com\/da\/genetik\/#webpage","url":"https:\/\/nordic-supreme.com\/da\/genetik\/","name":"Genetik - Nordic Supreme","isPartOf":{"@id":"https:\/\/nordic-supreme.com\/#website"},"primaryImageOfPage":{"@id":"https:\/\/nordic-supreme.com\/da\/genetik\/#primaryimage"},"datePublished":"2021-03-26T10:16:20+00:00","dateModified":"2021-05-05T11:22:52+00:00","description":"Valget af sort er et af de vigtigste valg der tr\u00e6ffes i produktionen. Det er ofte et kompliceret valg, der er baseret p\u00e5 sortsleverand\u00f8rens anbefalinger, egne og andres erfaringer.","breadcrumb":{"@id":"https:\/\/nordic-supreme.com\/da\/genetik\/#breadcrumb"},"inLanguage":"da-DK","potentialAction":[{"@type":"ReadAction","target":["https:\/\/nordic-supreme.com\/da\/genetik\/"]}]},{"@type":"BreadcrumbList","@id":"https:\/\/nordic-supreme.com\/da\/genetik\/#breadcrumb","itemListElement":[{"@type":"ListItem","position":1,"name":"Home","item":"https:\/\/nordic-supreme.com\/da\/"},{"@type":"ListItem","position":2,"name":"Genetik"}]}]}},"_links":{"self":[{"href":"https:\/\/nordic-supreme.com\/da\/wp-json\/wp\/v2\/pages\/30","targetHints":{"allow":["GET"]}}],"collection":[{"href":"https:\/\/nordic-supreme.com\/da\/wp-json\/wp\/v2\/pages"}],"about":[{"href":"https:\/\/nordic-supreme.com\/da\/wp-json\/wp\/v2\/types\/page"}],"author":[{"embeddable":true,"href":"https:\/\/nordic-supreme.com\/da\/wp-json\/wp\/v2\/users\/1"}],"replies":[{"embeddable":true,"href":"https:\/\/nordic-supreme.com\/da\/wp-json\/wp\/v2\/comments?post=30"}],"version-history":[{"count":39,"href":"https:\/\/nordic-supreme.com\/da\/wp-json\/wp\/v2\/pages\/30\/revisions"}],"predecessor-version":[{"id":975,"href":"https:\/\/nordic-supreme.com\/da\/wp-json\/wp\/v2\/pages\/30\/revisions\/975"}],"wp:featuredmedia":[{"embeddable":true,"href":"https:\/\/nordic-supreme.com\/da\/wp-json\/wp\/v2\/media\/383"}],"wp:attachment":[{"href":"https:\/\/nordic-supreme.com\/da\/wp-json\/wp\/v2\/media?parent=30"}],"curies":[{"name":"wp","href":"https:\/\/api.w.org\/{rel}","templated":true}]}}