{"id":3,"date":"2021-03-26T08:00:11","date_gmt":"2021-03-26T08:00:11","guid":{"rendered":"https:\/\/nordic-supreme.com\/?page_id=3"},"modified":"2021-04-23T10:42:59","modified_gmt":"2021-04-23T10:42:59","slug":"persondatapolitik","status":"publish","type":"page","link":"https:\/\/nordic-supreme.com\/da\/persondatapolitik\/","title":{"rendered":"Persondatapolitik"},"content":{"rendered":"<div class=\"section section--small\" id='section-block_6078116773bb4'>\r\n\t<div class=\"container\">\r\n\t\t<div class=\"row\">\r\n\t\t\t<div class=\"col-12 col-lg-10 offset-lg-1 col-xl-8 offset-xl-2\">\r\n\t\t\t\t<div class=\"section__content\" style='max-width:'>\r\n\t\t\t\t\t\n\n<h1 class=\"wp-block-heading\">Persondatapolitik<\/h1>\n\n\n\n<h3 class=\"wp-block-heading\">1. Introduktion<\/h3>\n\n\n\n<p>Vores m\u00e5l er, at du har tillid til, at vi behandler dine personoplysninger p\u00e5 en gennemsigtig og sikker m\u00e5de. Det er derfor vigtigt for os, at du tager dig tid til at l\u00e6se denne persondatapolitik, som vil informere dig om vores h\u00e5ndtering af dine personoplysninger.<\/p>\n\n\n\n<p>Denne persondatapolitik g\u00e6lder for Nordic Supreme by Scandinavian Cannabis A\/S (i det f\u00f8lgende ben\u00e6vnt Nordic Supreme).<\/p>\n\n\n\n<p>Form\u00e5let med persondatapolitikken er at oplyse dig om m\u00e5den, omfanget af og form\u00e5let med behandlingen af personoplysninger p\u00e5 vores hjemmeside og om de rettigheder, som du if\u00f8lge Persondataforordningen har. Personoplysninger er i henhold til art. 6 i Databeskyttelsesforordningen defineret som enhver form for information om en identificeret eller identificerbar fysisk person.<\/p>\n\n\n\n<p>Nordic Supreme behandler udelukkende n\u00f8dvendige personoplysninger om dig og i henhold til rammerne af Databeskyttelsesforordningen og de \u00f8vrige g\u00e6ldende databeskyttelsesregler.<\/p>\n\n\n\n<p>Denne persondatapolitik stiller oplysninger til r\u00e5dighed i henhold til art. 4 i Databeskyttelsesforordningen.<\/p>\n\n\n\n<h3 class=\"wp-block-heading\">2. Dataansvarlig<\/h3>\n\n\n\n<p>Den juridiske enhed, der er dataansvarlig for indsamling og behandling af dine personoplysninger er angivet nedenfor:<\/p>\n\n\n\n<p>Nordic Supreme<br>Hellevad 37<br>5690 Tommerup<br>Telefon: +45 30 42 81 66<br>E-Mail: info@nordic-supreme.com<br><\/p>\n\n\n\n<h3 class=\"wp-block-heading\">3.Generelt om behandlingen af personoplysninger<\/h3>\n\n\n\n<p>Alle sp\u00f8rgsm\u00e5l, som du m\u00e5tte have, kan fremsendes til os p\u00e5 e-mailadressen info@nordic-supreme.com eller pr. post til den ovenn\u00e6vnte adresse for Nordic Supreme.<\/p>\n\n\n\n<p>Da regler om databeskyttelse kan v\u00e6re genstand for \u00e6ndringer, eller fordi virksomhedsinterne \u00e6ndringer i processerne kan n\u00f8dvendigg\u00f8re en tilpasning, beder vi dig om regelm\u00e6ssigt at l\u00e6se persondatapolitikken igennem.<\/p>\n\n\n\n<h3 class=\"wp-block-heading\">4. Typer af behandling, form\u00e5l og retsgrundlag for indsamlingen af data<\/h3>\n\n\n\n<p>A) Bes\u00f8g p\u00e5 hjemmesiden<br>Ved bes\u00f8g p\u00e5 vores hjemmeside behandler vi automatisk generelle oplysninger og personoplysninger fra brugerens enhed, herunder f\u00f8lgende data:<\/p>\n\n\n\n<p>Oplysninger om webbrowserens type og den benyttede version<br>Operativsystemet og brugerens IP-adresse<br>Dato og klokkesl\u00e6t for bes\u00f8get<br>Websteder, hvorfra brugeren kommer til vores hjemmeside<br>Oplysningerne gemmes ligeledes i vores systems protokolfiler. Vi gemmer ikke IP-adresse eller andre oplysninger, der kan henf\u00f8res til dig.<\/p>\n\n\n\n<p>Retsgrundlaget for behandling af dine personoplysninger er art. 6, stk. 1, litra f), i Databeskyttelsesforordningen: Nordic Supreme\u2019s legitime interesse, som best\u00e5r i at kunne levere og drive hjemmesiden og funktionerne herp\u00e5.<\/p>\n\n\n\n<p>B) Kontakt til Nordic Supreme via e-mailadressen info@nordic-supreme.com<br>Personoplysninger behandles ogs\u00e5, n\u00e5r du angiver oplysninger pr. mail til info@nordic-supreme.com.<\/p>\n\n\n\n<p>Information i din foresp\u00f8rgsel anvendes til behandling af henvendelsen, og de oplysninger, som fremg\u00e5r af din mail opbevares midlertidigt.<\/p>\n\n\n\n<p>Retsgrundlaget for behandling af disse personoplysninger er i henhold til art. 6, stk. 1, litra f), i Databeskyttelsesforordningen: Nordic Supreme&#8217;s legitime interesse, som best\u00e5r i at h\u00e5ndtere og besvare henvendelser fra brugere af hjemmesiden.<\/p>\n\n\n\n<p>C) Rekruttering<br>I forbindelse med rekruttering af nye medarbejdere til Nordic Supreme indsamler og behandler vi dine personoplysninger i l\u00f8bet af rekrutteringsprocessen. Det g\u00e6lder b\u00e5de i forhold til opsl\u00e5ede stillinger, som du s\u00f8ger hos os, uopfordrede ans\u00f8gninger via vores rekrutteringssystem og i forhold til situationer, hvor vi rekrutterer dig.<\/p>\n\n\n\n<p>Form\u00e5let med behandlingen af dine personoplysninger er at kunne vurdere dine kvalifikationer i forhold til den konkrete stilling, som du har s\u00f8gt, eller i forhold til en anden \u00e5ben stilling hos Nordic Supreme, som kan v\u00e6re relevant for dig.<\/p>\n\n\n\n<p>Vi behandler en r\u00e6kke almindelige personoplysninger om dig indsamlet direkte fra dig eller via eksterne Search bureauer, som vi samarbejder med. Det er typisk de oplysninger, som du selv har fremsendt til os eller vores eksterne samarbejdspartnere s\u00e5som ans\u00f8gning, CV, og uddannelsesdokumentation.<\/p>\n\n\n\n<p>Nordic Supreme er dataansvarlige for de personoplysninger, som du indtaster via rekrutteringssystemet p\u00e5 vores hjemmeside. Systemet er leveret af Garuda AS. N\u00e5r du ans\u00f8ger via systemet tillader dit samtykke, at vi registrerer, indsamler og behandler dine personoplysninger.<\/p>\n\n\n\n<p>Udover disse personoplysninger behandler vi ligeledes de persondata, som du selv har offentliggjort p\u00e5 fx LinkedIn og tilsvarende sociale medier\/hjemmesider.<\/p>\n\n\n\n<p>Som led i rekrutteringsprocessen kan du med dit tilsagn i form af en samtykkeerkl\u00e6ring blive bedt om at udfylde tests og opgive referencer. Noter fra referencer og testresultater slettes efter endt rekrutteringsproces, s\u00e5fremt du ikke bliver ansat.<\/p>\n\n\n\n<p>Vi kan dele din ans\u00f8gning med interne interessenter i vores organisation, som er involveret i den p\u00e5g\u00e6ldende rekruttering. Adgang til dine persondata for disse interne interessenter er begr\u00e6nset og bliver afsluttet, n\u00e5r rekrutteringsprocessen er tilendebragt.<\/p>\n\n\n\n<p>Hvis du lider af eller har lidt af en sygdom, der vil have v\u00e6sentlig betydning for din arbejdsdygtighed i forhold til den p\u00e5g\u00e6ldende stilling, som du har s\u00f8gt eller er kandidat til, skal du lovm\u00e6ssigt senest under en eventuel jobsamtale give os oplysning herom. Vi behandler kun oplysningen sammen med dine \u00f8vrige persondata, hvis det er relevant. Bem\u00e6rk, at helbredsoplysninger betragtes som \u201df\u00f8lsomme personoplysninger\u201d.<\/p>\n\n\n\n<p>Ligeledes g\u00f8r vi opm\u00e6rksom p\u00e5, at alle stillinger hos Nordic Supreme kr\u00e6ver en ren straffeattest, s\u00e5 hvis du bliver ansat hos Nordic Supreme vil vi med dit samtykke bede dig om at give os kopi af din straffeattest. Udover ovenst\u00e5ende, henstiller vi til, at du udelader opgivelse af f\u00f8lsomme oplysninger.<\/p>\n\n\n\n<p>Dine personoplysninger opbevares i rekrutteringssystemet i en periode p\u00e5 seks m\u00e5neder, hvorefter de automatisk slettes med mindre, at du selv aktivt registrerer i vores job agent, at du \u00f8nsker at forl\u00e6nge perioden.<\/p>\n\n\n\n<p>Retsgrundlaget for behandlingen af dine almindelige persondata, som vi modtager fra dig gennem dit ans\u00f8gningsmateriale er Databeskyttelsesforordningens artikel 6.1.b (din anmodning om vores behandling forud for indg\u00e5else af kontrakt).<\/p>\n\n\n\n<p>S\u00e5fremt du oplyser os om sygdomsforhold, der vil have v\u00e6sentlig betydning for din arbejdsdygtighed, vil vi behandle s\u00e5danne helbredsoplysninger p\u00e5 baggrund af Databeskyttelsesforordningens artikel 6.1.a (samtykke), hvilket ogs\u00e5 g\u00e6lder behandling af \u00f8vrige personoplysninger, som du med samtykke har opgivet.<\/p>\n\n\n\n<h3 class=\"wp-block-heading\">5. Opfyldelse af retslige forpligtelser<\/h3>\n\n\n\n<p>Derudover behandler vi dine personoplysninger til opfyldelse af retlige forpligtelser, som f.eks. opbevaringspligter i henhold til bogf\u00f8ringsloven. Retsgrundlaget for denne behandling er art. 6, stk. 1 lit. c), i Databeskyttelses\u00adforordningen.<\/p>\n\n\n\n<h3 class=\"wp-block-heading\">6. \u00d8vrig behandling af persondata<\/h3>\n\n\n\n<p>Nordic Supreme vil kun anvende personoplysninger til et andet end de ovenfor n\u00e6vnte form\u00e5l, n\u00e5r dette er n\u00f8dvendigt for at et retskrav kan fastl\u00e6gges, g\u00f8res g\u00e6ldende eller forsvares, jf. art. 6, stk. 1, litra f), i Databeskyttelsesforordningen.<\/p>\n\n\n\n<p>Der foretages ikke dataanalyse til markedsf\u00f8ringsform\u00e5l eller andre form\u00e5l.<\/p>\n\n\n\n<p>Hvis der er behov for at behandle dine personoplysninger til form\u00e5l, som ikke er n\u00e6vnt ovenfor, oplyser vi dig herom p\u00e5 forh\u00e5nd inden for de lovgivningsm\u00e6ssige rammer.<\/p>\n\n\n\n<h3 class=\"wp-block-heading\">7.Overf\u00f8rsel og opbevaring af personoplysninger<\/h3>\n\n\n\n<p>Vi kan videregive dine personoplysninger til f\u00f8lgende modtagere:<\/p>\n\n\n\n<p>Leverand\u00f8rer og samarbejdspartnere, herunder IT-leverand\u00f8rer, finansielle institutioner, m.v., som assisterer vores virksomhed<br>Koncernselskaber<br>Offentlige myndigheder<br>I det omfang at vi overf\u00f8rer personoplysninger til tjenesteudbydere eller til andre selskaber inden for vores koncern, sker dette inden for rammerne af en databehandleraftale. I tilf\u00e6lde af, at vi overf\u00f8rer personoplysninger til andre virksomheder inden for vores koncern uden for Det Europ\u00e6iske \u00d8konomiske Samarbejdsomr\u00e5de (E\u00d8S), g\u00f8r vi kun dette, hvis tredjelandet \u2013 som i tilf\u00e6ldet med dataoverf\u00f8rsler til Nordic Supreme \u2013 af EU-kommissionen har et bekr\u00e6ftet, tilstr\u00e6kkeligt data-beskyttelsesniveau, eller der findes andre rimelige garantier for datasikkerheden (f.eks. EU-standardkontraktbestemmelser). I tilf\u00e6lde af sp\u00f8rgsm\u00e5l vedr\u00f8rende vores overf\u00f8rsler til tredjelande bedes du venligst henvende dig til os p\u00e5 de under afsnit 3 oplyste kontaktinformationer.<\/p>\n\n\n\n<p>En overf\u00f8rsel af personoplysninger til statslige institutioner og myndigheder sker kun inden for rammerne af g\u00e6ldende lovgivning.<\/p>\n\n\n\n<p>Personoplysninger opbevares, gemmes og behandles udelukkende p\u00e5 servere inden for Den Europ\u00e6iske Union. Vi sletter dine personoplysninger, s\u00e5 snart de ikke l\u00e6ngere er n\u00f8dvendige til de ovenn\u00e6vnte form\u00e5l.<\/p>\n\n\n\n<p>Personoplysningerne opbevares kun i en l\u00e6ngere periode, hvis dette er n\u00f8dvendigt for, at et retskrav kan fastl\u00e6gges, g\u00f8res g\u00e6ldende eller forsvares. Desuden opbevarer vi dine personoplysninger i det omfang, som vi er forpligtet til i medf\u00f8r af lovgivning, f.eks. bogf\u00f8ringsloven.<\/p>\n\n\n\n<h3 class=\"wp-block-heading\">8. Dine rettigheder<\/h3>\n\n\n\n<p>Du har efter databeskyttelsesforordningen en r\u00e6kke rettigheder, herunder:<\/p>\n\n\n\n<p>Ret til indsigt i personoplysninger om dig (art. 15 i Databeskyttelsesforordningen).<br>Ret til at f\u00e5 berigtiget urigtige og at f\u00e5 fuldst\u00e6ndiggjort ufuldst\u00e6ndige personoplysninger (art. 16 i Databeskyttelsesforordningen).<br>Ret til sletning af dine personoplysninger (art. 17 i Databeskyttelsesforordningen).<br>Ret til begr\u00e6nsning af behandlingen af dine personoplysninger (art. 18 i databeskyttelses-forordningen).<br>Ret til i et struktureret, almindeligt og maskinl\u00e6sbart format at modtage de af dig afgivne personoplysninger (art. 20 i Databeskyttelsesforordningen).<br>Ret til til enhver tid at g\u00f8re indsigelse mod behandlingen af dine personoplysninger med henblik p\u00e5 direkte markedsf\u00f8ring (art. 21, stk. 2 og 3, i Databeskyttelsesforordningen).<br>I tilf\u00e6lde af, at vi behandler dine personoplysninger for at varetage vores legitime interesser, kan du g\u00f8re indsigelse mod denne behandling, s\u00e5fremt der ud fra din s\u00e6rlige situation er grunde, der taler imod en behandling af dine personoplysninger (art. 21, stk 1, i Databeskyttelsesforordningen).<br>Du har desuden til enhver tid mulighed for at tilbagekalde samtykke. Dette g\u00e6lder ogs\u00e5 for samtykker, der er afgivet over for os f\u00f8r ikrafttr\u00e6delse af Databeskyttelsesforordningen, det vil sige f\u00f8r den 25.05.2018.<\/p>\n\n\n\n<p>Disse rettigheder kan ud\u00f8ves gennem meddelelse pr. mail til info@nordic-supreme.com. Ved en anmodning om indsigt kan vi anmode om supplerende oplysninger om dig, der verificerer din identitet.<\/p>\n\n\n\n<p>Du har mulighed for at indgive en klage til en databeskyttelsesmyndighed, fx Datatilsynet i Danmark. Du kan finde Datatilsynets kontaktoplysninger p\u00e5 www.datatilsynet.dk.<\/p>\n\n\n\n<h3 class=\"wp-block-heading\">9. Datasikkerhed og databeskyttelse, kommunikation via e-mail<\/h3>\n\n\n\n<p>For at forhindre uautoriseret adgang eller uautoriseret videregivelse og for at sikre oplysningernes rigtighed og en lovlig behandling anvender Nordic Supreme passende tekniske og organisatoriske foranstaltninger. Dog er ingen elektronisk kommunikation fuldst\u00e6ndig sikker. Det betyder, at alle data og personoplysninger, som du overf\u00f8rer til Nordic Supreme, kan komme til tredjeparts kundskab ved retsstridig fremskaffelse.<\/p>\n\n\n\n<p>Ved kommunikation via e-mail kan vi ligeledes ikke garantere for fuldst\u00e6ndig sikkerhed. Vi anbefaler derfor at sende oplysninger i krypteret form, s\u00e5fremt der er et stort behov for hemmeligholdelse.<\/p>\n\n\n\n<h3 class=\"wp-block-heading\">10. SSL- hhv. TLS-kryptering<\/h3>\n\n\n\n<p>Af sikkerhedsgrunde og til beskyttelse af overf\u00f8rsel af fortroligt indhold, som du sender til os som hjemmesidens ejer, anvender vores hjemmeside en anerkendt netv\u00e6rksprotokol til sikker transmission af oplysninger. En krypteret forbindelse kan du kende p\u00e5, at din browsers adresselinje skifter fra \u201chttp:\/\/\u201d til \u201chttps:\/\/\u201d og p\u00e5 l\u00e5s-symbolet i din browserlinje.<\/p>\n\n\n\n<h3 class=\"wp-block-heading\">11. Brug af Google Analytics<\/h3>\n\n\n\n<p>P\u00e5 vores hjemmeside bruger vi Google Analytics, en webanalysetjeneste af Google Inc., 1600 Amphitheatre Parkway Mountain View, CA 94043, USA (\u201cGoogle\u201d). Google Analytics anvender \u201ccookies\u201d, som er tekstfiler, der lagres p\u00e5 din computer, og som muligg\u00f8r en analyse af din brug af hjemmesiden. For at beskytte dine oplysninger har vi p\u00e5 vores hjemmeside aktiveret funktionen til anonymisering af IP-adresserne; det vil sige, at Google inden for Den Europ\u00e6iske Unions medlemslande eller i lande inden for Det Europ\u00e6iske \u00d8konomiske Samarbejds\u00adomr\u00e5de afkorter brugerens IP-adresse, inden denne overf\u00f8res til USA.<\/p>\n\n\n\n<p>Inden for rammerne af den databehandleraftale, som vi som hjemmesidens ejer har indg\u00e5et med Google, vil Google bruge disse oplysninger til at evaluere din brug af hjemmesiden, for at oprette rapporter om hjemmesideaktiviteter og til at levere flere tjenesteydelser, der er forbundet med brugen af hjemmesiden og internettet, til os.<\/p>\n\n\n\n<p>I de tilf\u00e6lde, hvor personlige cookie data overf\u00f8res til USA, er Google certificeret i henhold til EU-USA Privatlivsskjold-aftalen.<\/p>\n\n\n\n<p>Yderligere oplysninger finder du p\u00e5 https:\/\/www.privacyshield.gov\/EU-US-Framework eller https:\/\/support.google.com\/analytics\/answer\/7105316?hl=de&amp;ref_topic=2919631.<br><\/p>\n\n\n\n<p>N\u00e5r du bes\u00f8ger vores hjemmeside, bliver du spurgt om dit samtykke til brugen af cookies, der er n\u00f8dvendige til hjemmesidens drift. Du kan ved hj\u00e6lp af en tilsvarende indstilling i din browser-software forhindre lagring af cookies. Vi g\u00f8r dog opm\u00e6rksom p\u00e5, at du i givet fald ikke kan anvende alle funktioner p\u00e5 hjemmesiden i fuldt omfang.<\/p>\n\n\n\n<p>Ved at installere et browser-plugin kan du desuden forhindre, at de via cookies indsamlede oplysninger (heriblandt din IP-adresse) sendes til og anvendes af Google. Du kan downloade og installere det p\u00e5g\u00e6ldende plug-in her: https:\/\/tools.google.com\/dlpage\/gaoptout?hl=en.<\/p>\n\n\n\n<p>P\u00e5 https:\/\/support.google.com\/analytics\/answer\/6004245?hl=en finder du oplysninger om hvordan Google Inc. anvender data.<\/p>\n\n\n\n<h3 class=\"wp-block-heading\">12. Referencer og links<\/h3>\n\n\n\n<p>Vores hjemmeside kan indeholde information fra tredjepart. Brugen af disse tjenester foruds\u00e6tter, at tredjepartudbydere registrerer brugerens IP-adresse. Uden videregivelse af IP-adressen til tredjeparter kan en videregivelse af indholdet ikke ske til den p\u00e5g\u00e6ldende bruger. Videregivelse af IP-adressen er derfor p\u00e5kr\u00e6vet for at kunne vise indholdet.<\/p>\n\n\n\n<p>Vi bestr\u00e6ber os p\u00e5 kun at anvende indhold fra tredjepart, som udelukkende anvender IP-adressen til at levere indholdet. Vi har ingen indflydelse p\u00e5 tredjepartudbyderes anvendelse af IP-adressen til f.eks. statistiske form\u00e5l.<\/p>\n\n\n\n<p>Ved brug af hjemmesiden kan der igen blive spurgt om oplysninger som navn, adresse, e-mailadresse, browseregenskaber osv. Denne databeskyttelseserkl\u00e6ring finder ikke anvendelse til tredjeparts indsamling, videregivelse eller behandling af person\u00adoplysninger.<\/p>\n\n\n\n<p>Tredjepartsudbydere kan have afvigende og egne bestemmelser vedr\u00f8rende indsamling og behandling af personoplysninger. Derfor tilr\u00e5des det, f\u00f8r indtastning af personoplysninger p\u00e5 tredjeparters internetsider, f\u00f8rst at informere sig om deres praksis vedr\u00f8rende behandling af personoplysninger.<\/p>\n\n\n\n<p>Denne databeskyttelseserkl\u00e6ring er senest opdateret juni 2020.<\/p>\n\n\r\n\t\t\t\t<\/div>\r\n\t\t\t<\/div>\r\n\t\t<\/div>\r\n\t<\/div>\r\n<\/div>","protected":false},"excerpt":{"rendered":"","protected":false},"author":1,"featured_media":0,"parent":0,"menu_order":0,"comment_status":"closed","ping_status":"open","template":"","meta":{"footnotes":""},"class_list":["post-3","page","type-page","status-publish","hentry"],"yoast_head":"<!-- This site is optimized with the Yoast SEO plugin v17.3 - https:\/\/yoast.com\/wordpress\/plugins\/seo\/ -->\n<title>Persondatapolitik - Nordic Supreme<\/title>\n<meta name=\"robots\" content=\"index, follow, max-snippet:-1, max-image-preview:large, max-video-preview:-1\" \/>\n<link rel=\"canonical\" href=\"https:\/\/nordic-supreme.com\/persondatapolitik\/\" \/>\n<meta property=\"og:locale\" content=\"da_DK\" \/>\n<meta property=\"og:type\" content=\"article\" \/>\n<meta property=\"og:title\" content=\"Persondatapolitik - Nordic Supreme\" \/>\n<meta property=\"og:url\" content=\"https:\/\/nordic-supreme.com\/persondatapolitik\/\" \/>\n<meta property=\"og:site_name\" content=\"Nordic Supreme\" \/>\n<meta property=\"article:modified_time\" content=\"2021-04-23T10:42:59+00:00\" \/>\n<meta name=\"twitter:card\" content=\"summary_large_image\" \/>\n<meta name=\"twitter:label1\" content=\"Estimeret l\u00e6setid\" \/>\n\t<meta name=\"twitter:data1\" content=\"9 minutter\" \/>\n<script type=\"application\/ld+json\" class=\"yoast-schema-graph\">{\"@context\":\"https:\/\/schema.org\",\"@graph\":[{\"@type\":\"WebSite\",\"@id\":\"https:\/\/nordic-supreme.com\/#website\",\"url\":\"https:\/\/nordic-supreme.com\/\",\"name\":\"Nordic Supreme\",\"description\":\"Professionel sparring til cannabis genetik\",\"potentialAction\":[{\"@type\":\"SearchAction\",\"target\":{\"@type\":\"EntryPoint\",\"urlTemplate\":\"https:\/\/nordic-supreme.com\/?s={search_term_string}\"},\"query-input\":\"required name=search_term_string\"}],\"inLanguage\":\"da-DK\"},{\"@type\":\"WebPage\",\"@id\":\"https:\/\/nordic-supreme.com\/persondatapolitik\/#webpage\",\"url\":\"https:\/\/nordic-supreme.com\/persondatapolitik\/\",\"name\":\"Persondatapolitik - Nordic Supreme\",\"isPartOf\":{\"@id\":\"https:\/\/nordic-supreme.com\/#website\"},\"datePublished\":\"2021-03-26T08:00:11+00:00\",\"dateModified\":\"2021-04-23T10:42:59+00:00\",\"breadcrumb\":{\"@id\":\"https:\/\/nordic-supreme.com\/persondatapolitik\/#breadcrumb\"},\"inLanguage\":\"da-DK\",\"potentialAction\":[{\"@type\":\"ReadAction\",\"target\":[\"https:\/\/nordic-supreme.com\/persondatapolitik\/\"]}]},{\"@type\":\"BreadcrumbList\",\"@id\":\"https:\/\/nordic-supreme.com\/persondatapolitik\/#breadcrumb\",\"itemListElement\":[{\"@type\":\"ListItem\",\"position\":1,\"name\":\"Home\",\"item\":\"https:\/\/nordic-supreme.com\/da\/\"},{\"@type\":\"ListItem\",\"position\":2,\"name\":\"Persondatapolitik\"}]}]}<\/script>\n<!-- \/ Yoast SEO plugin. -->","yoast_head_json":{"title":"Persondatapolitik - Nordic Supreme","robots":{"index":"index","follow":"follow","max-snippet":"max-snippet:-1","max-image-preview":"max-image-preview:large","max-video-preview":"max-video-preview:-1"},"canonical":"https:\/\/nordic-supreme.com\/persondatapolitik\/","og_locale":"da_DK","og_type":"article","og_title":"Persondatapolitik - Nordic Supreme","og_url":"https:\/\/nordic-supreme.com\/persondatapolitik\/","og_site_name":"Nordic Supreme","article_modified_time":"2021-04-23T10:42:59+00:00","twitter_card":"summary_large_image","twitter_misc":{"Estimeret l\u00e6setid":"9 minutter"},"schema":{"@context":"https:\/\/schema.org","@graph":[{"@type":"WebSite","@id":"https:\/\/nordic-supreme.com\/#website","url":"https:\/\/nordic-supreme.com\/","name":"Nordic Supreme","description":"Professionel sparring til cannabis genetik","potentialAction":[{"@type":"SearchAction","target":{"@type":"EntryPoint","urlTemplate":"https:\/\/nordic-supreme.com\/?s={search_term_string}"},"query-input":"required name=search_term_string"}],"inLanguage":"da-DK"},{"@type":"WebPage","@id":"https:\/\/nordic-supreme.com\/persondatapolitik\/#webpage","url":"https:\/\/nordic-supreme.com\/persondatapolitik\/","name":"Persondatapolitik - Nordic Supreme","isPartOf":{"@id":"https:\/\/nordic-supreme.com\/#website"},"datePublished":"2021-03-26T08:00:11+00:00","dateModified":"2021-04-23T10:42:59+00:00","breadcrumb":{"@id":"https:\/\/nordic-supreme.com\/persondatapolitik\/#breadcrumb"},"inLanguage":"da-DK","potentialAction":[{"@type":"ReadAction","target":["https:\/\/nordic-supreme.com\/persondatapolitik\/"]}]},{"@type":"BreadcrumbList","@id":"https:\/\/nordic-supreme.com\/persondatapolitik\/#breadcrumb","itemListElement":[{"@type":"ListItem","position":1,"name":"Home","item":"https:\/\/nordic-supreme.com\/da\/"},{"@type":"ListItem","position":2,"name":"Persondatapolitik"}]}]}},"_links":{"self":[{"href":"https:\/\/nordic-supreme.com\/da\/wp-json\/wp\/v2\/pages\/3","targetHints":{"allow":["GET"]}}],"collection":[{"href":"https:\/\/nordic-supreme.com\/da\/wp-json\/wp\/v2\/pages"}],"about":[{"href":"https:\/\/nordic-supreme.com\/da\/wp-json\/wp\/v2\/types\/page"}],"author":[{"embeddable":true,"href":"https:\/\/nordic-supreme.com\/da\/wp-json\/wp\/v2\/users\/1"}],"replies":[{"embeddable":true,"href":"https:\/\/nordic-supreme.com\/da\/wp-json\/wp\/v2\/comments?post=3"}],"version-history":[{"count":5,"href":"https:\/\/nordic-supreme.com\/da\/wp-json\/wp\/v2\/pages\/3\/revisions"}],"predecessor-version":[{"id":607,"href":"https:\/\/nordic-supreme.com\/da\/wp-json\/wp\/v2\/pages\/3\/revisions\/607"}],"wp:attachment":[{"href":"https:\/\/nordic-supreme.com\/da\/wp-json\/wp\/v2\/media?parent=3"}],"curies":[{"name":"wp","href":"https:\/\/api.w.org\/{rel}","templated":true}]}}