{"id":28,"date":"2021-03-26T10:16:12","date_gmt":"2021-03-26T10:16:12","guid":{"rendered":"https:\/\/nordic-supreme.com\/?page_id=28"},"modified":"2021-05-03T10:27:37","modified_gmt":"2021-05-03T10:27:37","slug":"forskning-og-research","status":"publish","type":"page","link":"https:\/\/nordic-supreme.com\/da\/forskning-og-research\/","title":{"rendered":"Forskning og research"},"content":{"rendered":"\r\n<div id=\"headerText-block_6064255d4e4d6\" class=\"headerText\">\r\n\t<div class=\"container\">\r\n\t\t<div class=\"row\">\r\n\t\t\t<div class=\"col-12 col-lg-10 col-xl-8 offset-lg-1 offset-xl-2\">\r\n\t\t\t\t<div class=\"headerText__content animateText\">\r\n\t\t\t\t\t<h1>Forskning og research<\/h1>\r\n\t\t\t\t\t<div class=\"headerText__content__text\">\r\n\t\t\t\t\t\t\t\t\t\t\t\t\t<div class=\"headerText__content__text__left\">\r\n\t\t\t\t\t\t\t\t<p>Nordic Supreme benytter klassiske, moderne, plante- og DNA-baserede for\u00e6dlingsteknikker i udviklingsarbejdet.<\/p>\n\t\t\t\t\t\t\t<\/div>\r\n\t\t\t\t\t\t\t\t\t\t\t\t\t\t\t\t\t\t\t<div class=\"headerText__content__text__right\">\r\n\t\t\t\t\t\t\t\t<p>Vi disponerer over en topmoderne for\u00e6dlingsstation i n\u00e6rheden af Odense i Danmark og arbejder t\u00e6t sammen med f\u00f8rende cannabisproducenter omkring afpr\u00f8vning af vores sorter.<\/p>\n\t\t\t\t\t\t\t<\/div>\r\n\t\t\t\t\t\t\t\t\t\t\t<\/div>\r\n\t\t\t\t\t\t\t\t\t<\/div>\r\n\t\t\t<\/div>\r\n\t\t<\/div>\r\n\t<\/div>\r\n<\/div>\n\n\r\n<div id=\"imageTextGrid-block_606428337e246\" class=\"imageTextGrid imageTextGrid--bold\">\r\n\t<div class=\"container\">\r\n\t\t<div class=\"row\">\r\n\t\t\t<div class=\"col-12 col-lg-10 col-xl-8 offset-lg-1 offset-xl-2\">\r\n\t\t\t\t<div class=\"row row-cols-sm-2 imageTextGridRow\">\r\n\t\t\t\t\t\t\t\t\t\t\t\t\t\t\t\t\t\t<div class=\"col-12\">\r\n\t\t\t\t\t\t\t\t<div class=\"imageTextGrid__single\">\r\n\t\t\t\t\t\t\t\t\t<div class=\"imageTextGrid__single__image animateImage\">\r\n\t\t\t\t\t\t\t\t\t\t<img data-sizes=\"auto\" data-srcset=\"https:\/\/nordic-supreme.com\/wp-content\/uploads\/Nordic_Supreme_Research_1-300x186.jpg 300w, https:\/\/nordic-supreme.com\/wp-content\/uploads\/Nordic_Supreme_Research_1-1024x635.jpg 640w, https:\/\/nordic-supreme.com\/wp-content\/uploads\/Nordic_Supreme_Research_1.jpg 1252w, https:\/\/nordic-supreme.com\/wp-content\/uploads\/Nordic_Supreme_Research_1.jpg 1252w\" alt=\"\" class=\"lazyload\" data-expand=\"120\" \/>\t\t\t\t\t\t\t\t\t\t<div class=\"animateImage__mask animateImage__mask--light\"><\/div>\r\n\t\t\t\t\t\t\t\t\t<\/div>\r\n\t\t\t\t\t\t\t\t\t<div class=\"imageTextGrid__single__content animateText\">\r\n\t\t\t\t\t\t\t\t\t\t<p>Succesfuld for\u00e6dling kr\u00e6ver at planterne dyrkes optimalt. Dette sikrer vi i vores moderne state-of-the-art drivhuse. Selektion sker gennem detaljeret observation af planterne og analyse af deres DNA fingerprint.<\/p>\n\t\t\t\t\t\t\t\t\t<\/div>\r\n\t\t\t\t\t\t\t\t<\/div>\r\n\t\t\t\t\t\t\t<\/div>\r\n\t\t\t\t\t\t\t\t\t\t\t\t\t<div class=\"col-12\">\r\n\t\t\t\t\t\t\t\t<div class=\"imageTextGrid__single\">\r\n\t\t\t\t\t\t\t\t\t<div class=\"imageTextGrid__single__image animateImage\">\r\n\t\t\t\t\t\t\t\t\t\t<img data-sizes=\"auto\" data-srcset=\"https:\/\/nordic-supreme.com\/wp-content\/uploads\/Nordic_Supreme_Research_4-300x186.jpg 300w, https:\/\/nordic-supreme.com\/wp-content\/uploads\/Nordic_Supreme_Research_4-1024x635.jpg 640w, https:\/\/nordic-supreme.com\/wp-content\/uploads\/Nordic_Supreme_Research_4.jpg 1252w, https:\/\/nordic-supreme.com\/wp-content\/uploads\/Nordic_Supreme_Research_4.jpg 1252w\" alt=\"\" class=\"lazyload\" data-expand=\"120\" \/>\t\t\t\t\t\t\t\t\t\t<div class=\"animateImage__mask animateImage__mask--light\"><\/div>\r\n\t\t\t\t\t\t\t\t\t<\/div>\r\n\t\t\t\t\t\t\t\t\t<div class=\"imageTextGrid__single__content animateText\">\r\n\t\t\t\t\t\t\t\t\t\t<p>De klonformerede sorter formeres i meristem laboratoriet, og fr\u00f8sorterne formeres i drivhuse under optimale dyrkningsbetingelser. Meristem laboratoriet spiller en central rolle i vores for\u00e6dling.<\/p>\n\t\t\t\t\t\t\t\t\t<\/div>\r\n\t\t\t\t\t\t\t\t<\/div>\r\n\t\t\t\t\t\t\t<\/div>\r\n\t\t\t\t\t\t\t\t\t\t\t\t\t<div class=\"col-12\">\r\n\t\t\t\t\t\t\t\t<div class=\"imageTextGrid__single\">\r\n\t\t\t\t\t\t\t\t\t<div class=\"imageTextGrid__single__image animateImage\">\r\n\t\t\t\t\t\t\t\t\t\t<img data-sizes=\"auto\" data-srcset=\"https:\/\/nordic-supreme.com\/wp-content\/uploads\/Nordic_Supreme_Research_2-300x187.jpg 300w, https:\/\/nordic-supreme.com\/wp-content\/uploads\/Nordic_Supreme_Research_2-1024x637.jpg 640w, https:\/\/nordic-supreme.com\/wp-content\/uploads\/Nordic_Supreme_Research_2.jpg 1248w, https:\/\/nordic-supreme.com\/wp-content\/uploads\/Nordic_Supreme_Research_2.jpg 1248w\" alt=\"\" class=\"lazyload\" data-expand=\"120\" \/>\t\t\t\t\t\t\t\t\t\t<div class=\"animateImage__mask animateImage__mask--light\"><\/div>\r\n\t\t\t\t\t\t\t\t\t<\/div>\r\n\t\t\t\t\t\t\t\t\t<div class=\"imageTextGrid__single__content animateText\">\r\n\t\t\t\t\t\t\t\t\t\t<p>I vores drivhuse arbejder vi med fr\u00f8- og stiklingeformering. Planterne selvbest\u00f8ves i telte.<\/p>\n\t\t\t\t\t\t\t\t\t<\/div>\r\n\t\t\t\t\t\t\t\t<\/div>\r\n\t\t\t\t\t\t\t<\/div>\r\n\t\t\t\t\t\t\t\t\t\t\t\t\t<div class=\"col-12\">\r\n\t\t\t\t\t\t\t\t<div class=\"imageTextGrid__single\">\r\n\t\t\t\t\t\t\t\t\t<div class=\"imageTextGrid__single__image animateImage\">\r\n\t\t\t\t\t\t\t\t\t\t<img data-sizes=\"auto\" data-srcset=\"https:\/\/nordic-supreme.com\/wp-content\/uploads\/Nordic_Supreme_Research_3-300x186.jpg 300w, https:\/\/nordic-supreme.com\/wp-content\/uploads\/Nordic_Supreme_Research_3-1024x635.jpg 640w, https:\/\/nordic-supreme.com\/wp-content\/uploads\/Nordic_Supreme_Research_3.jpg 1252w, https:\/\/nordic-supreme.com\/wp-content\/uploads\/Nordic_Supreme_Research_3.jpg 1252w\" alt=\"\" class=\"lazyload\" data-expand=\"120\" \/>\t\t\t\t\t\t\t\t\t\t<div class=\"animateImage__mask animateImage__mask--light\"><\/div>\r\n\t\t\t\t\t\t\t\t\t<\/div>\r\n\t\t\t\t\t\t\t\t\t<div class=\"imageTextGrid__single__content animateText\">\r\n\t\t\t\t\t\t\t\t\t\t<p>Vi l\u00e6gger stor v\u00e6gt p\u00e5 at sikre h\u00f8j fr\u00f8kvalitet gennem omhyggelig rensning, grundige fr\u00f8tests og sikker opbevaring.<\/p>\n\t\t\t\t\t\t\t\t\t<\/div>\r\n\t\t\t\t\t\t\t\t<\/div>\r\n\t\t\t\t\t\t\t<\/div>\r\n\t\t\t\t\t\t\t\t\t\t\t\t\t\t\t<\/div>\r\n\t\t\t<\/div>\r\n\t\t<\/div>\r\n\t<\/div>\r\n<\/div>\n\n\r\n<div id=\"partner-block_608fcfe472e87\" class=\"partner partnerLogoOnly\">\r\n\t<div class=\"container\">\r\n\t\t<div class=\"row\">\r\n\t\t\t<div class=\"col-12 col-lg-10 col-xl-8 offset-lg-1 offset-xl-2\">\r\n\t\t\t\t<div class=\"partner__title stylingH1\">\r\n\t\t\t\t\t<h2>Vi samarbejder med f\u00f8rende forsknings- og teknologiinstitutioner<\/h2>\r\n\t\t\t\t<\/div>\r\n\t\t\t\t<div class=\"partner__row\">\r\n\t\t\t\t\t<div class=\"partner__row__logo\">\r\n\t\t\t\t\t\t\t\t\t\t\t\t\t<div class=\"singlePartnerLogo singlePartnerLogo--active\" data-target=\"0\">\r\n\t\t\t\t\t\t\t\t<div class=\"singlePartnerOverlay\"><\/div><img decoding=\"async\" src=\"https:\/\/nordic-supreme.com\/wp-content\/uploads\/2021\/03\/SDU-Positive.svg\" alt=\"\" \/>\t\t\t\t\t\t\t<\/div>\r\n\t\t\t\t\t\t\t\t\t\t\t\t\t\t<div class=\"singlePartnerLogo \" data-target=\"1\">\r\n\t\t\t\t\t\t\t\t<img decoding=\"async\" src=\"https:\/\/nordic-supreme.com\/wp-content\/uploads\/2021\/03\/Platform-Positive.svg\" alt=\"\" \/>\t\t\t\t\t\t\t<\/div>\r\n\t\t\t\t\t\t\t\t\t\t\t\t\t\t<div class=\"singlePartnerLogo \" data-target=\"2\">\r\n\t\t\t\t\t\t\t\t<img decoding=\"async\" src=\"https:\/\/nordic-supreme.com\/wp-content\/uploads\/2021\/03\/Institut-Positive.svg\" alt=\"\" \/>\t\t\t\t\t\t\t<\/div>\r\n\t\t\t\t\t\t\t\t\t\t\t\t<\/div>\r\n\t\t\t\t\t\t\t\t\t<\/div>\r\n\t\t\t<\/div>\r\n\t\t<\/div>\r\n\t<\/div>\r\n<\/div>\n\n\r\n<div id=\"imageFull-block_606426174e4d7\" class=\"imageFull\">\r\n\t<img data-sizes=\"auto\" data-srcset=\"https:\/\/nordic-supreme.com\/wp-content\/uploads\/Nordic_Supreme_Legal_cannabis-2-1024x374.jpg 640w, https:\/\/nordic-supreme.com\/wp-content\/uploads\/Nordic_Supreme_Legal_cannabis-2-1536x560.jpg 1536w, https:\/\/nordic-supreme.com\/wp-content\/uploads\/Nordic_Supreme_Legal_cannabis-2-1900x693.jpg 1900w\" alt=\"\" class=\"lazyload\" data-expand=\"120\" \/><\/div>\n\n\r\n<div id=\"subscribeBlock-block_6064261e4e4d8\" class=\"subscribeBlock\">\r\n\t<div class=\"container\">\r\n\t\t<div class=\"row\">\r\n\t\t\t<div class=\"col-12 col-lg-10 col-xl-8 offset-lg-1 offset-xl-2\">\r\n\t\t\t\t<div class=\"subscribe\">\r\n\t\t\t\t\t<form class=\"subscribe__form styleHeading1 animateText\" id='contactForm'>\r\n\t\t\t\t\t\t<h2>Har du brug for professionel sparring?<\/h2>\n\t\t\t\t\t\t<div class=\"inputWrap\">\r\n\t\t\t\t\t\t\t<label for=\"name\">For- og efternavn*<\/label>\r\n\t\t\t\t\t\t\t<input type=\"text\" name='name' id='name' required>\r\n\t\t\t\t\t\t<\/div>\r\n\t\t\t\t\t\t<div class=\"inputWrap\">\r\n\t\t\t\t\t\t\t<label for=\"email\">E-mail*<\/label>\r\n\t\t\t\t\t\t\t<input type=\"text\" name='email' id='email' required>\r\n\t\t\t\t\t\t<\/div>\r\n\t\t\t\t\t\t<div class=\"inputWrap\">\r\n\t\t\t\t\t\t\t<label for=\"firma\">Firma*<\/label>\r\n\t\t\t\t\t\t\t<input type=\"text\" name='firma' id='firma' required>\r\n\t\t\t\t\t\t<\/div>\r\n\t\t\t\t\t\t<div class=\"inputWrap\">\r\n\t\t\t\t\t\t\t<label for=\"Address\">Adresse<\/label>\r\n\t\t\t\t\t\t\t<input type=\"text\" name='Address' id='Address'>\r\n\t\t\t\t\t\t<\/div>\r\n\t\t\t\t\t\t<div class=\"permission\">\r\n\t\t\t\t\t\t\t<svg class=\"inline-svg\">\r\n\t\t\t\t\t\t\t  <symbol id=\"check\" viewBox=\"0 0 12 10\">\r\n\t\t\t\t\t\t\t\t<polyline points=\"1.5 6 4.5 9 10.5 1\"><\/polyline>\r\n\t\t\t\t\t\t\t  <\/symbol>\r\n\t\t\t\t\t\t\t<\/svg>\r\n\t\t\t\t\t\t\t<input class=\"inp-cbx\" id=\"accept\" name='accept' type=\"checkbox\" required>\r\n\t\t\t\t\t\t\t<label class=\"cbx\" for=\"accept\">\r\n\t\t\t\t\t\t\t\t<span>\r\n\t\t\t\t\t\t\t\t\t<svg width=\"12px\" height=\"10px\">\r\n\t\t\t\t\t\t\t\t\t\t<use xlink:href=\"#check\"><\/use>\r\n\t\t\t\t\t\t\t\t\t<\/svg>\r\n\t\t\t\t\t\t\t\t<\/span>\r\n\t\t\t\t\t\t\t\t<span>\r\n\t\t\t\t\t\t\t\t\tJeg accepterer Nordic Supremes <a href='https:\/\/nordic-supreme.com\/persondatapolitik\/' target='_blank'>cookie- og privatlivspolitik<\/a>\t\t\t\t\t\t\t\t<\/span>\r\n\t\t\t\t\t\t\t<\/label>\r\n\t\t\t\t\t\t<\/div>\r\n\t\t\t\t\t\t<div class=\"subscribe__form__button\">\r\n\t\t\t\t\t\t\t<button class=\"buttonRounded btn\"><span class=\"dot\"><\/span><span class=\"btn__inner\">Send<\/span><\/button>\r\n\t\t\t\t\t\t\t<div class=\"subscribe__form__button__message\">Sendt<\/div>\r\n\t\t\t\t\t\t<\/div>\r\n\t\t\t\t\t<\/form>\r\n\t\t\t\t\t<div class=\"subscribe__box\">\r\n\t\t\t\t\t\t<div class=\"subscribe__box__inner\">\r\n\t\t\t\t\t\t\t<h2>Du kan ogs\u00e5 kontakte os direkte<\/h2>\n<p>Kontakt os og h\u00f8r n\u00e6rmere om, hvordan vi kan hj\u00e6lpe dig med at udvikle din forretning<\/p>\n<h4><\/h4>\t\t\t\t\t\t\t\t\t<div class=\"contactWrap\">\r\n\t\t\t\t\t\t\t\t\t\t<div><div class=\"boxImgWrap\"><svg width=\"22px\" height=\"16px\" viewBox=\"0 0 22 16\" version=\"1.1\" xmlns=\"http:\/\/www.w3.org\/2000\/svg\" xmlns:xlink=\"http:\/\/www.w3.org\/1999\/xlink\"> <g id=\"Symbols\" stroke=\"none\" stroke-width=\"1\" fill=\"none\" fill-rule=\"evenodd\"> <g id=\"Contact-form--\/-Hybrid\" transform=\"translate(-1087.000000, -411.000000)\" fill=\"#F4CB64\"> <g id=\"Contact-form\" transform=\"translate(323.000000, -11.000000)\"> <g id=\"Text\" transform=\"translate(759.000000, 159.000000)\"> <g id=\"Tools-\/-Technology-\/-email-\/-24\" transform=\"translate(4.000000, 259.000000)\"> <path d=\"M21,4.5 L3,4.5 C2.17157288,4.5 1.5,5.17157288 1.5,6 L1.5,18 C1.5,18.8284271 2.17157288,19.5 3,19.5 L21,19.5 C21.8284271,19.5 22.5,18.8284271 22.5,18 L22.5,6 C22.5,5.17157288 21.8284271,4.5 21,4.5 Z M19.35,6 L12,11.085 L4.65,6 L19.35,6 Z M3,18 L3,6.6825 L11.5725,12.615 C11.829596,12.7933553 12.170404,12.7933553 12.4275,12.615 L21,6.6825 L21,18 L3,18 Z\" id=\"Fill\"><\/path> <\/g> <\/g> <\/g> <\/g> <\/g> <\/svg><\/div><a href=\"mailto:info@nordic-supreme.com\">info@nordic-supreme.com<\/a><\/div><div><div class=\"boxImgWrap\"><svg width=\"12px\" height=\"20px\" viewBox=\"0 0 12 20\" version=\"1.1\" xmlns=\"http:\/\/www.w3.org\/2000\/svg\" xmlns:xlink=\"http:\/\/www.w3.org\/1999\/xlink\"> <g id=\"Symbols\" stroke=\"none\" stroke-width=\"1\" fill=\"none\" fill-rule=\"evenodd\"> <g id=\"Contact-form--\/-Hybrid\" transform=\"translate(-1092.000000, -441.000000)\" fill=\"#F4CB64\"> <g id=\"Contact-form\" transform=\"translate(323.000000, -11.000000)\"> <g id=\"Text\" transform=\"translate(759.000000, 159.000000)\"> <g id=\"Tools-\/-Technology-\/-email-\/-24-Copy\" transform=\"translate(4.000000, 290.000000)\"> <path d=\"M16.5,3 L7.5,3 C6.67191561,3.00082684 6.00082684,3.67191561 6,4.5 L6,21 C6.00082684,21.8280844 6.67191561,22.4991732 7.5,22.5 L16.5,22.5 C17.3279133,22.4987609 17.9987609,21.8279133 18,21 L18,4.5 C17.9991732,3.67191561 17.3280844,3.00082684 16.5,3 Z M16.5,4.5 L16.5,6 L7.5,6 L7.5,4.5 L16.5,4.5 Z M7.5,21 L7.5,7.5 L16.5,7.5 L16.5,21 L7.5,21 Z\" id=\"Fill\"><\/path> <\/g> <\/g> <\/g> <\/g> <\/g> <\/svg><\/div><a href=\"tel:+45 65 96 29 27\">+45 65 96 29 27<\/a><\/div>\t\t\t\t\t\t\t\t\t<\/div>\r\n\t\t\t\t\t\t\t\t\t\t\t\t\t\t<\/div>\r\n\t\t\t\t\t<\/div>\r\n\t\t\t\t<\/div>\r\n\t\t\t<\/div>\r\n\t\t<\/div>\r\n\t<\/div>\r\n<\/div>","protected":false},"excerpt":{"rendered":"","protected":false},"author":1,"featured_media":413,"parent":0,"menu_order":0,"comment_status":"closed","ping_status":"closed","template":"","meta":{"footnotes":""},"class_list":["post-28","page","type-page","status-publish","has-post-thumbnail","hentry"],"yoast_head":"<!-- This site is optimized with the Yoast SEO plugin v17.3 - https:\/\/yoast.com\/wordpress\/plugins\/seo\/ -->\n<title>Forskning og research - Nordic Supreme<\/title>\n<meta name=\"description\" content=\"Nordic Supreme benytter klassiske, moderne, plante- og DNA-baserede for\u00e6dlingsteknikker i udviklingsarbejdet.\" \/>\n<meta name=\"robots\" content=\"index, follow, max-snippet:-1, max-image-preview:large, max-video-preview:-1\" \/>\n<link rel=\"canonical\" href=\"https:\/\/nordic-supreme.com\/forskning-og-research\/\" \/>\n<meta property=\"og:locale\" content=\"da_DK\" \/>\n<meta property=\"og:type\" content=\"article\" \/>\n<meta property=\"og:title\" content=\"Forskning og research - Nordic Supreme\" \/>\n<meta property=\"og:description\" content=\"Nordic Supreme benytter klassiske, moderne, plante- og DNA-baserede for\u00e6dlingsteknikker i udviklingsarbejdet.\" \/>\n<meta property=\"og:url\" content=\"https:\/\/nordic-supreme.com\/forskning-og-research\/\" \/>\n<meta property=\"og:site_name\" content=\"Nordic Supreme\" \/>\n<meta property=\"article:modified_time\" content=\"2021-05-03T10:27:37+00:00\" \/>\n<meta property=\"og:image\" content=\"https:\/\/nordic-supreme.com\/wp-content\/uploads\/Nordic_Supreme_Genetik_2.jpg\" \/>\n\t<meta property=\"og:image:width\" content=\"1252\" \/>\n\t<meta property=\"og:image:height\" content=\"776\" \/>\n<meta name=\"twitter:card\" content=\"summary_large_image\" \/>\n<script type=\"application\/ld+json\" class=\"yoast-schema-graph\">{\"@context\":\"https:\/\/schema.org\",\"@graph\":[{\"@type\":\"WebSite\",\"@id\":\"https:\/\/nordic-supreme.com\/#website\",\"url\":\"https:\/\/nordic-supreme.com\/\",\"name\":\"Nordic Supreme\",\"description\":\"Professionel sparring til cannabis genetik\",\"potentialAction\":[{\"@type\":\"SearchAction\",\"target\":{\"@type\":\"EntryPoint\",\"urlTemplate\":\"https:\/\/nordic-supreme.com\/?s={search_term_string}\"},\"query-input\":\"required name=search_term_string\"}],\"inLanguage\":\"da-DK\"},{\"@type\":\"ImageObject\",\"@id\":\"https:\/\/nordic-supreme.com\/forskning-og-research\/#primaryimage\",\"inLanguage\":\"da-DK\",\"url\":\"https:\/\/nordic-supreme.com\/wp-content\/uploads\/Nordic_Supreme_Genetik_2.jpg\",\"contentUrl\":\"https:\/\/nordic-supreme.com\/wp-content\/uploads\/Nordic_Supreme_Genetik_2.jpg\",\"width\":1252,\"height\":776},{\"@type\":\"WebPage\",\"@id\":\"https:\/\/nordic-supreme.com\/forskning-og-research\/#webpage\",\"url\":\"https:\/\/nordic-supreme.com\/forskning-og-research\/\",\"name\":\"Forskning og research - Nordic Supreme\",\"isPartOf\":{\"@id\":\"https:\/\/nordic-supreme.com\/#website\"},\"primaryImageOfPage\":{\"@id\":\"https:\/\/nordic-supreme.com\/forskning-og-research\/#primaryimage\"},\"datePublished\":\"2021-03-26T10:16:12+00:00\",\"dateModified\":\"2021-05-03T10:27:37+00:00\",\"description\":\"Nordic Supreme benytter klassiske, moderne, plante- og DNA-baserede for\\u00e6dlingsteknikker i udviklingsarbejdet.\",\"breadcrumb\":{\"@id\":\"https:\/\/nordic-supreme.com\/forskning-og-research\/#breadcrumb\"},\"inLanguage\":\"da-DK\",\"potentialAction\":[{\"@type\":\"ReadAction\",\"target\":[\"https:\/\/nordic-supreme.com\/forskning-og-research\/\"]}]},{\"@type\":\"BreadcrumbList\",\"@id\":\"https:\/\/nordic-supreme.com\/forskning-og-research\/#breadcrumb\",\"itemListElement\":[{\"@type\":\"ListItem\",\"position\":1,\"name\":\"Home\",\"item\":\"https:\/\/nordic-supreme.com\/da\/\"},{\"@type\":\"ListItem\",\"position\":2,\"name\":\"Forskning og research\"}]}]}<\/script>\n<!-- \/ Yoast SEO plugin. -->","yoast_head_json":{"title":"Forskning og research - Nordic Supreme","description":"Nordic Supreme benytter klassiske, moderne, plante- og DNA-baserede for\u00e6dlingsteknikker i udviklingsarbejdet.","robots":{"index":"index","follow":"follow","max-snippet":"max-snippet:-1","max-image-preview":"max-image-preview:large","max-video-preview":"max-video-preview:-1"},"canonical":"https:\/\/nordic-supreme.com\/forskning-og-research\/","og_locale":"da_DK","og_type":"article","og_title":"Forskning og research - Nordic Supreme","og_description":"Nordic Supreme benytter klassiske, moderne, plante- og DNA-baserede for\u00e6dlingsteknikker i udviklingsarbejdet.","og_url":"https:\/\/nordic-supreme.com\/forskning-og-research\/","og_site_name":"Nordic Supreme","article_modified_time":"2021-05-03T10:27:37+00:00","og_image":[{"width":1252,"height":776,"url":"https:\/\/nordic-supreme.com\/wp-content\/uploads\/Nordic_Supreme_Genetik_2.jpg","type":"image\/jpeg"}],"twitter_card":"summary_large_image","schema":{"@context":"https:\/\/schema.org","@graph":[{"@type":"WebSite","@id":"https:\/\/nordic-supreme.com\/#website","url":"https:\/\/nordic-supreme.com\/","name":"Nordic Supreme","description":"Professionel sparring til cannabis genetik","potentialAction":[{"@type":"SearchAction","target":{"@type":"EntryPoint","urlTemplate":"https:\/\/nordic-supreme.com\/?s={search_term_string}"},"query-input":"required name=search_term_string"}],"inLanguage":"da-DK"},{"@type":"ImageObject","@id":"https:\/\/nordic-supreme.com\/forskning-og-research\/#primaryimage","inLanguage":"da-DK","url":"https:\/\/nordic-supreme.com\/wp-content\/uploads\/Nordic_Supreme_Genetik_2.jpg","contentUrl":"https:\/\/nordic-supreme.com\/wp-content\/uploads\/Nordic_Supreme_Genetik_2.jpg","width":1252,"height":776},{"@type":"WebPage","@id":"https:\/\/nordic-supreme.com\/forskning-og-research\/#webpage","url":"https:\/\/nordic-supreme.com\/forskning-og-research\/","name":"Forskning og research - Nordic Supreme","isPartOf":{"@id":"https:\/\/nordic-supreme.com\/#website"},"primaryImageOfPage":{"@id":"https:\/\/nordic-supreme.com\/forskning-og-research\/#primaryimage"},"datePublished":"2021-03-26T10:16:12+00:00","dateModified":"2021-05-03T10:27:37+00:00","description":"Nordic Supreme benytter klassiske, moderne, plante- og DNA-baserede for\u00e6dlingsteknikker i udviklingsarbejdet.","breadcrumb":{"@id":"https:\/\/nordic-supreme.com\/forskning-og-research\/#breadcrumb"},"inLanguage":"da-DK","potentialAction":[{"@type":"ReadAction","target":["https:\/\/nordic-supreme.com\/forskning-og-research\/"]}]},{"@type":"BreadcrumbList","@id":"https:\/\/nordic-supreme.com\/forskning-og-research\/#breadcrumb","itemListElement":[{"@type":"ListItem","position":1,"name":"Home","item":"https:\/\/nordic-supreme.com\/da\/"},{"@type":"ListItem","position":2,"name":"Forskning og research"}]}]}},"_links":{"self":[{"href":"https:\/\/nordic-supreme.com\/da\/wp-json\/wp\/v2\/pages\/28","targetHints":{"allow":["GET"]}}],"collection":[{"href":"https:\/\/nordic-supreme.com\/da\/wp-json\/wp\/v2\/pages"}],"about":[{"href":"https:\/\/nordic-supreme.com\/da\/wp-json\/wp\/v2\/types\/page"}],"author":[{"embeddable":true,"href":"https:\/\/nordic-supreme.com\/da\/wp-json\/wp\/v2\/users\/1"}],"replies":[{"embeddable":true,"href":"https:\/\/nordic-supreme.com\/da\/wp-json\/wp\/v2\/comments?post=28"}],"version-history":[{"count":32,"href":"https:\/\/nordic-supreme.com\/da\/wp-json\/wp\/v2\/pages\/28\/revisions"}],"predecessor-version":[{"id":923,"href":"https:\/\/nordic-supreme.com\/da\/wp-json\/wp\/v2\/pages\/28\/revisions\/923"}],"wp:featuredmedia":[{"embeddable":true,"href":"https:\/\/nordic-supreme.com\/da\/wp-json\/wp\/v2\/media\/413"}],"wp:attachment":[{"href":"https:\/\/nordic-supreme.com\/da\/wp-json\/wp\/v2\/media?parent=28"}],"curies":[{"name":"wp","href":"https:\/\/api.w.org\/{rel}","templated":true}]}}