{"id":26,"date":"2021-03-26T10:03:00","date_gmt":"2021-03-26T10:03:00","guid":{"rendered":"https:\/\/nordic-supreme.com\/?page_id=26"},"modified":"2021-04-26T14:30:07","modified_gmt":"2021-04-26T14:30:07","slug":"radgivning","status":"publish","type":"page","link":"https:\/\/nordic-supreme.com\/da\/radgivning\/","title":{"rendered":"R\u00e5dgivning"},"content":{"rendered":"\r\n<div id=\"headerText-block_60640c1228062\" class=\"headerText\">\r\n\t<div class=\"container\">\r\n\t\t<div class=\"row\">\r\n\t\t\t<div class=\"col-12 col-lg-10 col-xl-8 offset-lg-1 offset-xl-2\">\r\n\t\t\t\t<div class=\"headerText__content animateText\">\r\n\t\t\t\t\t<h1>F\u00e5r du den r\u00e5dgivning, du har brug for?<\/h1>\r\n\t\t\t\t\t<div class=\"headerText__content__text\">\r\n\t\t\t\t\t\t\t\t\t\t\t\t\t<div class=\"headerText__content__text__left\">\r\n\t\t\t\t\t\t\t\t<p>At k\u00f8be cannabis genetik er en sand jungle. Kunderne oplever desv\u00e6rre ofte, at sorterne ikke er rene, ikke altid er sunde, varierer ift. styrke og indhold og tilmed ikke f\u00e5r leveret som er lovet.<\/p>\n\t\t\t\t\t\t\t<\/div>\r\n\t\t\t\t\t\t\t\t\t\t\t\t\t\t\t\t\t\t\t<div class=\"headerText__content__text__right\">\r\n\t\t\t\t\t\t\t\t<p>Derfor er vores sorter gennemtestet af vores forskerteam i forhold til indhold af cannaborider og terpener. Vi opbygger opbygger st\u00e6rk resistens mod sygdom. Vi tester desuden h\u00f8studbyttet af flere omgange, tester om de er lette at h\u00f8ste, og om de er lette at h\u00e5ndtere \u201dpost harvest\u201d. Vi sikrer, at vi har alle data tilg\u00e6ngelige inkl. COA, s\u00e5 vi kan give den bedst t\u00e6nkelige r\u00e5dgivning.<\/p>\n\t\t\t\t\t\t\t<\/div>\r\n\t\t\t\t\t\t\t\t\t\t\t<\/div>\r\n\t\t\t\t\t\t\t\t\t<\/div>\r\n\t\t\t<\/div>\r\n\t\t<\/div>\r\n\t<\/div>\r\n<\/div>\n\n\r\n<div id=\"listImage-block_6064129c977f4\" class=\"listImage\">\r\n\t<div>\r\n\t\t<div class=\"listImageBackground\">\r\n\t\t\t<div class=\"container\">\r\n\t\t\t\t<div class=\"row\">\r\n\t\t\t\t\t<div class=\"col-12 col-md-6 col-xl-4 col-lg-5 col-md-6 imageColumn\">\r\n\t\t\t\t\t\t<div class=\"listImage__image animateImage\">\r\n\t\t\t\t\t\t\t<img data-sizes=\"auto\" data-srcset=\"https:\/\/nordic-supreme.com\/wp-content\/uploads\/Nordic_Supreme_radgivning-1-300x293.jpg 300w, https:\/\/nordic-supreme.com\/wp-content\/uploads\/Nordic_Supreme_radgivning-1-1024x999.jpg 640w, https:\/\/nordic-supreme.com\/wp-content\/uploads\/Nordic_Supreme_radgivning-1.jpg 1250w, https:\/\/nordic-supreme.com\/wp-content\/uploads\/Nordic_Supreme_radgivning-1-1107x1080.jpg 1107w\" alt=\"\" class=\"lazyload\" data-expand=\"120\" \/>\t\t\t\t\t\t\t<div class=\"animateImage__mask\"><\/div>\r\n\t\t\t\t\t\t<\/div>\r\n\t\t\t\t\t<\/div>\r\n\t\t\t\t\t<div class=\"col-12 col-md-6 col-xl-4 col-lg-5 offset-lg-1 offset-xl-2 col-md-6\">\r\n\t\t\t\t\t\t<div class=\"listImage__content\">\r\n\t\t\t\t\t\t\t<h2>Vi tager udgangspunkt i netop dine behov<\/h2>\n<ul>\n<li>Dyrker du i v\u00e6ksthus, i lukket rum eller p\u00e5 friland?<\/li>\n<li>Hvilke indholdsstoffer \u00f8nsker du i planten?<\/li>\n<li>Har du problemer med skimmel eller skadedyr?<\/li>\n<li>Hvilken planteopbygning \u00f8nsker du?<\/li>\n<\/ul>\n\t\t\t\t\t\t<\/div>\r\n\t\t\t\t\t<\/div>\r\n\t\t\t\t<\/div>\r\n\t\t\t<\/div>\r\n\t\t<\/div>\r\n\t<\/div>\r\n\t<div class=\"headerTextArrow\">\r\n\t\t<svg id=\"icon\" xmlns=\"http:\/\/www.w3.org\/2000\/svg\" width=\"32\" height=\"32\" viewBox=\"0 0 32 32\"><polygon points=\"24.59 16.59 17 24.17 17 4 15 4 15 24.17 7.41 16.59 6 18 16 28 26 18 24.59 16.59\"\/><\/svg>\r\n\t\t<span>Scroll ned<\/span>\r\n\t<\/div>\r\n<\/div>\n\n\r\n<div id=\"twoColumn-block_60640d41c59ba\" class=\"twoColumn\">\r\n\t<div class=\"container\">\r\n\t\t<div class=\"row\">\r\n\t\t\t<div class=\"col-12 col-lg-10 col-xl-8 offset-lg-1 offset-xl-2\">\r\n\t\t\t\t<div class=\"animateText\">\r\n\t\t\t\t\t\t\t\t\t\t\t<h2 class=\"twoColumn__title styleHeading1\">\r\n\t\t\t\t\t\t\tInternationalt samarbejde med f\u00f8rende globale producenter\t\t\t\t\t\t<\/h2>\r\n\t\t\t\t\t\t\t\t\t\t<div class=\"twoColumn__text animateText\">\r\n\t\t\t\t\t\t<p>Nordic Supreme arbejder t\u00e6t sammen med internationale konsulenter og f\u00f8rende globale producenter af cannabis. Vi sikrer derved, at vores viden hele tiden er opdateret og udf\u00f8rer l\u00f8bende sortsfors\u00f8g, s\u00e5 vi kan r\u00e5dgive s\u00e5 pr\u00e6cist og databaseret som muligt om sorterne. <\/p>\n<p>Nordic Supreme er en 100% legal for\u00e6dler, og vi er derfor ikke underlagt de begr\u00e6nsninger, som illegale for\u00e6dlere har. Vi er dit bedste bud p\u00e5 en erfaren forretningspartner med sans for branchens trends, og er bekendte med regler og udfordringer ved dyrkning af legal cannabis. Vi har opbygget et internationalt n\u00e6tv\u00e6rk af eksperter og konsulenter som kan hj\u00e6lpe med at skabe den korrekte r\u00e5dgivning.<\/p>\n\t\t\t\t\t<\/div>\r\n\t\t\t\t<\/div>\r\n\t\t\t\t\t\t\t<\/div>\r\n\t\t<\/div>\r\n\t<\/div>\r\n<\/div>\n\n\r\n<div id=\"subscribeBlock-block_60640ca928063\" class=\"subscribeBlock\">\r\n\t<div class=\"container\">\r\n\t\t<div class=\"row\">\r\n\t\t\t<div class=\"col-12 col-lg-10 col-xl-8 offset-lg-1 offset-xl-2\">\r\n\t\t\t\t<div class=\"subscribe\">\r\n\t\t\t\t\t<form class=\"subscribe__form styleHeading1 animateText\" id='contactForm'>\r\n\t\t\t\t\t\t<h2>Har du brug for professionel sparring?<\/h2>\n\t\t\t\t\t\t<div class=\"inputWrap\">\r\n\t\t\t\t\t\t\t<label for=\"name\">For- og efternavn*<\/label>\r\n\t\t\t\t\t\t\t<input type=\"text\" name='name' id='name' required>\r\n\t\t\t\t\t\t<\/div>\r\n\t\t\t\t\t\t<div class=\"inputWrap\">\r\n\t\t\t\t\t\t\t<label for=\"email\">E-mail*<\/label>\r\n\t\t\t\t\t\t\t<input type=\"text\" name='email' id='email' required>\r\n\t\t\t\t\t\t<\/div>\r\n\t\t\t\t\t\t<div class=\"inputWrap\">\r\n\t\t\t\t\t\t\t<label for=\"firma\">Firma*<\/label>\r\n\t\t\t\t\t\t\t<input type=\"text\" name='firma' id='firma' required>\r\n\t\t\t\t\t\t<\/div>\r\n\t\t\t\t\t\t<div class=\"inputWrap\">\r\n\t\t\t\t\t\t\t<label for=\"Address\">Adresse<\/label>\r\n\t\t\t\t\t\t\t<input type=\"text\" name='Address' id='Address'>\r\n\t\t\t\t\t\t<\/div>\r\n\t\t\t\t\t\t<div class=\"permission\">\r\n\t\t\t\t\t\t\t<svg class=\"inline-svg\">\r\n\t\t\t\t\t\t\t  <symbol id=\"check\" viewBox=\"0 0 12 10\">\r\n\t\t\t\t\t\t\t\t<polyline points=\"1.5 6 4.5 9 10.5 1\"><\/polyline>\r\n\t\t\t\t\t\t\t  <\/symbol>\r\n\t\t\t\t\t\t\t<\/svg>\r\n\t\t\t\t\t\t\t<input class=\"inp-cbx\" id=\"accept\" name='accept' type=\"checkbox\" required>\r\n\t\t\t\t\t\t\t<label class=\"cbx\" for=\"accept\">\r\n\t\t\t\t\t\t\t\t<span>\r\n\t\t\t\t\t\t\t\t\t<svg width=\"12px\" height=\"10px\">\r\n\t\t\t\t\t\t\t\t\t\t<use xlink:href=\"#check\"><\/use>\r\n\t\t\t\t\t\t\t\t\t<\/svg>\r\n\t\t\t\t\t\t\t\t<\/span>\r\n\t\t\t\t\t\t\t\t<span>\r\n\t\t\t\t\t\t\t\t\tJeg accepterer Nordic Supremes <a href='https:\/\/nordic-supreme.com\/persondatapolitik\/' target='_blank'>cookie- og privatlivspolitik<\/a>\t\t\t\t\t\t\t\t<\/span>\r\n\t\t\t\t\t\t\t<\/label>\r\n\t\t\t\t\t\t<\/div>\r\n\t\t\t\t\t\t<div class=\"subscribe__form__button\">\r\n\t\t\t\t\t\t\t<button class=\"buttonRounded btn\"><span class=\"dot\"><\/span><span class=\"btn__inner\">Send<\/span><\/button>\r\n\t\t\t\t\t\t\t<div class=\"subscribe__form__button__message\">Sendt<\/div>\r\n\t\t\t\t\t\t<\/div>\r\n\t\t\t\t\t<\/form>\r\n\t\t\t\t\t<div class=\"subscribe__box\">\r\n\t\t\t\t\t\t<div class=\"subscribe__box__inner\">\r\n\t\t\t\t\t\t\t<h2>Du kan ogs\u00e5 kontakte os direkte<\/h2>\n<p>Kontakt os og h\u00f8r n\u00e6rmere om, hvordan vi kan hj\u00e6lpe dig med at udvikle din forretning<\/p>\n<h4><\/h4>\t\t\t\t\t\t\t\t\t<div class=\"contactWrap\">\r\n\t\t\t\t\t\t\t\t\t\t<div><div class=\"boxImgWrap\"><svg width=\"22px\" height=\"16px\" viewBox=\"0 0 22 16\" version=\"1.1\" xmlns=\"http:\/\/www.w3.org\/2000\/svg\" xmlns:xlink=\"http:\/\/www.w3.org\/1999\/xlink\"> <g id=\"Symbols\" stroke=\"none\" stroke-width=\"1\" fill=\"none\" fill-rule=\"evenodd\"> <g id=\"Contact-form--\/-Hybrid\" transform=\"translate(-1087.000000, -411.000000)\" fill=\"#F4CB64\"> <g id=\"Contact-form\" transform=\"translate(323.000000, -11.000000)\"> <g id=\"Text\" transform=\"translate(759.000000, 159.000000)\"> <g id=\"Tools-\/-Technology-\/-email-\/-24\" transform=\"translate(4.000000, 259.000000)\"> <path d=\"M21,4.5 L3,4.5 C2.17157288,4.5 1.5,5.17157288 1.5,6 L1.5,18 C1.5,18.8284271 2.17157288,19.5 3,19.5 L21,19.5 C21.8284271,19.5 22.5,18.8284271 22.5,18 L22.5,6 C22.5,5.17157288 21.8284271,4.5 21,4.5 Z M19.35,6 L12,11.085 L4.65,6 L19.35,6 Z M3,18 L3,6.6825 L11.5725,12.615 C11.829596,12.7933553 12.170404,12.7933553 12.4275,12.615 L21,6.6825 L21,18 L3,18 Z\" id=\"Fill\"><\/path> <\/g> <\/g> <\/g> <\/g> <\/g> <\/svg><\/div><a href=\"mailto:info@nordic-supreme.com\">info@nordic-supreme.com<\/a><\/div><div><div class=\"boxImgWrap\"><svg width=\"12px\" height=\"20px\" viewBox=\"0 0 12 20\" version=\"1.1\" xmlns=\"http:\/\/www.w3.org\/2000\/svg\" xmlns:xlink=\"http:\/\/www.w3.org\/1999\/xlink\"> <g id=\"Symbols\" stroke=\"none\" stroke-width=\"1\" fill=\"none\" fill-rule=\"evenodd\"> <g id=\"Contact-form--\/-Hybrid\" transform=\"translate(-1092.000000, -441.000000)\" fill=\"#F4CB64\"> <g id=\"Contact-form\" transform=\"translate(323.000000, -11.000000)\"> <g id=\"Text\" transform=\"translate(759.000000, 159.000000)\"> <g id=\"Tools-\/-Technology-\/-email-\/-24-Copy\" transform=\"translate(4.000000, 290.000000)\"> <path d=\"M16.5,3 L7.5,3 C6.67191561,3.00082684 6.00082684,3.67191561 6,4.5 L6,21 C6.00082684,21.8280844 6.67191561,22.4991732 7.5,22.5 L16.5,22.5 C17.3279133,22.4987609 17.9987609,21.8279133 18,21 L18,4.5 C17.9991732,3.67191561 17.3280844,3.00082684 16.5,3 Z M16.5,4.5 L16.5,6 L7.5,6 L7.5,4.5 L16.5,4.5 Z M7.5,21 L7.5,7.5 L16.5,7.5 L16.5,21 L7.5,21 Z\" id=\"Fill\"><\/path> <\/g> <\/g> <\/g> <\/g> <\/g> <\/svg><\/div><a href=\"tel:+45 65 96 29 27\">+45 65 96 29 27<\/a><\/div>\t\t\t\t\t\t\t\t\t<\/div>\r\n\t\t\t\t\t\t\t\t\t\t\t\t\t\t<\/div>\r\n\t\t\t\t\t<\/div>\r\n\t\t\t\t<\/div>\r\n\t\t\t<\/div>\r\n\t\t<\/div>\r\n\t<\/div>\r\n<\/div>","protected":false},"excerpt":{"rendered":"","protected":false},"author":1,"featured_media":332,"parent":0,"menu_order":0,"comment_status":"closed","ping_status":"closed","template":"","meta":{"footnotes":""},"class_list":["post-26","page","type-page","status-publish","has-post-thumbnail","hentry"],"yoast_head":"<!-- This site is optimized with the Yoast SEO plugin v17.3 - https:\/\/yoast.com\/wordpress\/plugins\/seo\/ -->\n<title>R\u00e5dgivning - Nordic Supreme<\/title>\n<meta name=\"description\" content=\"At k\u00f8be cannabis genetik er en sand jungle. Kunderne oplever desv\u00e6rre ofte, at sorterne ikke er rene, ikke altid er sunde, varierer ift. styrke og indhold og tilmed ikke f\u00e5r leveret som er lovet.\" \/>\n<meta name=\"robots\" content=\"index, follow, max-snippet:-1, max-image-preview:large, max-video-preview:-1\" \/>\n<link rel=\"canonical\" href=\"https:\/\/nordic-supreme.com\/radgivning\/\" \/>\n<meta property=\"og:locale\" content=\"da_DK\" \/>\n<meta property=\"og:type\" content=\"article\" \/>\n<meta property=\"og:title\" content=\"R\u00e5dgivning - Nordic Supreme\" \/>\n<meta property=\"og:description\" content=\"At k\u00f8be cannabis genetik er en sand jungle. Kunderne oplever desv\u00e6rre ofte, at sorterne ikke er rene, ikke altid er sunde, varierer ift. styrke og indhold og tilmed ikke f\u00e5r leveret som er lovet.\" \/>\n<meta property=\"og:url\" content=\"https:\/\/nordic-supreme.com\/radgivning\/\" \/>\n<meta property=\"og:site_name\" content=\"Nordic Supreme\" \/>\n<meta property=\"article:modified_time\" content=\"2021-04-26T14:30:07+00:00\" \/>\n<meta property=\"og:image\" content=\"https:\/\/nordic-supreme.com\/wp-content\/uploads\/Nordic_Supreme_Frontpage_4.jpg\" \/>\n\t<meta property=\"og:image:width\" content=\"1444\" \/>\n\t<meta property=\"og:image:height\" content=\"1660\" \/>\n<meta name=\"twitter:card\" content=\"summary_large_image\" \/>\n<script type=\"application\/ld+json\" class=\"yoast-schema-graph\">{\"@context\":\"https:\/\/schema.org\",\"@graph\":[{\"@type\":\"WebSite\",\"@id\":\"https:\/\/nordic-supreme.com\/#website\",\"url\":\"https:\/\/nordic-supreme.com\/\",\"name\":\"Nordic Supreme\",\"description\":\"Professionel sparring til cannabis genetik\",\"potentialAction\":[{\"@type\":\"SearchAction\",\"target\":{\"@type\":\"EntryPoint\",\"urlTemplate\":\"https:\/\/nordic-supreme.com\/?s={search_term_string}\"},\"query-input\":\"required name=search_term_string\"}],\"inLanguage\":\"da-DK\"},{\"@type\":\"ImageObject\",\"@id\":\"https:\/\/nordic-supreme.com\/radgivning\/#primaryimage\",\"inLanguage\":\"da-DK\",\"url\":\"https:\/\/nordic-supreme.com\/wp-content\/uploads\/Nordic_Supreme_Frontpage_4.jpg\",\"contentUrl\":\"https:\/\/nordic-supreme.com\/wp-content\/uploads\/Nordic_Supreme_Frontpage_4.jpg\",\"width\":1444,\"height\":1660},{\"@type\":\"WebPage\",\"@id\":\"https:\/\/nordic-supreme.com\/radgivning\/#webpage\",\"url\":\"https:\/\/nordic-supreme.com\/radgivning\/\",\"name\":\"R\\u00e5dgivning - Nordic Supreme\",\"isPartOf\":{\"@id\":\"https:\/\/nordic-supreme.com\/#website\"},\"primaryImageOfPage\":{\"@id\":\"https:\/\/nordic-supreme.com\/radgivning\/#primaryimage\"},\"datePublished\":\"2021-03-26T10:03:00+00:00\",\"dateModified\":\"2021-04-26T14:30:07+00:00\",\"description\":\"At k\\u00f8be cannabis genetik er en sand jungle. Kunderne oplever desv\\u00e6rre ofte, at sorterne ikke er rene, ikke altid er sunde, varierer ift. styrke og indhold og tilmed ikke f\\u00e5r leveret som er lovet.\",\"breadcrumb\":{\"@id\":\"https:\/\/nordic-supreme.com\/radgivning\/#breadcrumb\"},\"inLanguage\":\"da-DK\",\"potentialAction\":[{\"@type\":\"ReadAction\",\"target\":[\"https:\/\/nordic-supreme.com\/radgivning\/\"]}]},{\"@type\":\"BreadcrumbList\",\"@id\":\"https:\/\/nordic-supreme.com\/radgivning\/#breadcrumb\",\"itemListElement\":[{\"@type\":\"ListItem\",\"position\":1,\"name\":\"Home\",\"item\":\"https:\/\/nordic-supreme.com\/da\/\"},{\"@type\":\"ListItem\",\"position\":2,\"name\":\"R\\u00e5dgivning\"}]}]}<\/script>\n<!-- \/ Yoast SEO plugin. -->","yoast_head_json":{"title":"R\u00e5dgivning - Nordic Supreme","description":"At k\u00f8be cannabis genetik er en sand jungle. Kunderne oplever desv\u00e6rre ofte, at sorterne ikke er rene, ikke altid er sunde, varierer ift. styrke og indhold og tilmed ikke f\u00e5r leveret som er lovet.","robots":{"index":"index","follow":"follow","max-snippet":"max-snippet:-1","max-image-preview":"max-image-preview:large","max-video-preview":"max-video-preview:-1"},"canonical":"https:\/\/nordic-supreme.com\/radgivning\/","og_locale":"da_DK","og_type":"article","og_title":"R\u00e5dgivning - Nordic Supreme","og_description":"At k\u00f8be cannabis genetik er en sand jungle. Kunderne oplever desv\u00e6rre ofte, at sorterne ikke er rene, ikke altid er sunde, varierer ift. styrke og indhold og tilmed ikke f\u00e5r leveret som er lovet.","og_url":"https:\/\/nordic-supreme.com\/radgivning\/","og_site_name":"Nordic Supreme","article_modified_time":"2021-04-26T14:30:07+00:00","og_image":[{"width":1444,"height":1660,"url":"https:\/\/nordic-supreme.com\/wp-content\/uploads\/Nordic_Supreme_Frontpage_4.jpg","type":"image\/jpeg"}],"twitter_card":"summary_large_image","schema":{"@context":"https:\/\/schema.org","@graph":[{"@type":"WebSite","@id":"https:\/\/nordic-supreme.com\/#website","url":"https:\/\/nordic-supreme.com\/","name":"Nordic Supreme","description":"Professionel sparring til cannabis genetik","potentialAction":[{"@type":"SearchAction","target":{"@type":"EntryPoint","urlTemplate":"https:\/\/nordic-supreme.com\/?s={search_term_string}"},"query-input":"required name=search_term_string"}],"inLanguage":"da-DK"},{"@type":"ImageObject","@id":"https:\/\/nordic-supreme.com\/radgivning\/#primaryimage","inLanguage":"da-DK","url":"https:\/\/nordic-supreme.com\/wp-content\/uploads\/Nordic_Supreme_Frontpage_4.jpg","contentUrl":"https:\/\/nordic-supreme.com\/wp-content\/uploads\/Nordic_Supreme_Frontpage_4.jpg","width":1444,"height":1660},{"@type":"WebPage","@id":"https:\/\/nordic-supreme.com\/radgivning\/#webpage","url":"https:\/\/nordic-supreme.com\/radgivning\/","name":"R\u00e5dgivning - Nordic Supreme","isPartOf":{"@id":"https:\/\/nordic-supreme.com\/#website"},"primaryImageOfPage":{"@id":"https:\/\/nordic-supreme.com\/radgivning\/#primaryimage"},"datePublished":"2021-03-26T10:03:00+00:00","dateModified":"2021-04-26T14:30:07+00:00","description":"At k\u00f8be cannabis genetik er en sand jungle. Kunderne oplever desv\u00e6rre ofte, at sorterne ikke er rene, ikke altid er sunde, varierer ift. styrke og indhold og tilmed ikke f\u00e5r leveret som er lovet.","breadcrumb":{"@id":"https:\/\/nordic-supreme.com\/radgivning\/#breadcrumb"},"inLanguage":"da-DK","potentialAction":[{"@type":"ReadAction","target":["https:\/\/nordic-supreme.com\/radgivning\/"]}]},{"@type":"BreadcrumbList","@id":"https:\/\/nordic-supreme.com\/radgivning\/#breadcrumb","itemListElement":[{"@type":"ListItem","position":1,"name":"Home","item":"https:\/\/nordic-supreme.com\/da\/"},{"@type":"ListItem","position":2,"name":"R\u00e5dgivning"}]}]}},"_links":{"self":[{"href":"https:\/\/nordic-supreme.com\/da\/wp-json\/wp\/v2\/pages\/26","targetHints":{"allow":["GET"]}}],"collection":[{"href":"https:\/\/nordic-supreme.com\/da\/wp-json\/wp\/v2\/pages"}],"about":[{"href":"https:\/\/nordic-supreme.com\/da\/wp-json\/wp\/v2\/types\/page"}],"author":[{"embeddable":true,"href":"https:\/\/nordic-supreme.com\/da\/wp-json\/wp\/v2\/users\/1"}],"replies":[{"embeddable":true,"href":"https:\/\/nordic-supreme.com\/da\/wp-json\/wp\/v2\/comments?post=26"}],"version-history":[{"count":25,"href":"https:\/\/nordic-supreme.com\/da\/wp-json\/wp\/v2\/pages\/26\/revisions"}],"predecessor-version":[{"id":536,"href":"https:\/\/nordic-supreme.com\/da\/wp-json\/wp\/v2\/pages\/26\/revisions\/536"}],"wp:featuredmedia":[{"embeddable":true,"href":"https:\/\/nordic-supreme.com\/da\/wp-json\/wp\/v2\/media\/332"}],"wp:attachment":[{"href":"https:\/\/nordic-supreme.com\/da\/wp-json\/wp\/v2\/media?parent=26"}],"curies":[{"name":"wp","href":"https:\/\/api.w.org\/{rel}","templated":true}]}}