{"id":24,"date":"2021-03-26T10:02:00","date_gmt":"2021-03-26T10:02:00","guid":{"rendered":"https:\/\/nordic-supreme.com\/?page_id=24"},"modified":"2021-05-04T10:16:24","modified_gmt":"2021-05-04T10:16:24","slug":"hvorfor-nordic-supreme","status":"publish","type":"page","link":"https:\/\/nordic-supreme.com\/da\/hvorfor-nordic-supreme\/","title":{"rendered":"Hvorfor Nordic Supreme"},"content":{"rendered":"\r\n<div id=\"headerText-block_606423e457887\" class=\"headerText headerTextButton\">\r\n\t<div class=\"container\">\r\n\t\t<div class=\"row\">\r\n\t\t\t<div class=\"col-12 col-lg-10 col-xl-8 offset-lg-1 offset-xl-2\">\r\n\t\t\t\t<div class=\"headerText__content animateText\">\r\n\t\t\t\t\t<h1>Samarbejde<\/h1>\r\n\t\t\t\t\t<div class=\"headerText__content__text\">\r\n\t\t\t\t\t\t\t\t\t\t\t\t\t<div class=\"headerText__content__text__left\">\r\n\t\t\t\t\t\t\t\t<p>Nordic Supreme teamet har en solid, bred og legal baggrund indenfor drivhus- og cannabisdyrkning. Derfor forst\u00e5r vi behovet for at udvikle seri\u00f8se partnerskaber med producenterne. Dette g\u00f8res for at sikre en optimal, teknisk r\u00e5dgivning, hvor producentens behov im\u00f8dekommes i forhold til s\u00e5vel for\u00e6dling som r\u00e5dgivning. <\/p>\n\t\t\t\t\t\t\t<\/div>\r\n\t\t\t\t\t\t\t\t\t\t\t\t\t\t\t\t\t\t\t<div class=\"headerText__content__text__right\">\r\n\t\t\t\t\t\t\t\t<p>Vi g\u00f8r os umage for at udvikler ideer og strategier i t\u00e6t samarbejde med producenter og markedsakt\u00f8rer, s\u00e5 vi i f\u00e6llesskab rammer markedet og fremtidens trends. <\/p>\n<p>Vores for\u00e6dling og produktion af formeringmateriale er underlagt de strengeste krav for plantesundhed. Dette er med til at sikre et sundt formeringsmateriale af den h\u00f8jeste kvalitet til vores kunder.<\/p>\n\t\t\t\t\t\t\t<\/div>\r\n\t\t\t\t\t\t\t\t\t\t\t<\/div>\r\n\t\t\t\t\t<a href=\"https:\/\/nordic-supreme.com\/da\/radgivning\/\" target=\"\" class=\"buttonRounded btn\"><span class=\"dot\"><\/span><span class=\"btn__inner\">Samarbejd med os<\/span><\/a>\t\t\t\t<\/div>\r\n\t\t\t<\/div>\r\n\t\t<\/div>\r\n\t<\/div>\r\n<\/div>\n\n\r\n<div id=\"listImage-block_6064240157888\" class=\"listImage\">\r\n\t<div>\r\n\t\t<div class=\"listImageBackground\">\r\n\t\t\t<div class=\"container\">\r\n\t\t\t\t<div class=\"row\">\r\n\t\t\t\t\t<div class=\"col-12 col-md-6 col-xl-4 col-lg-5 col-md-6 imageColumn\">\r\n\t\t\t\t\t\t<div class=\"listImage__image animateImage\">\r\n\t\t\t\t\t\t\t<img data-sizes=\"auto\" data-srcset=\"https:\/\/nordic-supreme.com\/wp-content\/uploads\/Nordic_Supreme_Frontpage_1-255x300.jpg 255w, https:\/\/nordic-supreme.com\/wp-content\/uploads\/Nordic_Supreme_Frontpage_1-872x1024.jpg 640w, https:\/\/nordic-supreme.com\/wp-content\/uploads\/Nordic_Supreme_Frontpage_1-1308x1536.jpg 1308w, https:\/\/nordic-supreme.com\/wp-content\/uploads\/Nordic_Supreme_Frontpage_1-920x1080.jpg 920w\" alt=\"\" class=\"lazyload\" data-expand=\"120\" \/>\t\t\t\t\t\t\t<div class=\"animateImage__mask\"><\/div>\r\n\t\t\t\t\t\t<\/div>\r\n\t\t\t\t\t<\/div>\r\n\t\t\t\t\t<div class=\"col-12 col-md-6 col-xl-4 col-lg-5 offset-lg-1 offset-xl-2 col-md-6\">\r\n\t\t\t\t\t\t<div class=\"listImage__content\">\r\n\t\t\t\t\t\t\t<h2>Du skal v\u00e6lge Nordic Supreme fordi<\/h2>\n<ul>\n<li>Vi har en solid baggrund i dyrkning og for\u00e6dling<\/li>\n<li>Vi er legale, nemme at samarbejde med og kan garantere konstant supply<\/li>\n<li>Vores sorter bliver officielt registreret og testet grundigt<\/li>\n<li>Vi leverer kun sunde og h\u00f8jt performerende sorter<\/li>\n<li>Vi har fremragende for\u00e6dlingsfaciliteter<\/li>\n<\/ul>\n\t\t\t\t\t\t<\/div>\r\n\t\t\t\t\t<\/div>\r\n\t\t\t\t<\/div>\r\n\t\t\t<\/div>\r\n\t\t<\/div>\r\n\t<\/div>\r\n\t<div class=\"headerTextArrow\">\r\n\t\t<svg id=\"icon\" xmlns=\"http:\/\/www.w3.org\/2000\/svg\" width=\"32\" height=\"32\" viewBox=\"0 0 32 32\"><polygon points=\"24.59 16.59 17 24.17 17 4 15 4 15 24.17 7.41 16.59 6 18 16 28 26 18 24.59 16.59\"\/><\/svg>\r\n\t\t<span>Scroll ned<\/span>\r\n\t<\/div>\r\n<\/div>\n\n\r\n<div id=\"subscribeBlock-block_6064242457889\" class=\"subscribeBlock\">\r\n\t<div class=\"container\">\r\n\t\t<div class=\"row\">\r\n\t\t\t<div class=\"col-12 col-lg-10 col-xl-8 offset-lg-1 offset-xl-2\">\r\n\t\t\t\t<div class=\"subscribe\">\r\n\t\t\t\t\t<form class=\"subscribe__form styleHeading1 animateText\" id='contactForm'>\r\n\t\t\t\t\t\t<h2>Har du brug for professionel sparring?<\/h2>\n\t\t\t\t\t\t<div class=\"inputWrap\">\r\n\t\t\t\t\t\t\t<label for=\"name\">For- og efternavn*<\/label>\r\n\t\t\t\t\t\t\t<input type=\"text\" name='name' id='name' required>\r\n\t\t\t\t\t\t<\/div>\r\n\t\t\t\t\t\t<div class=\"inputWrap\">\r\n\t\t\t\t\t\t\t<label for=\"email\">E-mail*<\/label>\r\n\t\t\t\t\t\t\t<input type=\"text\" name='email' id='email' required>\r\n\t\t\t\t\t\t<\/div>\r\n\t\t\t\t\t\t<div class=\"inputWrap\">\r\n\t\t\t\t\t\t\t<label for=\"firma\">Firma*<\/label>\r\n\t\t\t\t\t\t\t<input type=\"text\" name='firma' id='firma' required>\r\n\t\t\t\t\t\t<\/div>\r\n\t\t\t\t\t\t<div class=\"inputWrap\">\r\n\t\t\t\t\t\t\t<label for=\"Address\">Adresse<\/label>\r\n\t\t\t\t\t\t\t<input type=\"text\" name='Address' id='Address'>\r\n\t\t\t\t\t\t<\/div>\r\n\t\t\t\t\t\t<div class=\"permission\">\r\n\t\t\t\t\t\t\t<svg class=\"inline-svg\">\r\n\t\t\t\t\t\t\t  <symbol id=\"check\" viewBox=\"0 0 12 10\">\r\n\t\t\t\t\t\t\t\t<polyline points=\"1.5 6 4.5 9 10.5 1\"><\/polyline>\r\n\t\t\t\t\t\t\t  <\/symbol>\r\n\t\t\t\t\t\t\t<\/svg>\r\n\t\t\t\t\t\t\t<input class=\"inp-cbx\" id=\"accept\" name='accept' type=\"checkbox\" required>\r\n\t\t\t\t\t\t\t<label class=\"cbx\" for=\"accept\">\r\n\t\t\t\t\t\t\t\t<span>\r\n\t\t\t\t\t\t\t\t\t<svg width=\"12px\" height=\"10px\">\r\n\t\t\t\t\t\t\t\t\t\t<use xlink:href=\"#check\"><\/use>\r\n\t\t\t\t\t\t\t\t\t<\/svg>\r\n\t\t\t\t\t\t\t\t<\/span>\r\n\t\t\t\t\t\t\t\t<span>\r\n\t\t\t\t\t\t\t\t\tJeg accepterer Nordic Supremes <a href='https:\/\/nordic-supreme.com\/persondatapolitik\/' target='_blank'>cookie- og privatlivspolitik<\/a>\t\t\t\t\t\t\t\t<\/span>\r\n\t\t\t\t\t\t\t<\/label>\r\n\t\t\t\t\t\t<\/div>\r\n\t\t\t\t\t\t<div class=\"subscribe__form__button\">\r\n\t\t\t\t\t\t\t<button class=\"buttonRounded btn\"><span class=\"dot\"><\/span><span class=\"btn__inner\">Send<\/span><\/button>\r\n\t\t\t\t\t\t\t<div class=\"subscribe__form__button__message\">Sendt<\/div>\r\n\t\t\t\t\t\t<\/div>\r\n\t\t\t\t\t<\/form>\r\n\t\t\t\t\t<div class=\"subscribe__box\">\r\n\t\t\t\t\t\t<div class=\"subscribe__box__inner\">\r\n\t\t\t\t\t\t\t<h2>Du kan ogs\u00e5 kontakte os direkte<\/h2>\n<p>Kontakt os og h\u00f8r n\u00e6rmere om, hvordan vi kan hj\u00e6lpe dig med at udvikle din forretning<\/p>\n<h4><\/h4>\t\t\t\t\t\t\t\t\t<div class=\"contactWrap\">\r\n\t\t\t\t\t\t\t\t\t\t<div><div class=\"boxImgWrap\"><svg width=\"22px\" height=\"16px\" viewBox=\"0 0 22 16\" version=\"1.1\" xmlns=\"http:\/\/www.w3.org\/2000\/svg\" xmlns:xlink=\"http:\/\/www.w3.org\/1999\/xlink\"> <g id=\"Symbols\" stroke=\"none\" stroke-width=\"1\" fill=\"none\" fill-rule=\"evenodd\"> <g id=\"Contact-form--\/-Hybrid\" transform=\"translate(-1087.000000, -411.000000)\" fill=\"#F4CB64\"> <g id=\"Contact-form\" transform=\"translate(323.000000, -11.000000)\"> <g id=\"Text\" transform=\"translate(759.000000, 159.000000)\"> <g id=\"Tools-\/-Technology-\/-email-\/-24\" transform=\"translate(4.000000, 259.000000)\"> <path d=\"M21,4.5 L3,4.5 C2.17157288,4.5 1.5,5.17157288 1.5,6 L1.5,18 C1.5,18.8284271 2.17157288,19.5 3,19.5 L21,19.5 C21.8284271,19.5 22.5,18.8284271 22.5,18 L22.5,6 C22.5,5.17157288 21.8284271,4.5 21,4.5 Z M19.35,6 L12,11.085 L4.65,6 L19.35,6 Z M3,18 L3,6.6825 L11.5725,12.615 C11.829596,12.7933553 12.170404,12.7933553 12.4275,12.615 L21,6.6825 L21,18 L3,18 Z\" id=\"Fill\"><\/path> <\/g> <\/g> <\/g> <\/g> <\/g> <\/svg><\/div><a href=\"mailto:info@nordic-supreme.com\">info@nordic-supreme.com<\/a><\/div><div><div class=\"boxImgWrap\"><svg width=\"12px\" height=\"20px\" viewBox=\"0 0 12 20\" version=\"1.1\" xmlns=\"http:\/\/www.w3.org\/2000\/svg\" xmlns:xlink=\"http:\/\/www.w3.org\/1999\/xlink\"> <g id=\"Symbols\" stroke=\"none\" stroke-width=\"1\" fill=\"none\" fill-rule=\"evenodd\"> <g id=\"Contact-form--\/-Hybrid\" transform=\"translate(-1092.000000, -441.000000)\" fill=\"#F4CB64\"> <g id=\"Contact-form\" transform=\"translate(323.000000, -11.000000)\"> <g id=\"Text\" transform=\"translate(759.000000, 159.000000)\"> <g id=\"Tools-\/-Technology-\/-email-\/-24-Copy\" transform=\"translate(4.000000, 290.000000)\"> <path d=\"M16.5,3 L7.5,3 C6.67191561,3.00082684 6.00082684,3.67191561 6,4.5 L6,21 C6.00082684,21.8280844 6.67191561,22.4991732 7.5,22.5 L16.5,22.5 C17.3279133,22.4987609 17.9987609,21.8279133 18,21 L18,4.5 C17.9991732,3.67191561 17.3280844,3.00082684 16.5,3 Z M16.5,4.5 L16.5,6 L7.5,6 L7.5,4.5 L16.5,4.5 Z M7.5,21 L7.5,7.5 L16.5,7.5 L16.5,21 L7.5,21 Z\" id=\"Fill\"><\/path> <\/g> <\/g> <\/g> <\/g> <\/g> <\/svg><\/div><a href=\"tel:+45 65 96 29 27\">+45 65 96 29 27<\/a><\/div>\t\t\t\t\t\t\t\t\t<\/div>\r\n\t\t\t\t\t\t\t\t\t\t\t\t\t\t<\/div>\r\n\t\t\t\t\t<\/div>\r\n\t\t\t\t<\/div>\r\n\t\t\t<\/div>\r\n\t\t<\/div>\r\n\t<\/div>\r\n<\/div>","protected":false},"excerpt":{"rendered":"","protected":false},"author":1,"featured_media":346,"parent":0,"menu_order":0,"comment_status":"closed","ping_status":"closed","template":"","meta":{"footnotes":""},"class_list":["post-24","page","type-page","status-publish","has-post-thumbnail","hentry"],"yoast_head":"<!-- This site is optimized with the Yoast SEO plugin v17.3 - https:\/\/yoast.com\/wordpress\/plugins\/seo\/ -->\n<title>Hvorfor Nordic Supreme - Nordic Supreme<\/title>\n<meta name=\"description\" content=\"Nordic Supreme teamet har en solid, bred og legal baggrund indenfor drivhus- og cannabisdyrkning. Derfor forst\u00e5r vi behovet for at udvikle seri\u00f8se partnerskaber med producenterne.\" \/>\n<meta name=\"robots\" content=\"index, follow, max-snippet:-1, max-image-preview:large, max-video-preview:-1\" \/>\n<link rel=\"canonical\" href=\"https:\/\/nordic-supreme.com\/da\/hvorfor-nordic-supreme\/\" \/>\n<meta property=\"og:locale\" content=\"da_DK\" \/>\n<meta property=\"og:type\" content=\"article\" \/>\n<meta property=\"og:title\" content=\"Hvorfor Nordic Supreme - Nordic Supreme\" \/>\n<meta property=\"og:description\" content=\"Nordic Supreme teamet har en solid, bred og legal baggrund indenfor drivhus- og cannabisdyrkning. Derfor forst\u00e5r vi behovet for at udvikle seri\u00f8se partnerskaber med producenterne.\" \/>\n<meta property=\"og:url\" content=\"https:\/\/nordic-supreme.com\/da\/hvorfor-nordic-supreme\/\" \/>\n<meta property=\"og:site_name\" content=\"Nordic Supreme\" \/>\n<meta property=\"article:modified_time\" content=\"2021-05-04T10:16:24+00:00\" \/>\n<meta property=\"og:image\" content=\"https:\/\/nordic-supreme.com\/wp-content\/uploads\/Nordic_Supreme_Collage_2.jpg\" \/>\n\t<meta property=\"og:image:width\" content=\"752\" \/>\n\t<meta property=\"og:image:height\" content=\"866\" \/>\n<meta name=\"twitter:card\" content=\"summary_large_image\" \/>\n<script type=\"application\/ld+json\" class=\"yoast-schema-graph\">{\"@context\":\"https:\/\/schema.org\",\"@graph\":[{\"@type\":\"WebSite\",\"@id\":\"https:\/\/nordic-supreme.com\/#website\",\"url\":\"https:\/\/nordic-supreme.com\/\",\"name\":\"Nordic Supreme\",\"description\":\"Professionel sparring til cannabis genetik\",\"potentialAction\":[{\"@type\":\"SearchAction\",\"target\":{\"@type\":\"EntryPoint\",\"urlTemplate\":\"https:\/\/nordic-supreme.com\/?s={search_term_string}\"},\"query-input\":\"required name=search_term_string\"}],\"inLanguage\":\"da-DK\"},{\"@type\":\"ImageObject\",\"@id\":\"https:\/\/nordic-supreme.com\/da\/hvorfor-nordic-supreme\/#primaryimage\",\"inLanguage\":\"da-DK\",\"url\":\"https:\/\/nordic-supreme.com\/wp-content\/uploads\/Nordic_Supreme_Collage_2.jpg\",\"contentUrl\":\"https:\/\/nordic-supreme.com\/wp-content\/uploads\/Nordic_Supreme_Collage_2.jpg\",\"width\":752,\"height\":866},{\"@type\":\"WebPage\",\"@id\":\"https:\/\/nordic-supreme.com\/da\/hvorfor-nordic-supreme\/#webpage\",\"url\":\"https:\/\/nordic-supreme.com\/da\/hvorfor-nordic-supreme\/\",\"name\":\"Hvorfor Nordic Supreme - Nordic Supreme\",\"isPartOf\":{\"@id\":\"https:\/\/nordic-supreme.com\/#website\"},\"primaryImageOfPage\":{\"@id\":\"https:\/\/nordic-supreme.com\/da\/hvorfor-nordic-supreme\/#primaryimage\"},\"datePublished\":\"2021-03-26T10:02:00+00:00\",\"dateModified\":\"2021-05-04T10:16:24+00:00\",\"description\":\"Nordic Supreme teamet har en solid, bred og legal baggrund indenfor drivhus- og cannabisdyrkning. Derfor forst\\u00e5r vi behovet for at udvikle seri\\u00f8se partnerskaber med producenterne.\",\"breadcrumb\":{\"@id\":\"https:\/\/nordic-supreme.com\/da\/hvorfor-nordic-supreme\/#breadcrumb\"},\"inLanguage\":\"da-DK\",\"potentialAction\":[{\"@type\":\"ReadAction\",\"target\":[\"https:\/\/nordic-supreme.com\/da\/hvorfor-nordic-supreme\/\"]}]},{\"@type\":\"BreadcrumbList\",\"@id\":\"https:\/\/nordic-supreme.com\/da\/hvorfor-nordic-supreme\/#breadcrumb\",\"itemListElement\":[{\"@type\":\"ListItem\",\"position\":1,\"name\":\"Home\",\"item\":\"https:\/\/nordic-supreme.com\/da\/\"},{\"@type\":\"ListItem\",\"position\":2,\"name\":\"Hvorfor Nordic Supreme\"}]}]}<\/script>\n<!-- \/ Yoast SEO plugin. -->","yoast_head_json":{"title":"Hvorfor Nordic Supreme - Nordic Supreme","description":"Nordic Supreme teamet har en solid, bred og legal baggrund indenfor drivhus- og cannabisdyrkning. Derfor forst\u00e5r vi behovet for at udvikle seri\u00f8se partnerskaber med producenterne.","robots":{"index":"index","follow":"follow","max-snippet":"max-snippet:-1","max-image-preview":"max-image-preview:large","max-video-preview":"max-video-preview:-1"},"canonical":"https:\/\/nordic-supreme.com\/da\/hvorfor-nordic-supreme\/","og_locale":"da_DK","og_type":"article","og_title":"Hvorfor Nordic Supreme - Nordic Supreme","og_description":"Nordic Supreme teamet har en solid, bred og legal baggrund indenfor drivhus- og cannabisdyrkning. Derfor forst\u00e5r vi behovet for at udvikle seri\u00f8se partnerskaber med producenterne.","og_url":"https:\/\/nordic-supreme.com\/da\/hvorfor-nordic-supreme\/","og_site_name":"Nordic Supreme","article_modified_time":"2021-05-04T10:16:24+00:00","og_image":[{"width":752,"height":866,"url":"https:\/\/nordic-supreme.com\/wp-content\/uploads\/Nordic_Supreme_Collage_2.jpg","type":"image\/jpeg"}],"twitter_card":"summary_large_image","schema":{"@context":"https:\/\/schema.org","@graph":[{"@type":"WebSite","@id":"https:\/\/nordic-supreme.com\/#website","url":"https:\/\/nordic-supreme.com\/","name":"Nordic Supreme","description":"Professionel sparring til cannabis genetik","potentialAction":[{"@type":"SearchAction","target":{"@type":"EntryPoint","urlTemplate":"https:\/\/nordic-supreme.com\/?s={search_term_string}"},"query-input":"required name=search_term_string"}],"inLanguage":"da-DK"},{"@type":"ImageObject","@id":"https:\/\/nordic-supreme.com\/da\/hvorfor-nordic-supreme\/#primaryimage","inLanguage":"da-DK","url":"https:\/\/nordic-supreme.com\/wp-content\/uploads\/Nordic_Supreme_Collage_2.jpg","contentUrl":"https:\/\/nordic-supreme.com\/wp-content\/uploads\/Nordic_Supreme_Collage_2.jpg","width":752,"height":866},{"@type":"WebPage","@id":"https:\/\/nordic-supreme.com\/da\/hvorfor-nordic-supreme\/#webpage","url":"https:\/\/nordic-supreme.com\/da\/hvorfor-nordic-supreme\/","name":"Hvorfor Nordic Supreme - Nordic Supreme","isPartOf":{"@id":"https:\/\/nordic-supreme.com\/#website"},"primaryImageOfPage":{"@id":"https:\/\/nordic-supreme.com\/da\/hvorfor-nordic-supreme\/#primaryimage"},"datePublished":"2021-03-26T10:02:00+00:00","dateModified":"2021-05-04T10:16:24+00:00","description":"Nordic Supreme teamet har en solid, bred og legal baggrund indenfor drivhus- og cannabisdyrkning. Derfor forst\u00e5r vi behovet for at udvikle seri\u00f8se partnerskaber med producenterne.","breadcrumb":{"@id":"https:\/\/nordic-supreme.com\/da\/hvorfor-nordic-supreme\/#breadcrumb"},"inLanguage":"da-DK","potentialAction":[{"@type":"ReadAction","target":["https:\/\/nordic-supreme.com\/da\/hvorfor-nordic-supreme\/"]}]},{"@type":"BreadcrumbList","@id":"https:\/\/nordic-supreme.com\/da\/hvorfor-nordic-supreme\/#breadcrumb","itemListElement":[{"@type":"ListItem","position":1,"name":"Home","item":"https:\/\/nordic-supreme.com\/da\/"},{"@type":"ListItem","position":2,"name":"Hvorfor Nordic Supreme"}]}]}},"_links":{"self":[{"href":"https:\/\/nordic-supreme.com\/da\/wp-json\/wp\/v2\/pages\/24","targetHints":{"allow":["GET"]}}],"collection":[{"href":"https:\/\/nordic-supreme.com\/da\/wp-json\/wp\/v2\/pages"}],"about":[{"href":"https:\/\/nordic-supreme.com\/da\/wp-json\/wp\/v2\/types\/page"}],"author":[{"embeddable":true,"href":"https:\/\/nordic-supreme.com\/da\/wp-json\/wp\/v2\/users\/1"}],"replies":[{"embeddable":true,"href":"https:\/\/nordic-supreme.com\/da\/wp-json\/wp\/v2\/comments?post=24"}],"version-history":[{"count":18,"href":"https:\/\/nordic-supreme.com\/da\/wp-json\/wp\/v2\/pages\/24\/revisions"}],"predecessor-version":[{"id":943,"href":"https:\/\/nordic-supreme.com\/da\/wp-json\/wp\/v2\/pages\/24\/revisions\/943"}],"wp:featuredmedia":[{"embeddable":true,"href":"https:\/\/nordic-supreme.com\/da\/wp-json\/wp\/v2\/media\/346"}],"wp:attachment":[{"href":"https:\/\/nordic-supreme.com\/da\/wp-json\/wp\/v2\/media?parent=24"}],"curies":[{"name":"wp","href":"https:\/\/api.w.org\/{rel}","templated":true}]}}