{"id":22,"date":"2021-03-26T10:01:00","date_gmt":"2021-03-26T10:01:00","guid":{"rendered":"https:\/\/nordic-supreme.com\/?page_id=22"},"modified":"2021-05-31T14:07:27","modified_gmt":"2021-05-31T14:07:27","slug":"legal-cannabis","status":"publish","type":"page","link":"https:\/\/nordic-supreme.com\/da\/legal-cannabis\/","title":{"rendered":"Legal cannabis"},"content":{"rendered":"\r\n<div id=\"headerText-block_60631000f95f9\" class=\"headerText headerTextButton\">\r\n\t<div class=\"container\">\r\n\t\t<div class=\"row\">\r\n\t\t\t<div class=\"col-12 col-lg-10 col-xl-8 offset-lg-1 offset-xl-2\">\r\n\t\t\t\t<div class=\"headerText__content animateText\">\r\n\t\t\t\t\t<h1>Eksperter i legal cannabis genetik<\/h1>\r\n\t\t\t\t\t<div class=\"headerText__content__text\">\r\n\t\t\t\t\t\t\t\t\t\t\t\t\t<div class=\"headerText__content__text__left\">\r\n\t\t\t\t\t\t\t\t<p>Nordic Supreme er en autoriseret og legal for\u00e6dler af cannabis med base i Danmark. Vi har hovedfokus p\u00e5 at udvikle top-performende sorter til professionel dyrkning af cannabis og hamp.<\/p>\n\t\t\t\t\t\t\t<\/div>\r\n\t\t\t\t\t\t\t\t\t\t\t\t\t\t\t\t\t\t\t<div class=\"headerText__content__text__right\">\r\n\t\t\t\t\t\t\t\t<p>Vi udvikler velafpr\u00f8vede og stabile premium sorter, og indsamler solide, databaserede dyrkningsinformationer, s\u00e5 vores r\u00e5dgivning er s\u00e5 god og pr\u00e6cis som muligt. R\u00e5dgivningen tager udgangspunkt i kundens behov, s\u00e5ledes at det er tilpasset de konkrete, relevante dyrkningsforhold og afs\u00e6tningskanaler.<\/p>\n\t\t\t\t\t\t\t<\/div>\r\n\t\t\t\t\t\t\t\t\t\t\t<\/div>\r\n\t\t\t\t\t<a href=\"https:\/\/nordic-supreme.com\/da\/kontakt\/\" target=\"\" class=\"buttonRounded btn\"><span class=\"dot\"><\/span><span class=\"btn__inner\">F\u00e5 professionel sparring<\/span><\/a>\t\t\t\t<\/div>\r\n\t\t\t<\/div>\r\n\t\t<\/div>\r\n\t<\/div>\r\n<\/div>\n\n\r\n<div id=\"imageFull-block_60640ada44665\" class=\"imageFull\">\r\n\t<img data-sizes=\"auto\" data-srcset=\"https:\/\/nordic-supreme.com\/wp-content\/uploads\/Nordic_Supreme_Legal_cannabis-2-1024x374.jpg 640w, https:\/\/nordic-supreme.com\/wp-content\/uploads\/Nordic_Supreme_Legal_cannabis-2-1536x560.jpg 1536w, https:\/\/nordic-supreme.com\/wp-content\/uploads\/Nordic_Supreme_Legal_cannabis-2-1900x693.jpg 1900w\" alt=\"\" class=\"lazyload\" data-expand=\"120\" \/><\/div>\n\n\r\n<div id=\"subscribeBlock-block_60630e61ac377\" class=\"subscribeBlock\">\r\n\t<div class=\"container\">\r\n\t\t<div class=\"row\">\r\n\t\t\t<div class=\"col-12 col-lg-10 col-xl-8 offset-lg-1 offset-xl-2\">\r\n\t\t\t\t<div class=\"subscribe\">\r\n\t\t\t\t\t<form class=\"subscribe__form styleHeading1 animateText\" id='contactForm'>\r\n\t\t\t\t\t\t<h2>Har du brug for professionel sparring?<\/h2>\n\t\t\t\t\t\t<div class=\"inputWrap\">\r\n\t\t\t\t\t\t\t<label for=\"name\">For- og efternavn*<\/label>\r\n\t\t\t\t\t\t\t<input type=\"text\" name='name' id='name' required>\r\n\t\t\t\t\t\t<\/div>\r\n\t\t\t\t\t\t<div class=\"inputWrap\">\r\n\t\t\t\t\t\t\t<label for=\"email\">E-mail*<\/label>\r\n\t\t\t\t\t\t\t<input type=\"text\" name='email' id='email' required>\r\n\t\t\t\t\t\t<\/div>\r\n\t\t\t\t\t\t<div class=\"inputWrap\">\r\n\t\t\t\t\t\t\t<label for=\"firma\">Firma*<\/label>\r\n\t\t\t\t\t\t\t<input type=\"text\" name='firma' id='firma' required>\r\n\t\t\t\t\t\t<\/div>\r\n\t\t\t\t\t\t<div class=\"inputWrap\">\r\n\t\t\t\t\t\t\t<label for=\"Address\">Adresse<\/label>\r\n\t\t\t\t\t\t\t<input type=\"text\" name='Address' id='Address'>\r\n\t\t\t\t\t\t<\/div>\r\n\t\t\t\t\t\t<div class=\"permission\">\r\n\t\t\t\t\t\t\t<svg class=\"inline-svg\">\r\n\t\t\t\t\t\t\t  <symbol id=\"check\" viewBox=\"0 0 12 10\">\r\n\t\t\t\t\t\t\t\t<polyline points=\"1.5 6 4.5 9 10.5 1\"><\/polyline>\r\n\t\t\t\t\t\t\t  <\/symbol>\r\n\t\t\t\t\t\t\t<\/svg>\r\n\t\t\t\t\t\t\t<input class=\"inp-cbx\" id=\"accept\" name='accept' type=\"checkbox\" required>\r\n\t\t\t\t\t\t\t<label class=\"cbx\" for=\"accept\">\r\n\t\t\t\t\t\t\t\t<span>\r\n\t\t\t\t\t\t\t\t\t<svg width=\"12px\" height=\"10px\">\r\n\t\t\t\t\t\t\t\t\t\t<use xlink:href=\"#check\"><\/use>\r\n\t\t\t\t\t\t\t\t\t<\/svg>\r\n\t\t\t\t\t\t\t\t<\/span>\r\n\t\t\t\t\t\t\t\t<span>\r\n\t\t\t\t\t\t\t\t\tJeg accepterer Nordic Supremes <a href='https:\/\/nordic-supreme.com\/persondatapolitik\/' target='_blank'>cookie- og privatlivspolitik<\/a>\t\t\t\t\t\t\t\t<\/span>\r\n\t\t\t\t\t\t\t<\/label>\r\n\t\t\t\t\t\t<\/div>\r\n\t\t\t\t\t\t<div class=\"subscribe__form__button\">\r\n\t\t\t\t\t\t\t<button class=\"buttonRounded btn\"><span class=\"dot\"><\/span><span class=\"btn__inner\">Send<\/span><\/button>\r\n\t\t\t\t\t\t\t<div class=\"subscribe__form__button__message\">Sendt<\/div>\r\n\t\t\t\t\t\t<\/div>\r\n\t\t\t\t\t<\/form>\r\n\t\t\t\t\t<div class=\"subscribe__box\">\r\n\t\t\t\t\t\t<div class=\"subscribe__box__inner\">\r\n\t\t\t\t\t\t\t<h2>Du kan ogs\u00e5 kontakte os direkte<\/h2>\n<p>Kontakt os og h\u00f8r n\u00e6rmere om, hvordan vi kan hj\u00e6lpe dig med at udvikle din forretning<\/p>\n<h4><\/h4>\t\t\t\t\t\t\t\t\t<div class=\"contactWrap\">\r\n\t\t\t\t\t\t\t\t\t\t<div><div class=\"boxImgWrap\"><svg width=\"22px\" height=\"16px\" viewBox=\"0 0 22 16\" version=\"1.1\" xmlns=\"http:\/\/www.w3.org\/2000\/svg\" xmlns:xlink=\"http:\/\/www.w3.org\/1999\/xlink\"> <g id=\"Symbols\" stroke=\"none\" stroke-width=\"1\" fill=\"none\" fill-rule=\"evenodd\"> <g id=\"Contact-form--\/-Hybrid\" transform=\"translate(-1087.000000, -411.000000)\" fill=\"#F4CB64\"> <g id=\"Contact-form\" transform=\"translate(323.000000, -11.000000)\"> <g id=\"Text\" transform=\"translate(759.000000, 159.000000)\"> <g id=\"Tools-\/-Technology-\/-email-\/-24\" transform=\"translate(4.000000, 259.000000)\"> <path d=\"M21,4.5 L3,4.5 C2.17157288,4.5 1.5,5.17157288 1.5,6 L1.5,18 C1.5,18.8284271 2.17157288,19.5 3,19.5 L21,19.5 C21.8284271,19.5 22.5,18.8284271 22.5,18 L22.5,6 C22.5,5.17157288 21.8284271,4.5 21,4.5 Z M19.35,6 L12,11.085 L4.65,6 L19.35,6 Z M3,18 L3,6.6825 L11.5725,12.615 C11.829596,12.7933553 12.170404,12.7933553 12.4275,12.615 L21,6.6825 L21,18 L3,18 Z\" id=\"Fill\"><\/path> <\/g> <\/g> <\/g> <\/g> <\/g> <\/svg><\/div><a href=\"mailto:info@nordic-supreme.com\">info@nordic-supreme.com<\/a><\/div><div><div class=\"boxImgWrap\"><svg width=\"12px\" height=\"20px\" viewBox=\"0 0 12 20\" version=\"1.1\" xmlns=\"http:\/\/www.w3.org\/2000\/svg\" xmlns:xlink=\"http:\/\/www.w3.org\/1999\/xlink\"> <g id=\"Symbols\" stroke=\"none\" stroke-width=\"1\" fill=\"none\" fill-rule=\"evenodd\"> <g id=\"Contact-form--\/-Hybrid\" transform=\"translate(-1092.000000, -441.000000)\" fill=\"#F4CB64\"> <g id=\"Contact-form\" transform=\"translate(323.000000, -11.000000)\"> <g id=\"Text\" transform=\"translate(759.000000, 159.000000)\"> <g id=\"Tools-\/-Technology-\/-email-\/-24-Copy\" transform=\"translate(4.000000, 290.000000)\"> <path d=\"M16.5,3 L7.5,3 C6.67191561,3.00082684 6.00082684,3.67191561 6,4.5 L6,21 C6.00082684,21.8280844 6.67191561,22.4991732 7.5,22.5 L16.5,22.5 C17.3279133,22.4987609 17.9987609,21.8279133 18,21 L18,4.5 C17.9991732,3.67191561 17.3280844,3.00082684 16.5,3 Z M16.5,4.5 L16.5,6 L7.5,6 L7.5,4.5 L16.5,4.5 Z M7.5,21 L7.5,7.5 L16.5,7.5 L16.5,21 L7.5,21 Z\" id=\"Fill\"><\/path> <\/g> <\/g> <\/g> <\/g> <\/g> <\/svg><\/div><a href=\"tel:+45 65 96 29 27\">+45 65 96 29 27<\/a><\/div>\t\t\t\t\t\t\t\t\t<\/div>\r\n\t\t\t\t\t\t\t\t\t\t\t\t\t\t<\/div>\r\n\t\t\t\t\t<\/div>\r\n\t\t\t\t<\/div>\r\n\t\t\t<\/div>\r\n\t\t<\/div>\r\n\t<\/div>\r\n<\/div>","protected":false},"excerpt":{"rendered":"","protected":false},"author":1,"featured_media":318,"parent":0,"menu_order":0,"comment_status":"closed","ping_status":"closed","template":"","meta":{"footnotes":""},"class_list":["post-22","page","type-page","status-publish","has-post-thumbnail","hentry"],"yoast_head":"<!-- This site is optimized with the Yoast SEO plugin v17.3 - https:\/\/yoast.com\/wordpress\/plugins\/seo\/ -->\n<title>Legal cannabis - Nordic Supreme<\/title>\n<meta name=\"description\" content=\"Nordic Supreme er en autoriseret og legal for\u00e6dler af cannabis med base i Danmark. Vi har hovedfokus p\u00e5 at udvikle top-performende sorter til professionel dyrkning af cannabis og hamp.\" \/>\n<meta name=\"robots\" content=\"index, follow, max-snippet:-1, max-image-preview:large, max-video-preview:-1\" \/>\n<link rel=\"canonical\" href=\"https:\/\/nordic-supreme.com\/da\/legal-cannabis\/\" \/>\n<meta property=\"og:locale\" content=\"da_DK\" \/>\n<meta property=\"og:type\" content=\"article\" \/>\n<meta property=\"og:title\" content=\"Legal cannabis - Nordic Supreme\" \/>\n<meta property=\"og:description\" content=\"Nordic Supreme er en autoriseret og legal for\u00e6dler af cannabis med base i Danmark. Vi har hovedfokus p\u00e5 at udvikle top-performende sorter til professionel dyrkning af cannabis og hamp.\" \/>\n<meta property=\"og:url\" content=\"https:\/\/nordic-supreme.com\/da\/legal-cannabis\/\" \/>\n<meta property=\"og:site_name\" content=\"Nordic Supreme\" \/>\n<meta property=\"article:modified_time\" content=\"2021-05-31T14:07:27+00:00\" \/>\n<meta property=\"og:image\" content=\"https:\/\/nordic-supreme.com\/wp-content\/uploads\/NS-13.jpg\" \/>\n\t<meta property=\"og:image:width\" content=\"1469\" \/>\n\t<meta property=\"og:image:height\" content=\"2200\" \/>\n<meta name=\"twitter:card\" content=\"summary_large_image\" \/>\n<script type=\"application\/ld+json\" class=\"yoast-schema-graph\">{\"@context\":\"https:\/\/schema.org\",\"@graph\":[{\"@type\":\"WebSite\",\"@id\":\"https:\/\/nordic-supreme.com\/#website\",\"url\":\"https:\/\/nordic-supreme.com\/\",\"name\":\"Nordic Supreme\",\"description\":\"Professionel sparring til cannabis genetik\",\"potentialAction\":[{\"@type\":\"SearchAction\",\"target\":{\"@type\":\"EntryPoint\",\"urlTemplate\":\"https:\/\/nordic-supreme.com\/?s={search_term_string}\"},\"query-input\":\"required name=search_term_string\"}],\"inLanguage\":\"da-DK\"},{\"@type\":\"ImageObject\",\"@id\":\"https:\/\/nordic-supreme.com\/da\/legal-cannabis\/#primaryimage\",\"inLanguage\":\"da-DK\",\"url\":\"https:\/\/nordic-supreme.com\/wp-content\/uploads\/NS-13.jpg\",\"contentUrl\":\"https:\/\/nordic-supreme.com\/wp-content\/uploads\/NS-13.jpg\",\"width\":1469,\"height\":2200},{\"@type\":\"WebPage\",\"@id\":\"https:\/\/nordic-supreme.com\/da\/legal-cannabis\/#webpage\",\"url\":\"https:\/\/nordic-supreme.com\/da\/legal-cannabis\/\",\"name\":\"Legal cannabis - Nordic Supreme\",\"isPartOf\":{\"@id\":\"https:\/\/nordic-supreme.com\/#website\"},\"primaryImageOfPage\":{\"@id\":\"https:\/\/nordic-supreme.com\/da\/legal-cannabis\/#primaryimage\"},\"datePublished\":\"2021-03-26T10:01:00+00:00\",\"dateModified\":\"2021-05-31T14:07:27+00:00\",\"description\":\"Nordic Supreme er en autoriseret og legal for\\u00e6dler af cannabis med base i Danmark. Vi har hovedfokus p\\u00e5 at udvikle top-performende sorter til professionel dyrkning af cannabis og hamp.\",\"breadcrumb\":{\"@id\":\"https:\/\/nordic-supreme.com\/da\/legal-cannabis\/#breadcrumb\"},\"inLanguage\":\"da-DK\",\"potentialAction\":[{\"@type\":\"ReadAction\",\"target\":[\"https:\/\/nordic-supreme.com\/da\/legal-cannabis\/\"]}]},{\"@type\":\"BreadcrumbList\",\"@id\":\"https:\/\/nordic-supreme.com\/da\/legal-cannabis\/#breadcrumb\",\"itemListElement\":[{\"@type\":\"ListItem\",\"position\":1,\"name\":\"Home\",\"item\":\"https:\/\/nordic-supreme.com\/da\/\"},{\"@type\":\"ListItem\",\"position\":2,\"name\":\"Legal cannabis\"}]}]}<\/script>\n<!-- \/ Yoast SEO plugin. -->","yoast_head_json":{"title":"Legal cannabis - Nordic Supreme","description":"Nordic Supreme er en autoriseret og legal for\u00e6dler af cannabis med base i Danmark. Vi har hovedfokus p\u00e5 at udvikle top-performende sorter til professionel dyrkning af cannabis og hamp.","robots":{"index":"index","follow":"follow","max-snippet":"max-snippet:-1","max-image-preview":"max-image-preview:large","max-video-preview":"max-video-preview:-1"},"canonical":"https:\/\/nordic-supreme.com\/da\/legal-cannabis\/","og_locale":"da_DK","og_type":"article","og_title":"Legal cannabis - Nordic Supreme","og_description":"Nordic Supreme er en autoriseret og legal for\u00e6dler af cannabis med base i Danmark. Vi har hovedfokus p\u00e5 at udvikle top-performende sorter til professionel dyrkning af cannabis og hamp.","og_url":"https:\/\/nordic-supreme.com\/da\/legal-cannabis\/","og_site_name":"Nordic Supreme","article_modified_time":"2021-05-31T14:07:27+00:00","og_image":[{"width":1469,"height":2200,"url":"https:\/\/nordic-supreme.com\/wp-content\/uploads\/NS-13.jpg","type":"image\/jpeg"}],"twitter_card":"summary_large_image","schema":{"@context":"https:\/\/schema.org","@graph":[{"@type":"WebSite","@id":"https:\/\/nordic-supreme.com\/#website","url":"https:\/\/nordic-supreme.com\/","name":"Nordic Supreme","description":"Professionel sparring til cannabis genetik","potentialAction":[{"@type":"SearchAction","target":{"@type":"EntryPoint","urlTemplate":"https:\/\/nordic-supreme.com\/?s={search_term_string}"},"query-input":"required name=search_term_string"}],"inLanguage":"da-DK"},{"@type":"ImageObject","@id":"https:\/\/nordic-supreme.com\/da\/legal-cannabis\/#primaryimage","inLanguage":"da-DK","url":"https:\/\/nordic-supreme.com\/wp-content\/uploads\/NS-13.jpg","contentUrl":"https:\/\/nordic-supreme.com\/wp-content\/uploads\/NS-13.jpg","width":1469,"height":2200},{"@type":"WebPage","@id":"https:\/\/nordic-supreme.com\/da\/legal-cannabis\/#webpage","url":"https:\/\/nordic-supreme.com\/da\/legal-cannabis\/","name":"Legal cannabis - Nordic Supreme","isPartOf":{"@id":"https:\/\/nordic-supreme.com\/#website"},"primaryImageOfPage":{"@id":"https:\/\/nordic-supreme.com\/da\/legal-cannabis\/#primaryimage"},"datePublished":"2021-03-26T10:01:00+00:00","dateModified":"2021-05-31T14:07:27+00:00","description":"Nordic Supreme er en autoriseret og legal for\u00e6dler af cannabis med base i Danmark. Vi har hovedfokus p\u00e5 at udvikle top-performende sorter til professionel dyrkning af cannabis og hamp.","breadcrumb":{"@id":"https:\/\/nordic-supreme.com\/da\/legal-cannabis\/#breadcrumb"},"inLanguage":"da-DK","potentialAction":[{"@type":"ReadAction","target":["https:\/\/nordic-supreme.com\/da\/legal-cannabis\/"]}]},{"@type":"BreadcrumbList","@id":"https:\/\/nordic-supreme.com\/da\/legal-cannabis\/#breadcrumb","itemListElement":[{"@type":"ListItem","position":1,"name":"Home","item":"https:\/\/nordic-supreme.com\/da\/"},{"@type":"ListItem","position":2,"name":"Legal cannabis"}]}]}},"_links":{"self":[{"href":"https:\/\/nordic-supreme.com\/da\/wp-json\/wp\/v2\/pages\/22","targetHints":{"allow":["GET"]}}],"collection":[{"href":"https:\/\/nordic-supreme.com\/da\/wp-json\/wp\/v2\/pages"}],"about":[{"href":"https:\/\/nordic-supreme.com\/da\/wp-json\/wp\/v2\/types\/page"}],"author":[{"embeddable":true,"href":"https:\/\/nordic-supreme.com\/da\/wp-json\/wp\/v2\/users\/1"}],"replies":[{"embeddable":true,"href":"https:\/\/nordic-supreme.com\/da\/wp-json\/wp\/v2\/comments?post=22"}],"version-history":[{"count":18,"href":"https:\/\/nordic-supreme.com\/da\/wp-json\/wp\/v2\/pages\/22\/revisions"}],"predecessor-version":[{"id":1016,"href":"https:\/\/nordic-supreme.com\/da\/wp-json\/wp\/v2\/pages\/22\/revisions\/1016"}],"wp:featuredmedia":[{"embeddable":true,"href":"https:\/\/nordic-supreme.com\/da\/wp-json\/wp\/v2\/media\/318"}],"wp:attachment":[{"href":"https:\/\/nordic-supreme.com\/da\/wp-json\/wp\/v2\/media?parent=22"}],"curies":[{"name":"wp","href":"https:\/\/api.w.org\/{rel}","templated":true}]}}